{"id":9992,"date":"2022-12-15T21:49:48","date_gmt":"2022-12-15T21:49:48","guid":{"rendered":"https:\/\/triplex.com.bo\/?post_type=product&#038;p=9992"},"modified":"2026-03-04T19:43:02","modified_gmt":"2026-03-04T23:43:02","slug":"aspiradora-1800w-electrolux-eqp20","status":"publish","type":"product","link":"https:\/\/triplex.com.bo\/index.php\/product\/aspiradora-1800w-electrolux-eqp20\/","title":{"rendered":"ASPIRADORA 1800W ELECTROLUX EQP20 C\/BOLSA"},"content":{"rendered":"<p>\u00abLa Aspiradora EQP20 Electrolux:<\/p>\n<p>1800W de potencia: Super potente y extremadamente eficiente. Potencia de sobra para cualquier tipo de suciedad.<\/p>\n<p>Alcance Total de 6,5m: Mayor practicidad y autonom\u00eda, sin la necesidad de cambiar de tomas a todo instante.<\/p>\n<p>Capacidad para 3L de polvo: Aspira m\u00e1s suciedad en un solo saco colector de polvo, permitiendo mucho m\u00e1s tiempo de uso.<\/p>\n<p>Compartimiento para accesorios en el cuerpo del aspirador: Accesorios siempre disponibles a su alcance, para un cambio r\u00e1pido y una limpieza a\u00fan m\u00e1s f\u00e1cil y completa.<\/p>\n<p>Conjunto Completo de Accesorios: Boquilla para pisos, boquilla cepillo para tapizados y boquilla para esquinas \/ ranuras. Cada accesorio ideal para un determinado tipo de limpieza.<\/p>\n<p>Control de succi\u00f3n: Es posible controlar la succi\u00f3n de la manguera de acuerdo con el piso a ser aspirado, evitando desperdicio de energ\u00eda.<\/p>\n<p>Enrollador autom\u00e1tico de cable el\u00e9ctrico: Con un simple toque, guarda el cable el\u00e9ctrico con facilidad y practicidad, manteni\u00e9ndolo siempre seguro.<\/p>\n<p>HEPA: Sistema de triple filtro con filtro HEPA que garantiza la remoci\u00f3n de hasta 99,9% de las impurezas, \u00e1caros y hongos del ambiente.<\/p>\n<p>Indicador de cambio del saco colector de polvo: Dispositivo que cambia de color y avisa cuando el saco colector de polvo debe ser reemplazado, manteniendo el m\u00e1ximo poder de succi\u00f3n y la eficiencia del aspirador.<\/p>\n<p>Regulaci\u00f3n de potencia: La potencia se puede ajustar f\u00e1cilmente seg\u00fan el piso o la superficie que se aspira, sin da\u00f1arlos.<\/p>\n<p>Soporte para manguera: Evita que la manguera del aspirador quede tirada por el suelo de la casa, manteniendo el aspirador siempre listo para su uso.<\/p>\n<p>Tubo prolongador telesc\u00f3pico: Hecho de metal, es m\u00e1s pr\u00e1ctico, ergon\u00f3mico y resistente, ofreciendo una mejor usabilidad y durabilidad del producto.<\/p>\n<p>Caracter\u00edsticas:<br \/>\nCapacidad del recipiente: 3 L<br \/>\nLongitud del cable de alimentaci\u00f3n: 3.5 m<br \/>\nColor: Azul<br \/>\nFrecuencia: 50 \/ 60 Hz<\/p>\n<p>Dimensiones del producto (Alto X Ancho X Profundo):<br \/>\n41 x 29 x 23\u00bb<\/p>\n","protected":false},"excerpt":{"rendered":"<p>ASPIRADORA 1800W ELECTROLUX EQP20<\/p>\n","protected":false},"featured_media":9993,"comment_status":"open","ping_status":"closed","template":"","meta":{"_acf_changed":false},"pwb-brand":[207],"product_brand":[],"product_cat":[158,157,209],"product_tag":[],"class_list":{"0":"post-9992","1":"product","2":"type-product","3":"status-publish","4":"has-post-thumbnail","6":"pwb-brand-electrolux","7":"product_cat-electromenor-aspiradoras","8":"product_cat-electromenor","9":"product_cat-ofertas-especiales","11":"first","12":"instock","13":"sale","14":"shipping-taxable","15":"purchasable","16":"product-type-simple"},"acf":[],"brands":[{"id":207,"name":"Electrolux","slug":"electrolux"}],"_links":{"self":[{"href":"https:\/\/triplex.com.bo\/index.php\/wp-json\/wp\/v2\/product\/9992","targetHints":{"allow":["GET"]}}],"collection":[{"href":"https:\/\/triplex.com.bo\/index.php\/wp-json\/wp\/v2\/product"}],"about":[{"href":"https:\/\/triplex.com.bo\/index.php\/wp-json\/wp\/v2\/types\/product"}],"replies":[{"embeddable":true,"href":"https:\/\/triplex.com.bo\/index.php\/wp-json\/wp\/v2\/comments?post=9992"}],"wp:featuredmedia":[{"embeddable":true,"href":"https:\/\/triplex.com.bo\/index.php\/wp-json\/wp\/v2\/media\/9993"}],"wp:attachment":[{"href":"https:\/\/triplex.com.bo\/index.php\/wp-json\/wp\/v2\/media?parent=9992"}],"wp:term":[{"taxonomy":"pwb-brand","embeddable":true,"href":"https:\/\/triplex.com.bo\/index.php\/wp-json\/wp\/v2\/pwb-brand?post=9992"},{"taxonomy":"product_brand","embeddable":true,"href":"https:\/\/triplex.com.bo\/index.php\/wp-json\/wp\/v2\/product_brand?post=9992"},{"taxonomy":"product_cat","embeddable":true,"href":"https:\/\/triplex.com.bo\/index.php\/wp-json\/wp\/v2\/product_cat?post=9992"},{"taxonomy":"product_tag","embeddable":true,"href":"https:\/\/triplex.com.bo\/index.php\/wp-json\/wp\/v2\/product_tag?post=9992"}],"curies":[{"name":"wp","href":"https:\/\/api.w.org\/{rel}","templated":true}]}}