{"id":9989,"date":"2022-12-15T21:43:27","date_gmt":"2022-12-15T21:43:27","guid":{"rendered":"https:\/\/triplex.com.bo\/?post_type=product&#038;p=9989"},"modified":"2026-03-04T19:42:21","modified_gmt":"2026-03-04T23:42:21","slug":"aspiradora-1600w-electrolux-eqp10","status":"publish","type":"product","link":"https:\/\/triplex.com.bo\/index.php\/product\/aspiradora-1600w-electrolux-eqp10\/","title":{"rendered":"ASPIRADORA 1600W EQP10 C\/BOLSA ELECTROLUX"},"content":{"rendered":"<p>\u00abAspiradora EQP10, alto poder de succi\u00f3n con motor de 1600W, accesorios varios para facilitar las tareas en tu hogar (boquilla para rincones, tapizado), cable de 3,5 metros para llegar a cualquier parte, y compartimiento con capacidad de 3 litros. Lleva la limpieza de tu casa a otro nivel!<br \/>\nRegulador de potencia, ajusta el nivel ideal para cada tipo de limpieza. Permite la aspiraci\u00f3n de todas las superficies sin da\u00f1arlas, tambi\u00e9n ayudando con el ahorro de energ\u00eda.<br \/>\nAccesorios a bordo, compartimiento para guardar todas las boquillas en el frente del equipo. Cambia los mismos en el momento de forma f\u00e1cil y r\u00e1pida.<br \/>\nRadio de acci\u00f3n de 6,5 metros, mayor comodidad dado su largo alcance, llega a cualquier parte sin necesidad de cambiar de tomacorriente.<br \/>\nTubo telesc\u00f3pico de 1,5 metros, permite trabajar desde una posici\u00f3n c\u00f3moda y alcanzar lugares dif\u00edciles.<\/p>\n<p>Tipo Aspiradora con Bolsa<br \/>\nModelo EQP10<br \/>\nReferencia 3010CKG2401<br \/>\nColor Rojo<br \/>\nPotencia en W 1600<br \/>\nPotencia de Succi\u00f3n W 210<br \/>\nCapacidad para solidos Lt 3 Lt<br \/>\nCapacidad para liquidos Lt N\/A<br \/>\nRadio de Alcance 7 mts\u00bb<\/p>\n","protected":false},"excerpt":{"rendered":"<p>ASPIRADORA 1600W ELECTROLUX EQP10<\/p>\n","protected":false},"featured_media":9990,"comment_status":"open","ping_status":"closed","template":"","meta":{"_acf_changed":false},"pwb-brand":[207],"product_brand":[],"product_cat":[158,157,209],"product_tag":[],"class_list":{"0":"post-9989","1":"product","2":"type-product","3":"status-publish","4":"has-post-thumbnail","6":"pwb-brand-electrolux","7":"product_cat-electromenor-aspiradoras","8":"product_cat-electromenor","9":"product_cat-ofertas-especiales","11":"first","12":"instock","13":"sale","14":"shipping-taxable","15":"purchasable","16":"product-type-simple"},"acf":[],"brands":[{"id":207,"name":"Electrolux","slug":"electrolux"}],"_links":{"self":[{"href":"https:\/\/triplex.com.bo\/index.php\/wp-json\/wp\/v2\/product\/9989","targetHints":{"allow":["GET"]}}],"collection":[{"href":"https:\/\/triplex.com.bo\/index.php\/wp-json\/wp\/v2\/product"}],"about":[{"href":"https:\/\/triplex.com.bo\/index.php\/wp-json\/wp\/v2\/types\/product"}],"replies":[{"embeddable":true,"href":"https:\/\/triplex.com.bo\/index.php\/wp-json\/wp\/v2\/comments?post=9989"}],"wp:featuredmedia":[{"embeddable":true,"href":"https:\/\/triplex.com.bo\/index.php\/wp-json\/wp\/v2\/media\/9990"}],"wp:attachment":[{"href":"https:\/\/triplex.com.bo\/index.php\/wp-json\/wp\/v2\/media?parent=9989"}],"wp:term":[{"taxonomy":"pwb-brand","embeddable":true,"href":"https:\/\/triplex.com.bo\/index.php\/wp-json\/wp\/v2\/pwb-brand?post=9989"},{"taxonomy":"product_brand","embeddable":true,"href":"https:\/\/triplex.com.bo\/index.php\/wp-json\/wp\/v2\/product_brand?post=9989"},{"taxonomy":"product_cat","embeddable":true,"href":"https:\/\/triplex.com.bo\/index.php\/wp-json\/wp\/v2\/product_cat?post=9989"},{"taxonomy":"product_tag","embeddable":true,"href":"https:\/\/triplex.com.bo\/index.php\/wp-json\/wp\/v2\/product_tag?post=9989"}],"curies":[{"name":"wp","href":"https:\/\/api.w.org\/{rel}","templated":true}]}}