{"id":9945,"date":"2022-12-15T16:37:02","date_gmt":"2022-12-15T16:37:02","guid":{"rendered":"https:\/\/triplex.com.bo\/?post_type=product&#038;p=9945"},"modified":"2024-04-18T19:43:05","modified_gmt":"2024-04-18T19:43:05","slug":"lavadora-y-centrifugadora-11-kg-electrolux-blanca","status":"publish","type":"product","link":"https:\/\/triplex.com.bo\/index.php\/product\/lavadora-y-centrifugadora-11-kg-electrolux-blanca\/","title":{"rendered":"LAVADORA Y CENTRIFUGADORA 11 KG ELECTROLUX BLANCA"},"content":{"rendered":"<p>La Lavadora Electrolux EWTB12M3FBURW 12 kg, es una lavadora semiautom\u00e1tica (manual), de lavado din\u00e1mico con expulsiones constantes de agua en forma de spray permiten drenar mejor el detergente y facilitar su limpieza de manera muy eficiente. Posee un motor de lavado con doble tanque, el uno de lavado y el otro de centrifugado. Su tama\u00f1o vers\u00e1til permite colocarla en cualquier espacio por su singular medida, m\u00f3dica para espacios peque\u00f1os.<br \/>\nCaracter\u00edsticas Generales<br \/>\n3 programas de lavado Filtro atrapa pelusas Timer Tiempo de lavado 15\u2019 Tiempo de centrifugado 5\u2019 3 niveles de agua<br \/>\nCapacidad Total (Kg)<br \/>\n12<br \/>\nN\u00famero De Programas<br \/>\n3<br \/>\nRotaci\u00f3n (RPM)<br \/>\n930<br \/>\nPeso (Kg) Del Producto<br \/>\n27<br \/>\nMaterial Del Cesto<br \/>\nPolipropileno<br \/>\nColor<br \/>\nBlanco<br \/>\nAlto X Ancho X Prof. (Mm)<br \/>\n1010x875x500<\/p>\n","protected":false},"excerpt":{"rendered":"<p>Lavadora y Secadora Twin 12 kgrs Electrolux<\/p>\n","protected":false},"featured_media":9946,"comment_status":"open","ping_status":"closed","template":"","meta":{"_acf_changed":false},"pwb-brand":[207],"product_brand":[],"product_cat":[191,189],"product_tag":[],"class_list":{"0":"post-9945","1":"product","2":"type-product","3":"status-publish","4":"has-post-thumbnail","6":"pwb-brand-electrolux","7":"product_cat-lavanderia-lavadoras","8":"product_cat-lavadoras-y-secadores","10":"first","11":"outofstock","12":"shipping-taxable","13":"purchasable","14":"product-type-simple"},"acf":[],"brands":[{"id":207,"name":"Electrolux","slug":"electrolux"}],"_links":{"self":[{"href":"https:\/\/triplex.com.bo\/index.php\/wp-json\/wp\/v2\/product\/9945","targetHints":{"allow":["GET"]}}],"collection":[{"href":"https:\/\/triplex.com.bo\/index.php\/wp-json\/wp\/v2\/product"}],"about":[{"href":"https:\/\/triplex.com.bo\/index.php\/wp-json\/wp\/v2\/types\/product"}],"replies":[{"embeddable":true,"href":"https:\/\/triplex.com.bo\/index.php\/wp-json\/wp\/v2\/comments?post=9945"}],"wp:featuredmedia":[{"embeddable":true,"href":"https:\/\/triplex.com.bo\/index.php\/wp-json\/wp\/v2\/media\/9946"}],"wp:attachment":[{"href":"https:\/\/triplex.com.bo\/index.php\/wp-json\/wp\/v2\/media?parent=9945"}],"wp:term":[{"taxonomy":"pwb-brand","embeddable":true,"href":"https:\/\/triplex.com.bo\/index.php\/wp-json\/wp\/v2\/pwb-brand?post=9945"},{"taxonomy":"product_brand","embeddable":true,"href":"https:\/\/triplex.com.bo\/index.php\/wp-json\/wp\/v2\/product_brand?post=9945"},{"taxonomy":"product_cat","embeddable":true,"href":"https:\/\/triplex.com.bo\/index.php\/wp-json\/wp\/v2\/product_cat?post=9945"},{"taxonomy":"product_tag","embeddable":true,"href":"https:\/\/triplex.com.bo\/index.php\/wp-json\/wp\/v2\/product_tag?post=9945"}],"curies":[{"name":"wp","href":"https:\/\/api.w.org\/{rel}","templated":true}]}}