{"id":9884,"date":"2022-12-15T11:56:35","date_gmt":"2022-12-15T11:56:35","guid":{"rendered":"https:\/\/triplex.com.bo\/?post_type=product&#038;p=9884"},"modified":"2025-07-24T23:05:16","modified_gmt":"2025-07-25T03:05:16","slug":"cocina-encim-gas-vidrio-white-westinghouse","status":"publish","type":"product","link":"https:\/\/triplex.com.bo\/index.php\/product\/cocina-encim-gas-vidrio-white-westinghouse\/","title":{"rendered":"COCINA ENCIMERA A GAS VIDRIO WHITE WESTINGHOUSE"},"content":{"rendered":"<p>&#8211; F\u00e1cil limpieza<br \/>\n&#8211; Encendido el\u00e9ctrico<br \/>\n&#8211; Parrillas esmaltadas<br \/>\n&#8211; Quemadores sellados<br \/>\n&#8211; Tecnolog\u00eda americana<br \/>\n&#8211; Dise\u00f1o elegante y duradero<br \/>\n&#8211; Superficie de vidrio templado<br \/>\n&#8211; 4 quemadores + 1 de triple llama<br \/>\n&#8211; Tecnolog\u00eda de quemado eficiente<br \/>\n&#8211; Predispuesta a gas de garrafa (Glp) + kit de conversi\u00f3n para gas natural (Gnc)<br \/>\n&#8211; Encendido el\u00e9ctrico s\u00faper autom\u00e1tico: pr\u00e1ctico sistema que permite encender la cocina con tan solo girar la perilla<br \/>\n&#8211; V\u00e1lvula de seguridad anti fuga: interrumpe el suministro de gas si la llama se apaga accidentalmente, la misma no necesita energ\u00eda el\u00e9ctrica para funcionar<br \/>\n&#8211; Medidas del producto: Alto 7,1 cm. Ancho 70,5 cm. Largo 46,5 cm.<br \/>\n&#8211; Dimensiones aproximadas del cuerpo que va empotrado: Alto 6 cm. Ancho 59,8 cm. Largo 34 cm.<br \/>\nESPECIFICACIONES T\u00c9CNICAS:<br \/>\n\u2013 \u2014 \u2013 \u2014 \u2013 \u2014 \u2013 \u2014 \u2013 \u2014 \u2013 \u2014 \u2013 \u2014 \u2013 \u2014 \u2013 \u2014<br \/>\n&#8211; Corriente: 110-220V\/ 50-60 Hz<br \/>\n&#8211; Peso neto: 10,5 kg<\/p>\n","protected":false},"excerpt":{"rendered":"<p>COCINA A GAS DE EMPOTRAR WHITE WESTINGHOUSE<\/p>\n","protected":false},"featured_media":14980,"comment_status":"open","ping_status":"closed","template":"","meta":{"_acf_changed":false},"pwb-brand":[208],"product_brand":[],"product_cat":[156,140],"product_tag":[],"class_list":{"0":"post-9884","1":"product","2":"type-product","3":"status-publish","4":"has-post-thumbnail","6":"pwb-brand-white-westinghouse","7":"product_cat-cocinas-empotrables","8":"product_cat-cocinas","10":"first","11":"outofstock","12":"shipping-taxable","13":"purchasable","14":"product-type-simple"},"acf":[],"brands":[{"id":208,"name":"White-Westinghousesss","slug":"white-westinghouse"}],"_links":{"self":[{"href":"https:\/\/triplex.com.bo\/index.php\/wp-json\/wp\/v2\/product\/9884","targetHints":{"allow":["GET"]}}],"collection":[{"href":"https:\/\/triplex.com.bo\/index.php\/wp-json\/wp\/v2\/product"}],"about":[{"href":"https:\/\/triplex.com.bo\/index.php\/wp-json\/wp\/v2\/types\/product"}],"replies":[{"embeddable":true,"href":"https:\/\/triplex.com.bo\/index.php\/wp-json\/wp\/v2\/comments?post=9884"}],"wp:featuredmedia":[{"embeddable":true,"href":"https:\/\/triplex.com.bo\/index.php\/wp-json\/wp\/v2\/media\/14980"}],"wp:attachment":[{"href":"https:\/\/triplex.com.bo\/index.php\/wp-json\/wp\/v2\/media?parent=9884"}],"wp:term":[{"taxonomy":"pwb-brand","embeddable":true,"href":"https:\/\/triplex.com.bo\/index.php\/wp-json\/wp\/v2\/pwb-brand?post=9884"},{"taxonomy":"product_brand","embeddable":true,"href":"https:\/\/triplex.com.bo\/index.php\/wp-json\/wp\/v2\/product_brand?post=9884"},{"taxonomy":"product_cat","embeddable":true,"href":"https:\/\/triplex.com.bo\/index.php\/wp-json\/wp\/v2\/product_cat?post=9884"},{"taxonomy":"product_tag","embeddable":true,"href":"https:\/\/triplex.com.bo\/index.php\/wp-json\/wp\/v2\/product_tag?post=9884"}],"curies":[{"name":"wp","href":"https:\/\/api.w.org\/{rel}","templated":true}]}}