{"id":9865,"date":"2022-12-15T11:06:43","date_gmt":"2022-12-15T11:06:43","guid":{"rendered":"https:\/\/triplex.com.bo\/?post_type=product&#038;p=9865"},"modified":"2025-10-07T12:02:09","modified_gmt":"2025-10-07T16:02:09","slug":"freidora-de-aire-cadence-2-6ltrs","status":"publish","type":"product","link":"https:\/\/triplex.com.bo\/index.php\/product\/freidora-de-aire-cadence-2-6ltrs\/","title":{"rendered":"FREIDORA DE AIRE CADENCE 2.6 LTS"},"content":{"rendered":"<p>Consumo (kW \/ h)<br \/>\n1,25<br \/>\nPotencia (W)<br \/>\n1250<br \/>\nCapacidad<br \/>\n2.6<br \/>\nEspecificaciones<br \/>\nModelo: FRT525 &#8211; Voltaje: 220V &#8211; Color: Negro &#8211; Tipo: Sin aceite &#8211; Potencia: 1250 Watts &#8211; Capacidad cesta: 2,6 litros &#8211; Temporizador: S\u00ed, 30 minutos &#8211; Control de temperatura: S\u00ed, con 7 opciones de ajuste &#8211; Consumo energ\u00e9tico: 1,25 kW \/ h<br \/>\nQu\u00e9 contiene la caja<br \/>\n01 Freidora de cadencia &#8211; 01 Manual<br \/>\nDimensiones (cm) H x W x D<br \/>\n31,50 x 26 x 32,50<br \/>\nPeso (kilogramo)<br \/>\n3,60<\/p>\n","protected":false},"excerpt":{"rendered":"<p>FREIDORA DE AIRE CADENCE 2.6LTRS<\/p>\n","protected":false},"featured_media":11682,"comment_status":"open","ping_status":"closed","template":"","meta":{"_acf_changed":false},"pwb-brand":[362],"product_brand":[],"product_cat":[157,166],"product_tag":[],"class_list":{"0":"post-9865","1":"product","2":"type-product","3":"status-publish","4":"has-post-thumbnail","6":"pwb-brand-candence","7":"product_cat-electromenor","8":"product_cat-freidoras","10":"first","11":"instock","12":"shipping-taxable","13":"purchasable","14":"product-type-simple"},"acf":[],"brands":[{"id":362,"name":"CANDENCE","slug":"candence"}],"_links":{"self":[{"href":"https:\/\/triplex.com.bo\/index.php\/wp-json\/wp\/v2\/product\/9865","targetHints":{"allow":["GET"]}}],"collection":[{"href":"https:\/\/triplex.com.bo\/index.php\/wp-json\/wp\/v2\/product"}],"about":[{"href":"https:\/\/triplex.com.bo\/index.php\/wp-json\/wp\/v2\/types\/product"}],"replies":[{"embeddable":true,"href":"https:\/\/triplex.com.bo\/index.php\/wp-json\/wp\/v2\/comments?post=9865"}],"wp:featuredmedia":[{"embeddable":true,"href":"https:\/\/triplex.com.bo\/index.php\/wp-json\/wp\/v2\/media\/11682"}],"wp:attachment":[{"href":"https:\/\/triplex.com.bo\/index.php\/wp-json\/wp\/v2\/media?parent=9865"}],"wp:term":[{"taxonomy":"pwb-brand","embeddable":true,"href":"https:\/\/triplex.com.bo\/index.php\/wp-json\/wp\/v2\/pwb-brand?post=9865"},{"taxonomy":"product_brand","embeddable":true,"href":"https:\/\/triplex.com.bo\/index.php\/wp-json\/wp\/v2\/product_brand?post=9865"},{"taxonomy":"product_cat","embeddable":true,"href":"https:\/\/triplex.com.bo\/index.php\/wp-json\/wp\/v2\/product_cat?post=9865"},{"taxonomy":"product_tag","embeddable":true,"href":"https:\/\/triplex.com.bo\/index.php\/wp-json\/wp\/v2\/product_tag?post=9865"}],"curies":[{"name":"wp","href":"https:\/\/api.w.org\/{rel}","templated":true}]}}