{"id":9837,"date":"2022-12-15T03:29:45","date_gmt":"2022-12-15T03:29:45","guid":{"rendered":"https:\/\/triplex.com.bo\/?post_type=product&#038;p=9837"},"modified":"2025-03-21T16:29:14","modified_gmt":"2025-03-21T20:29:14","slug":"reproductor-dvd-y-bluray-sony-s3500","status":"publish","type":"product","link":"https:\/\/triplex.com.bo\/index.php\/product\/reproductor-dvd-y-bluray-sony-s3500\/","title":{"rendered":"REPRODUCTOR DVD Y BLURAY SONY S3500"},"content":{"rendered":"<p>\u00abTransmite y explora f\u00e1cilmente gracias al BDP-S3500, un reproductor de Blu-ray Disc\u2122 optimizado con Wi-Fi\u00ae, con el que podr\u00e1s ver perfectamente programas y contenido multimedia en l\u00ednea en Full HD. Explora el contenido m\u00f3vil en tu televisi\u00f3n gracias al duplicado de pantalla y aprende m\u00e1s acerca de tus programas de TV gracias a TV SideView, una aplicaci\u00f3n que tambi\u00e9n te permite controlar de forma remota el reproductor con tu dispositivo m\u00f3vil.<br \/>\nTransmite sin cables desde una variedad de proveedores de entretenimiento en l\u00ednea 1<br \/>\nDisfruta de la conexi\u00f3n de Wi-Fi r\u00e1pida y estable, incluso al transmitir en HD<br \/>\nMira el contenido del smartphone con la funci\u00f3n de duplicado de pantalla<br \/>\nArranca en menos de un segundo con el modo de inicio superr\u00e1pido<br \/>\nSimplifica las cosas con la nueva interfaz f\u00e1cil de utilizar<br \/>\nREPRODUCCI\u00d3N<br \/>\nS\u00ed<br \/>\nTERMINALES DE ENTRADA Y SALIDA<br \/>\nSalida HDMI (1 posterior), salida de audio coaxial (1 posterior), entrada USB (1 frontal), conexi\u00f3n Ethernet (1 posterior)<br \/>\nWI-FI\u00ae INTEGRADA<br \/>\nS\u00cd (2,4 GHz)\u00bb<\/p>\n","protected":false},"excerpt":{"rendered":"<p>REPRODUCTOR DVD Y BLURAY SONY S3500<\/p>\n","protected":false},"featured_media":9838,"comment_status":"open","ping_status":"closed","template":"","meta":{"_acf_changed":false},"pwb-brand":[224],"product_brand":[],"product_cat":[176,284],"product_tag":[],"class_list":{"0":"post-9837","1":"product","2":"type-product","3":"status-publish","4":"has-post-thumbnail","6":"pwb-brand-sony","7":"product_cat-reproductores","8":"product_cat-tv","10":"first","11":"outofstock","12":"shipping-taxable","13":"purchasable","14":"product-type-simple"},"acf":[],"brands":[{"id":224,"name":"SONY","slug":"sony"}],"_links":{"self":[{"href":"https:\/\/triplex.com.bo\/index.php\/wp-json\/wp\/v2\/product\/9837","targetHints":{"allow":["GET"]}}],"collection":[{"href":"https:\/\/triplex.com.bo\/index.php\/wp-json\/wp\/v2\/product"}],"about":[{"href":"https:\/\/triplex.com.bo\/index.php\/wp-json\/wp\/v2\/types\/product"}],"replies":[{"embeddable":true,"href":"https:\/\/triplex.com.bo\/index.php\/wp-json\/wp\/v2\/comments?post=9837"}],"wp:featuredmedia":[{"embeddable":true,"href":"https:\/\/triplex.com.bo\/index.php\/wp-json\/wp\/v2\/media\/9838"}],"wp:attachment":[{"href":"https:\/\/triplex.com.bo\/index.php\/wp-json\/wp\/v2\/media?parent=9837"}],"wp:term":[{"taxonomy":"pwb-brand","embeddable":true,"href":"https:\/\/triplex.com.bo\/index.php\/wp-json\/wp\/v2\/pwb-brand?post=9837"},{"taxonomy":"product_brand","embeddable":true,"href":"https:\/\/triplex.com.bo\/index.php\/wp-json\/wp\/v2\/product_brand?post=9837"},{"taxonomy":"product_cat","embeddable":true,"href":"https:\/\/triplex.com.bo\/index.php\/wp-json\/wp\/v2\/product_cat?post=9837"},{"taxonomy":"product_tag","embeddable":true,"href":"https:\/\/triplex.com.bo\/index.php\/wp-json\/wp\/v2\/product_tag?post=9837"}],"curies":[{"name":"wp","href":"https:\/\/api.w.org\/{rel}","templated":true}]}}