{"id":9835,"date":"2022-12-15T03:22:22","date_gmt":"2022-12-15T03:22:22","guid":{"rendered":"https:\/\/triplex.com.bo\/?post_type=product&#038;p=9835"},"modified":"2024-06-27T11:11:09","modified_gmt":"2024-06-27T15:11:09","slug":"cocina-5h-pride-vitroceramico-negra","status":"publish","type":"product","link":"https:\/\/triplex.com.bo\/index.php\/product\/cocina-5h-pride-vitroceramico-negra\/","title":{"rendered":"COCINA 5H PRIDE VITROCERAMICO NEGRA GLP\/GNC"},"content":{"rendered":"<p>\u2705 Luz interior<br \/>\n\u2705 Encendido el\u00e9ctrico<br \/>\n\u2705 Elegantes perillas cromadas<br \/>\n\u2705 Visor \u00e1mplio en la puerta del horno<br \/>\n\u2705 Grill dorador el\u00e9ctrico + spiedo giratorio<br \/>\n\u2705 Potente quemador central de triple llama<br \/>\n\u2705 Tirador del horno de aluminio inoxidable cepillado<br \/>\n\u2705 Vidrio doble de \u00e1lta resistencia en la puerta del horno<br \/>\n\u2705 Predispuesta a gas de garrafa (Glp) convertible a gas natural (Gnc)<br \/>\n\u2705 Superficie de vidrio ceramico de extraordinaria elegancia y f\u00e1cil limpieza<br \/>\n\u2705 Parrillas individuales de hierro fundido: m\u00e1s estabilidad para el manejo de ollas<br \/>\n\u2705 V\u00e1lvula de seguridad en el horno: corta el suministro de gas en caso de que la llama se apague. La misma no necesita energ\u00eda el\u00e9ctrica para funcionar<br \/>\n\u2705 Medidas del producto: Alto 87,5 cm. Ancho 75 cm. Largo 59 cm.<\/p>\n","protected":false},"excerpt":{"rendered":"<p>Elegancia y calidad al menor precio!! Pride te presenta su nueva cocina con superficie de vidrio ceramico que reduce al minimo su limpieza&#8230;<\/p>\n","protected":false},"featured_media":13436,"comment_status":"open","ping_status":"closed","template":"","meta":{"_acf_changed":false},"pwb-brand":[228],"product_brand":[],"product_cat":[155,140],"product_tag":[],"class_list":{"0":"post-9835","1":"product","2":"type-product","3":"status-publish","4":"has-post-thumbnail","6":"pwb-brand-pride","7":"product_cat-cocinas-piso","8":"product_cat-cocinas","10":"first","11":"outofstock","12":"shipping-taxable","13":"purchasable","14":"product-type-simple"},"acf":[],"brands":[{"id":228,"name":"PRIDE","slug":"pride"}],"_links":{"self":[{"href":"https:\/\/triplex.com.bo\/index.php\/wp-json\/wp\/v2\/product\/9835","targetHints":{"allow":["GET"]}}],"collection":[{"href":"https:\/\/triplex.com.bo\/index.php\/wp-json\/wp\/v2\/product"}],"about":[{"href":"https:\/\/triplex.com.bo\/index.php\/wp-json\/wp\/v2\/types\/product"}],"replies":[{"embeddable":true,"href":"https:\/\/triplex.com.bo\/index.php\/wp-json\/wp\/v2\/comments?post=9835"}],"wp:featuredmedia":[{"embeddable":true,"href":"https:\/\/triplex.com.bo\/index.php\/wp-json\/wp\/v2\/media\/13436"}],"wp:attachment":[{"href":"https:\/\/triplex.com.bo\/index.php\/wp-json\/wp\/v2\/media?parent=9835"}],"wp:term":[{"taxonomy":"pwb-brand","embeddable":true,"href":"https:\/\/triplex.com.bo\/index.php\/wp-json\/wp\/v2\/pwb-brand?post=9835"},{"taxonomy":"product_brand","embeddable":true,"href":"https:\/\/triplex.com.bo\/index.php\/wp-json\/wp\/v2\/product_brand?post=9835"},{"taxonomy":"product_cat","embeddable":true,"href":"https:\/\/triplex.com.bo\/index.php\/wp-json\/wp\/v2\/product_cat?post=9835"},{"taxonomy":"product_tag","embeddable":true,"href":"https:\/\/triplex.com.bo\/index.php\/wp-json\/wp\/v2\/product_tag?post=9835"}],"curies":[{"name":"wp","href":"https:\/\/api.w.org\/{rel}","templated":true}]}}