{"id":18472,"date":"2026-02-27T10:52:52","date_gmt":"2026-02-27T14:52:52","guid":{"rendered":"https:\/\/triplex.com.bo\/?post_type=product&#038;p=18472"},"modified":"2026-03-15T01:33:01","modified_gmt":"2026-03-15T05:33:01","slug":"afeitadora-babyliss-doble-hoja-metaliza-inalambrica-black","status":"publish","type":"product","link":"https:\/\/triplex.com.bo\/index.php\/product\/afeitadora-babyliss-doble-hoja-metaliza-inalambrica-black\/","title":{"rendered":"AFEITADORA BABYLISS DOBLE HOJA METALIZA INALAMBRICA BLACK"},"content":{"rendered":"<p>Afeitadora profesional de tama\u00f1o completo con l\u00e1minas met\u00e1licas equipada con un potente motor rotatorio. Una excelente herramienta para una afeitada extra apurada en el cuello, el rostro y toda la l\u00ednea del cabello.<\/p>\n<div class=\"b-pdp__features\">\n<p class=\"b-pdp__features-title h-text--h3\"><strong>Caracter\u00edsticas y beneficios<\/strong><\/p>\n<\/div>\n<ul id=\"collapsible-details-1\" class=\"b-features\">\n<li class=\"b-features__item\">L\u00e1minas de oro hipoalerg\u00e9nicas\/sistema de doble l\u00e1mina offset<\/li>\n<li class=\"b-features__item\">Carcasa totalmente met\u00e1lica<\/li>\n<li class=\"b-features__item\">Potente motor rotatorio<\/li>\n<li class=\"b-features__item\">Inal\u00e1mbrico\/Hasta 3 horas de autonom\u00eda<\/li>\n<li class=\"b-features__item\">Cobertura\/apagado autom\u00e1tico<\/li>\n<li class=\"b-features__item\">Incluye bolsa de almacenamiento.<\/li>\n<li class=\"b-features__item\">Garant\u00eda limitada de 2 a\u00f1os<\/li>\n<\/ul>\n","protected":false},"excerpt":{"rendered":"<p>Afeitadora profesional de tama\u00f1o completo con l\u00e1minas met\u00e1licas equipada con un potente motor rotatorio. Una excelente herramienta para una afeitada extra apurada en el cuello, el rostro y toda la l\u00ednea del cabello. Caracter\u00edsticas y beneficios L\u00e1minas de oro hipoalerg\u00e9nicas\/sistema de doble l\u00e1mina offset Carcasa totalmente met\u00e1lica Potente motor rotatorio Inal\u00e1mbrico\/Hasta 3 horas de autonom\u00eda [&hellip;]<\/p>\n","protected":false},"featured_media":18471,"comment_status":"open","ping_status":"closed","template":"","meta":{"_acf_changed":false},"pwb-brand":[397],"product_brand":[],"product_cat":[188,209],"product_tag":[],"class_list":{"0":"post-18472","1":"product","2":"type-product","3":"status-publish","4":"has-post-thumbnail","6":"pwb-brand-babyliss","7":"product_cat-cuidado-personal","8":"product_cat-ofertas-especiales","10":"first","11":"instock","12":"sale","13":"shipping-taxable","14":"purchasable","15":"product-type-simple"},"acf":[],"brands":[{"id":397,"name":"Babyliss","slug":"babyliss"}],"_links":{"self":[{"href":"https:\/\/triplex.com.bo\/index.php\/wp-json\/wp\/v2\/product\/18472","targetHints":{"allow":["GET"]}}],"collection":[{"href":"https:\/\/triplex.com.bo\/index.php\/wp-json\/wp\/v2\/product"}],"about":[{"href":"https:\/\/triplex.com.bo\/index.php\/wp-json\/wp\/v2\/types\/product"}],"replies":[{"embeddable":true,"href":"https:\/\/triplex.com.bo\/index.php\/wp-json\/wp\/v2\/comments?post=18472"}],"wp:featuredmedia":[{"embeddable":true,"href":"https:\/\/triplex.com.bo\/index.php\/wp-json\/wp\/v2\/media\/18471"}],"wp:attachment":[{"href":"https:\/\/triplex.com.bo\/index.php\/wp-json\/wp\/v2\/media?parent=18472"}],"wp:term":[{"taxonomy":"pwb-brand","embeddable":true,"href":"https:\/\/triplex.com.bo\/index.php\/wp-json\/wp\/v2\/pwb-brand?post=18472"},{"taxonomy":"product_brand","embeddable":true,"href":"https:\/\/triplex.com.bo\/index.php\/wp-json\/wp\/v2\/product_brand?post=18472"},{"taxonomy":"product_cat","embeddable":true,"href":"https:\/\/triplex.com.bo\/index.php\/wp-json\/wp\/v2\/product_cat?post=18472"},{"taxonomy":"product_tag","embeddable":true,"href":"https:\/\/triplex.com.bo\/index.php\/wp-json\/wp\/v2\/product_tag?post=18472"}],"curies":[{"name":"wp","href":"https:\/\/api.w.org\/{rel}","templated":true}]}}