{"id":18469,"date":"2026-02-27T10:49:56","date_gmt":"2026-02-27T14:49:56","guid":{"rendered":"https:\/\/triplex.com.bo\/?post_type=product&#038;p=18469"},"modified":"2026-03-15T01:38:55","modified_gmt":"2026-03-15T05:38:55","slug":"trimmer-babyliss-pro-787-gold-fx-skeleton","status":"publish","type":"product","link":"https:\/\/triplex.com.bo\/index.php\/product\/trimmer-babyliss-pro-787-gold-fx-skeleton\/","title":{"rendered":"TRIMMER BABYLISS PRO 787 GOLD FX SKELETON"},"content":{"rendered":"<p><span dir=\"auto\">La\u00a0<\/span><strong><span dir=\"auto\">recortadora de vello BaBylissPRO GOLDFX+ es una recortadora de vello profesional, totalmente met\u00e1lica, con o sin cable, de litio. Cuenta con una cuchilla en T expuesta con vistas de 360 \u200b\u200bgrados.\u00a0<\/span><\/strong><\/p>\n<p><em><strong><span dir=\"auto\">Nuevas mejoras de carga. Ahora compatible con USB-C y cables de carga est\u00e1ndar.<\/span><\/strong><\/em><\/p>\n<p><em><strong><span dir=\"auto\">Bater\u00eda mejorada con hasta 4 horas de duraci\u00f3n<\/span><br \/>\n<\/strong><\/em><\/p>\n<p><em><strong><span dir=\"auto\">Motor sin escobillas N1 mejorado con cojinetes de bolas dobles para mayor eficiencia.\u00a0<\/span><\/strong><\/em><\/p>\n<table width=\"362\">\n<tbody>\n<tr>\n<td width=\"362\">\u2022 Motor sin carbones de alto rendimiento dise\u00f1ado por Ferrari<\/td>\n<\/tr>\n<tr>\n<td width=\"362\">\u2022 Cuchilla especial extendida en forma T de DLC\/Titanio.<\/td>\n<\/tr>\n<tr>\n<td width=\"362\">\u2022 Dise\u00f1o especial de carcasa y cuchilla con visibilidad de 360\u00b0<\/td>\n<\/tr>\n<tr>\n<td width=\"362\">\u2022 Carcasa completamente met\u00e1lica \/ mango texturizado<\/td>\n<\/tr>\n<tr>\n<td>\u2022 Bater\u00eda de iones de litio &#8211;\u00a0 Autonom\u00eda de 3 horas<\/td>\n<\/tr>\n<tr>\n<td>\u2022 Con\/sin cable &#8211; doble voltaje<\/td>\n<\/tr>\n<tr>\n<td>\u2022 Aro para colgar<\/td>\n<\/tr>\n<\/tbody>\n<\/table>\n","protected":false},"excerpt":{"rendered":"<p>La\u00a0recortadora de vello BaBylissPRO GOLDFX+ es una recortadora de vello profesional, totalmente met\u00e1lica, con o sin cable, de litio. Cuenta con una cuchilla en T expuesta con vistas de 360 \u200b\u200bgrados.\u00a0 Nuevas mejoras de carga. Ahora compatible con USB-C y cables de carga est\u00e1ndar. Bater\u00eda mejorada con hasta 4 horas de duraci\u00f3n Motor sin escobillas [&hellip;]<\/p>\n","protected":false},"featured_media":18470,"comment_status":"open","ping_status":"closed","template":"","meta":{"_acf_changed":false},"pwb-brand":[397],"product_brand":[],"product_cat":[188,209],"product_tag":[],"class_list":{"0":"post-18469","1":"product","2":"type-product","3":"status-publish","4":"has-post-thumbnail","6":"pwb-brand-babyliss","7":"product_cat-cuidado-personal","8":"product_cat-ofertas-especiales","10":"first","11":"instock","12":"sale","13":"shipping-taxable","14":"purchasable","15":"product-type-simple"},"acf":[],"brands":[{"id":397,"name":"Babyliss","slug":"babyliss"}],"_links":{"self":[{"href":"https:\/\/triplex.com.bo\/index.php\/wp-json\/wp\/v2\/product\/18469","targetHints":{"allow":["GET"]}}],"collection":[{"href":"https:\/\/triplex.com.bo\/index.php\/wp-json\/wp\/v2\/product"}],"about":[{"href":"https:\/\/triplex.com.bo\/index.php\/wp-json\/wp\/v2\/types\/product"}],"replies":[{"embeddable":true,"href":"https:\/\/triplex.com.bo\/index.php\/wp-json\/wp\/v2\/comments?post=18469"}],"wp:featuredmedia":[{"embeddable":true,"href":"https:\/\/triplex.com.bo\/index.php\/wp-json\/wp\/v2\/media\/18470"}],"wp:attachment":[{"href":"https:\/\/triplex.com.bo\/index.php\/wp-json\/wp\/v2\/media?parent=18469"}],"wp:term":[{"taxonomy":"pwb-brand","embeddable":true,"href":"https:\/\/triplex.com.bo\/index.php\/wp-json\/wp\/v2\/pwb-brand?post=18469"},{"taxonomy":"product_brand","embeddable":true,"href":"https:\/\/triplex.com.bo\/index.php\/wp-json\/wp\/v2\/product_brand?post=18469"},{"taxonomy":"product_cat","embeddable":true,"href":"https:\/\/triplex.com.bo\/index.php\/wp-json\/wp\/v2\/product_cat?post=18469"},{"taxonomy":"product_tag","embeddable":true,"href":"https:\/\/triplex.com.bo\/index.php\/wp-json\/wp\/v2\/product_tag?post=18469"}],"curies":[{"name":"wp","href":"https:\/\/api.w.org\/{rel}","templated":true}]}}