{"id":18465,"date":"2026-02-27T10:45:50","date_gmt":"2026-02-27T14:45:50","guid":{"rendered":"https:\/\/triplex.com.bo\/?post_type=product&#038;p=18465"},"modified":"2026-03-15T01:38:42","modified_gmt":"2026-03-15T05:38:42","slug":"trimmer-babyliss-pro-fx726","status":"publish","type":"product","link":"https:\/\/triplex.com.bo\/index.php\/product\/trimmer-babyliss-pro-fx726\/","title":{"rendered":"TRIMMER BABYLISS PRO FX726"},"content":{"rendered":"<div>Las cortadoras y recortadoras LO-PROFX cuentan con una cubierta protectora de metal de perfil ultrabajo y una carcasa ergon\u00f3mica. Est\u00e1 alimentado por un motor sin carbones de alto rendimiento de 6.800 RPM con una bater\u00eda de iones de litio de alta capacidad de 3.300 mAh. El dise\u00f1o y la potencia se completan armando el LO-PROFX con una cuchilla de baja temperatura. LO-PROFX, la m\u00e1quina perfecta para sensaci\u00f3n de calidad, potencia y rendimiento de corte.<\/p>\n<\/div>\n<p><strong>Especificaciones<\/strong><\/p>\n<ul>\n<li>Cubierta protectora de metal de perfil ultra bajo<\/li>\n<li>Alto rendimiento<\/li>\n<li>Sin carbones<\/li>\n<li>6,800 RPM \u2022 13,600 SPM<\/li>\n<li>Bater\u00eda de iones de litio<\/li>\n<li>Con o sin cable<\/li>\n<li>3.300 mAh de capacidad<\/li>\n<li>2 horas de autonom\u00eda inal\u00e1mbrica<\/li>\n<li>Indicador LED de bater\u00eda baja<\/li>\n<li>Hoja en T expuesta\u00a0 360 \u00b0<\/li>\n<li>Cuchilla de\u00a0diamante y carbono de dientes profundos<\/li>\n<li>2.0MM EN T (ajustable a cero)<\/li>\n<li>Fricci\u00f3n ultra baja<\/li>\n<li>Extremadamente duradero<\/li>\n<li>Temperatura de la hoja inferior<\/li>\n<li>Carcasa ergon\u00f3mica<\/li>\n<li>Doble voltaje<\/li>\n<\/ul>\n","protected":false},"excerpt":{"rendered":"<p>Las cortadoras y recortadoras LO-PROFX cuentan con una cubierta protectora de metal de perfil ultrabajo y una carcasa ergon\u00f3mica. Est\u00e1 alimentado por un motor sin carbones de alto rendimiento de 6.800 RPM con una bater\u00eda de iones de litio de alta capacidad de 3.300 mAh. El dise\u00f1o y la potencia se completan armando el LO-PROFX [&hellip;]<\/p>\n","protected":false},"featured_media":18466,"comment_status":"open","ping_status":"closed","template":"","meta":{"_acf_changed":false},"pwb-brand":[397],"product_brand":[],"product_cat":[188,209],"product_tag":[],"class_list":{"0":"post-18465","1":"product","2":"type-product","3":"status-publish","4":"has-post-thumbnail","6":"pwb-brand-babyliss","7":"product_cat-cuidado-personal","8":"product_cat-ofertas-especiales","10":"first","11":"instock","12":"sale","13":"shipping-taxable","14":"purchasable","15":"product-type-simple"},"acf":[],"brands":[{"id":397,"name":"Babyliss","slug":"babyliss"}],"_links":{"self":[{"href":"https:\/\/triplex.com.bo\/index.php\/wp-json\/wp\/v2\/product\/18465","targetHints":{"allow":["GET"]}}],"collection":[{"href":"https:\/\/triplex.com.bo\/index.php\/wp-json\/wp\/v2\/product"}],"about":[{"href":"https:\/\/triplex.com.bo\/index.php\/wp-json\/wp\/v2\/types\/product"}],"replies":[{"embeddable":true,"href":"https:\/\/triplex.com.bo\/index.php\/wp-json\/wp\/v2\/comments?post=18465"}],"wp:featuredmedia":[{"embeddable":true,"href":"https:\/\/triplex.com.bo\/index.php\/wp-json\/wp\/v2\/media\/18466"}],"wp:attachment":[{"href":"https:\/\/triplex.com.bo\/index.php\/wp-json\/wp\/v2\/media?parent=18465"}],"wp:term":[{"taxonomy":"pwb-brand","embeddable":true,"href":"https:\/\/triplex.com.bo\/index.php\/wp-json\/wp\/v2\/pwb-brand?post=18465"},{"taxonomy":"product_brand","embeddable":true,"href":"https:\/\/triplex.com.bo\/index.php\/wp-json\/wp\/v2\/product_brand?post=18465"},{"taxonomy":"product_cat","embeddable":true,"href":"https:\/\/triplex.com.bo\/index.php\/wp-json\/wp\/v2\/product_cat?post=18465"},{"taxonomy":"product_tag","embeddable":true,"href":"https:\/\/triplex.com.bo\/index.php\/wp-json\/wp\/v2\/product_tag?post=18465"}],"curies":[{"name":"wp","href":"https:\/\/api.w.org\/{rel}","templated":true}]}}