{"id":18439,"date":"2026-02-11T11:58:28","date_gmt":"2026-02-11T15:58:28","guid":{"rendered":"https:\/\/triplex.com.bo\/?post_type=product&#038;p=18439"},"modified":"2026-02-19T10:26:48","modified_gmt":"2026-02-19T14:26:48","slug":"lavavajillas-14-juegos-electrolux-2","status":"publish","type":"product","link":"https:\/\/triplex.com.bo\/index.php\/product\/lavavajillas-14-juegos-electrolux-2\/","title":{"rendered":"LAVAVAJILLAS 14 JUEGOS ELECTROLUX"},"content":{"rendered":"<ul>\n<li>Programa Ollas.<\/li>\n<li>Especial para lavado de ollas muy sucias.<\/li>\n<li>Programa Desinfectar.<\/li>\n<li>Programa \u00fanico, elimina hasta el 99,9% de virus y bacterias.<\/li>\n<li>Inicio Diferido.<\/li>\n<li>Un margen de 24hs para programar el inicio del ciclo a elecci\u00f3n.<\/li>\n<li>Eficiencia Energ\u00e9tica A.<\/li>\n<li>Garantiza un lavado perfecto con mayor ahorro de energ\u00eda.<\/li>\n<\/ul>\n<p><strong>Ficha T\u00e9cnica<\/strong><\/p>\n<ul>\n<li>845mm Altura<\/li>\n<li>598mm Ancho<\/li>\n<li>610mm Profundidad<\/li>\n<li>46kg Peso<\/li>\n<li>Cantidad de Programas 7<\/li>\n<li>Frecuencia 50<\/li>\n<li>Panel Digital<\/li>\n<li>Servicios 14<\/li>\n<li>Soporte Para Cobiertos 2<\/li>\n<li>Tipo Lavavajillas<\/li>\n<li>Tipo 2FS<\/li>\n<li>Voltaje (en kwts) 220<\/li>\n<\/ul>\n","protected":false},"excerpt":{"rendered":"<p>Programa Ollas. Especial para lavado de ollas muy sucias. Programa Desinfectar. Programa \u00fanico, elimina hasta el 99,9% de virus y bacterias. Inicio Diferido. Un margen de 24hs para programar el inicio del ciclo a elecci\u00f3n. Eficiencia Energ\u00e9tica A. Garantiza un lavado perfecto con mayor ahorro de energ\u00eda. Ficha T\u00e9cnica 845mm Altura 598mm Ancho 610mm Profundidad [&hellip;]<\/p>\n","protected":false},"featured_media":18441,"comment_status":"open","ping_status":"closed","template":"","meta":{"_acf_changed":false},"pwb-brand":[207],"product_brand":[],"product_cat":[193,140],"product_tag":[],"class_list":{"0":"post-18439","1":"product","2":"type-product","3":"status-publish","4":"has-post-thumbnail","6":"pwb-brand-electrolux","7":"product_cat-lavanderia-lavavajillas","8":"product_cat-cocinas","10":"first","11":"instock","12":"shipping-taxable","13":"purchasable","14":"product-type-simple"},"acf":[],"brands":[{"id":207,"name":"Electrolux","slug":"electrolux"}],"_links":{"self":[{"href":"https:\/\/triplex.com.bo\/index.php\/wp-json\/wp\/v2\/product\/18439","targetHints":{"allow":["GET"]}}],"collection":[{"href":"https:\/\/triplex.com.bo\/index.php\/wp-json\/wp\/v2\/product"}],"about":[{"href":"https:\/\/triplex.com.bo\/index.php\/wp-json\/wp\/v2\/types\/product"}],"replies":[{"embeddable":true,"href":"https:\/\/triplex.com.bo\/index.php\/wp-json\/wp\/v2\/comments?post=18439"}],"wp:featuredmedia":[{"embeddable":true,"href":"https:\/\/triplex.com.bo\/index.php\/wp-json\/wp\/v2\/media\/18441"}],"wp:attachment":[{"href":"https:\/\/triplex.com.bo\/index.php\/wp-json\/wp\/v2\/media?parent=18439"}],"wp:term":[{"taxonomy":"pwb-brand","embeddable":true,"href":"https:\/\/triplex.com.bo\/index.php\/wp-json\/wp\/v2\/pwb-brand?post=18439"},{"taxonomy":"product_brand","embeddable":true,"href":"https:\/\/triplex.com.bo\/index.php\/wp-json\/wp\/v2\/product_brand?post=18439"},{"taxonomy":"product_cat","embeddable":true,"href":"https:\/\/triplex.com.bo\/index.php\/wp-json\/wp\/v2\/product_cat?post=18439"},{"taxonomy":"product_tag","embeddable":true,"href":"https:\/\/triplex.com.bo\/index.php\/wp-json\/wp\/v2\/product_tag?post=18439"}],"curies":[{"name":"wp","href":"https:\/\/api.w.org\/{rel}","templated":true}]}}