{"id":18341,"date":"2026-01-09T12:13:43","date_gmt":"2026-01-09T16:13:43","guid":{"rendered":"https:\/\/triplex.com.bo\/?post_type=product&#038;p=18341"},"modified":"2026-02-14T09:58:29","modified_gmt":"2026-02-14T13:58:29","slug":"refrigerador-invertido-312ltrs-electrolux","status":"publish","type":"product","link":"https:\/\/triplex.com.bo\/index.php\/product\/refrigerador-invertido-312ltrs-electrolux\/","title":{"rendered":"REFRIGERADOR INVERTIDO 312LT ELECTROLUX"},"content":{"rendered":"<h2 class=\"text-left text-primary text-xl font-medium\">Descripci\u00f3n<\/h2>\n<article class=\"py-4 font-light text-secondary lg:border-b border-base-200 text-base\">La Heladera Bottom Freezer Electrolux Frio humedo con AutoSense 312L Plata est\u00e1 dise\u00f1ada para mantener tus alimentos frescos y ahorrar energ\u00eda con tecnolog\u00edas exclusivas.<\/article>\n<article><span class=\"font-medium text-base text-primary\">AutoSense<\/span><\/p>\n<article class=\"font-light max-w-[500px] text-secondary text-base\">Ajusta autom\u00e1ticamente la temperatura, garantizando una mejor conservaci\u00f3n y alargando la vida de los alimentos hasta un 30% m\u00e1s.<strong><span class=\"font-medium text-base text-primary\">No Frost<\/span><\/strong><\/p>\n<article class=\"font-light max-w-[500px] text-secondary text-base\">Congelador sin escarcha, no necesita descongelarse.<\/p>\n<div class=\"w-full overflow-hidden flex flex-col lg:border-b lg:flex-row-reverse border-base-200 pr-2.5\">\n<div class=\"flex flex-col flex-1 gap-2 self-center py-4\">\n<p><span class=\"font-medium text-base text-primary\">Funci\u00f3n Turbo Freezer<\/span><\/p>\n<article class=\"font-light max-w-[500px] text-secondary text-base\">Cuando planeas congelar alimentos en poco tiempo, puedes seleccionar la funci\u00f3n Turbo Freezer.<\/article>\n<\/div>\n<\/div>\n<div class=\"w-full overflow-hidden flex flex-col lg:border-b lg:flex-row-reverse border-base-200 pl-2.5\">\n<div class=\"flex flex-col flex-1 gap-2 self-center py-4\">\n<p><strong><span class=\"font-medium text-base text-primary\">Tecnolog\u00eda Inverter<\/span><\/strong><\/p>\n<article class=\"font-light max-w-[500px] text-secondary text-base\">Mantiene la temperatura m\u00e1s estable, garantizando las condiciones ideales para conservar los alimentos y ahorrando energ\u00eda.<strong><span class=\"font-medium text-base text-primary\">Configuraci\u00f3n Bottom Freezer<\/span><\/strong><\/p>\n<article class=\"font-light max-w-[500px] text-secondary text-base\">Heladera en la parte superior y congelador en la parte inferior, para m\u00e1s organizaci\u00f3n y comodidad en el d\u00eda a d\u00eda.<strong><span class=\"font-medium text-base text-primary\">Iluminaci\u00f3n LED<\/span><\/strong><\/p>\n<article class=\"font-light max-w-[500px] text-secondary text-base\">Mejor visualizaci\u00f3n del interior de la heladera y bajo consumo de energ\u00eda.<\/p>\n<h2 id=\"properties\" class=\"pb-6 text-primary text-xl font-medium\">Ficha T\u00e9cnica<\/h2>\n<div class=\"flex flex-col px-2\">\n<div class=\"tabs border-primary tabs-bordered\" role=\"tablist\">\n<div class=\"tab-content bg-base-100 rounded-box py-5\" role=\"tabpanel\">\n<ul class=\"grid grid-cols-2 lg:flex lg:items-center w-full text-secondary\">\n<li class=\"flex flex-col gap-1 items-center justify-center flex-1 py-1.5 my-2 border-l border-base-200 first:border-0 max-lg:!border-0\">\n<div class=\"flex gap-1 items-end font-medium\"><span class=\"mt-1\">1860<\/span>mm<\/div>\n<p><span class=\"font-light text-sm\">Altura<\/span><\/li>\n<li class=\"flex flex-col gap-1 items-center justify-center flex-1 py-1.5 my-2 border-l border-base-200 first:border-0\">\n<div class=\"flex gap-1 items-end font-medium\"><span class=\"mt-1\">602<\/span>mm<\/div>\n<p><span class=\"font-light text-sm\">Ancho<\/span><\/li>\n<li class=\"flex flex-col gap-1 items-center justify-center flex-1 py-1.5 my-2 border-l border-base-200 first:border-0 max-lg:!border-0\">\n<div class=\"flex gap-1 items-end font-medium\"><span class=\"mt-1\">600<\/span>mm<\/div>\n<p><span class=\"font-light text-sm\">Profundidad<\/span><\/li>\n<li class=\"flex flex-col gap-1 items-center justify-center flex-1 py-1.5 my-2 border-l border-base-200 first:border-0\">\n<div class=\"flex gap-1 items-end font-medium\"><span class=\"mt-1\">50<\/span>kg<\/div>\n<\/li>\n<li class=\"flex justify-between items-center p-2 text-sm bg-white\"><span class=\"font-medium text-secondary\">Tipo<\/span><span class=\"font-light text-secondary\">Fr\u00edo seco<\/span><\/li>\n<li class=\"flex justify-between items-center p-2 text-sm bg-base-content\"><span class=\"font-medium text-secondary\">Voltaje<\/span><span class=\"font-light text-secondary\">220<\/span><\/li>\n<li class=\"flex justify-between items-center p-2 text-sm bg-base-content\"><span class=\"font-medium text-secondary\">Compartimiento en el freezer S<\/span><span class=\"font-light text-secondary\">\u00ed<\/span><\/li>\n<li class=\"flex justify-between items-center p-2 text-sm bg-white\"><span class=\"font-medium text-secondary\">Compartimiento para frutas y verduras <\/span><span class=\"font-light text-secondary\">S\u00ed<\/span><\/li>\n<li><\/li>\n<\/ul>\n<\/div>\n<\/div>\n<\/div>\n<\/article>\n<\/article>\n<\/article>\n<\/div>\n<\/div>\n<\/article>\n<\/article>\n<\/article>\n","protected":false},"excerpt":{"rendered":"<p>Descripci\u00f3n La Heladera Bottom Freezer Electrolux Frio humedo con AutoSense 312L Plata est\u00e1 dise\u00f1ada para mantener tus alimentos frescos y ahorrar energ\u00eda con tecnolog\u00edas exclusivas. AutoSense Ajusta autom\u00e1ticamente la temperatura, garantizando una mejor conservaci\u00f3n y alargando la vida de los alimentos hasta un 30% m\u00e1s.No Frost Congelador sin escarcha, no necesita descongelarse. Funci\u00f3n Turbo Freezer [&hellip;]<\/p>\n","protected":false},"featured_media":18348,"comment_status":"open","ping_status":"closed","template":"","meta":{"_acf_changed":false},"pwb-brand":[207],"product_brand":[],"product_cat":[385,142],"product_tag":[],"class_list":{"0":"post-18341","1":"product","2":"type-product","3":"status-publish","4":"has-post-thumbnail","6":"pwb-brand-electrolux","7":"product_cat-refrigeradores-refrigeradores","8":"product_cat-refrigeradores","10":"first","11":"outofstock","12":"shipping-taxable","13":"purchasable","14":"product-type-simple"},"acf":[],"brands":[{"id":207,"name":"Electrolux","slug":"electrolux"}],"_links":{"self":[{"href":"https:\/\/triplex.com.bo\/index.php\/wp-json\/wp\/v2\/product\/18341","targetHints":{"allow":["GET"]}}],"collection":[{"href":"https:\/\/triplex.com.bo\/index.php\/wp-json\/wp\/v2\/product"}],"about":[{"href":"https:\/\/triplex.com.bo\/index.php\/wp-json\/wp\/v2\/types\/product"}],"replies":[{"embeddable":true,"href":"https:\/\/triplex.com.bo\/index.php\/wp-json\/wp\/v2\/comments?post=18341"}],"wp:featuredmedia":[{"embeddable":true,"href":"https:\/\/triplex.com.bo\/index.php\/wp-json\/wp\/v2\/media\/18348"}],"wp:attachment":[{"href":"https:\/\/triplex.com.bo\/index.php\/wp-json\/wp\/v2\/media?parent=18341"}],"wp:term":[{"taxonomy":"pwb-brand","embeddable":true,"href":"https:\/\/triplex.com.bo\/index.php\/wp-json\/wp\/v2\/pwb-brand?post=18341"},{"taxonomy":"product_brand","embeddable":true,"href":"https:\/\/triplex.com.bo\/index.php\/wp-json\/wp\/v2\/product_brand?post=18341"},{"taxonomy":"product_cat","embeddable":true,"href":"https:\/\/triplex.com.bo\/index.php\/wp-json\/wp\/v2\/product_cat?post=18341"},{"taxonomy":"product_tag","embeddable":true,"href":"https:\/\/triplex.com.bo\/index.php\/wp-json\/wp\/v2\/product_tag?post=18341"}],"curies":[{"name":"wp","href":"https:\/\/api.w.org\/{rel}","templated":true}]}}