{"id":18278,"date":"2025-12-24T10:05:30","date_gmt":"2025-12-24T14:05:30","guid":{"rendered":"https:\/\/triplex.com.bo\/?post_type=product&#038;p=18278"},"modified":"2026-04-10T04:21:32","modified_gmt":"2026-04-10T08:21:32","slug":"tv-iffalcon-fhd-smart-43-google-tv-2025","status":"publish","type":"product","link":"https:\/\/triplex.com.bo\/index.php\/product\/tv-iffalcon-fhd-smart-43-google-tv-2025\/","title":{"rendered":"TV IFFALCON FHD SMART 43&#8243; GOOGLE TV (2025)"},"content":{"rendered":"<p>Siente la diferencia con la resoluci\u00f3n Full HD y la tecnolog\u00eda HDR 10 que realza cada detalle. Con su Smart Control, tendr\u00e1s el poder de controlar tu TV por voz y acceder f\u00e1cilmente a todas tus apps de entretenimiento. Ideal para quienes buscan comodidad y calidad en un solo equipo.<\/p>\n<p data-start=\"156\" data-end=\"206\"><strong data-start=\"162\" data-end=\"206\">Caracter\u00edsticas<\/strong><\/p>\n<ul class=\"ui-tabs-nav ui-helper-reset ui-helper-clearfix ui-widget-header ui-corner-all\" role=\"tablist\" data-start=\"208\" data-end=\"1172\">\n<li data-start=\"208\" data-end=\"253\">\n<ul class=\"KsbFXc U6u95\" data-processed=\"true\">\n<li data-hveid=\"CAIQAA\"><span class=\"T286Pc\" data-sfc-cp=\"\"><strong class=\"Yjhzub\">Modelo:<\/strong>\u00a0TV43IFF40S55 \/ 43S55.<\/span><\/li>\n<li data-hveid=\"CAIQAQ\"><span class=\"T286Pc\" data-sfc-cp=\"\"><strong class=\"Yjhzub\">Pantalla:<\/strong>\u00a0LED de 43 pulgadas, resoluci\u00f3n Full HD (1920&#215;1080).<\/span><\/li>\n<li data-hveid=\"CAIQAg\"><span class=\"T286Pc\" data-sfc-cp=\"\"><strong class=\"Yjhzub\">Sistema Operativo:<\/strong>\u00a0Google TV, para apps como YouTube, Netflix y m\u00e1s.<\/span><\/li>\n<li data-hveid=\"CAIQAw\"><span class=\"T286Pc\" data-sfc-cp=\"\"><strong class=\"Yjhzub\">Funciones Inteligentes:<\/strong>\u00a0Google Assistant, control por voz, Chromecast integrado.<\/span><\/li>\n<li data-hveid=\"CAIQBA\"><span class=\"T286Pc\" data-sfc-cp=\"\"><strong class=\"Yjhzub\">Conectividad:<\/strong>\u00a0Wi-Fi, Bluetooth, 3 HDMI, 2 USB, Ethernet, Audio \u00d3ptico.<\/span><\/li>\n<li data-hveid=\"CAIQBQ\"><span class=\"T286Pc\" data-sfc-cp=\"\"><strong class=\"Yjhzub\">Audio:<\/strong>\u00a0Sonido envolvente con Dolby Audio.<\/span><\/li>\n<li data-hveid=\"CAIQBg\"><span class=\"T286Pc\" data-sfc-cp=\"\"><strong class=\"Yjhzub\">Caracter\u00edsticas Adicionales:<\/strong>\u00a0Dise\u00f1o de pantalla infinita, modo gaming, IA para sugerencias de contenido.<\/span><\/li>\n<\/ul>\n<\/li>\n<\/ul>\n","protected":false},"excerpt":{"rendered":"<p>Televisor iFFALCON de 43&#8243; Smart<\/p>\n","protected":false},"featured_media":18128,"comment_status":"open","ping_status":"closed","template":"","meta":{"_acf_changed":false},"pwb-brand":[391],"product_brand":[],"product_cat":[209,178,284,137],"product_tag":[430],"class_list":{"0":"post-18278","1":"product","2":"type-product","3":"status-publish","4":"has-post-thumbnail","6":"pwb-brand-ifallcon","7":"product_cat-ofertas-especiales","8":"product_cat-tv-y-video-televisores","9":"product_cat-tv","10":"product_cat-audio","11":"product_tag-oferta","13":"first","14":"instock","15":"sale","16":"shipping-taxable","17":"purchasable","18":"product-type-simple"},"acf":[],"brands":[{"id":391,"name":"IFALLCON","slug":"ifallcon"}],"_links":{"self":[{"href":"https:\/\/triplex.com.bo\/index.php\/wp-json\/wp\/v2\/product\/18278","targetHints":{"allow":["GET"]}}],"collection":[{"href":"https:\/\/triplex.com.bo\/index.php\/wp-json\/wp\/v2\/product"}],"about":[{"href":"https:\/\/triplex.com.bo\/index.php\/wp-json\/wp\/v2\/types\/product"}],"replies":[{"embeddable":true,"href":"https:\/\/triplex.com.bo\/index.php\/wp-json\/wp\/v2\/comments?post=18278"}],"wp:featuredmedia":[{"embeddable":true,"href":"https:\/\/triplex.com.bo\/index.php\/wp-json\/wp\/v2\/media\/18128"}],"wp:attachment":[{"href":"https:\/\/triplex.com.bo\/index.php\/wp-json\/wp\/v2\/media?parent=18278"}],"wp:term":[{"taxonomy":"pwb-brand","embeddable":true,"href":"https:\/\/triplex.com.bo\/index.php\/wp-json\/wp\/v2\/pwb-brand?post=18278"},{"taxonomy":"product_brand","embeddable":true,"href":"https:\/\/triplex.com.bo\/index.php\/wp-json\/wp\/v2\/product_brand?post=18278"},{"taxonomy":"product_cat","embeddable":true,"href":"https:\/\/triplex.com.bo\/index.php\/wp-json\/wp\/v2\/product_cat?post=18278"},{"taxonomy":"product_tag","embeddable":true,"href":"https:\/\/triplex.com.bo\/index.php\/wp-json\/wp\/v2\/product_tag?post=18278"}],"curies":[{"name":"wp","href":"https:\/\/api.w.org\/{rel}","templated":true}]}}