{"id":18267,"date":"2025-12-24T00:17:15","date_gmt":"2025-12-24T04:17:15","guid":{"rendered":"https:\/\/triplex.com.bo\/?post_type=product&#038;p=18267"},"modified":"2026-03-13T15:39:47","modified_gmt":"2026-03-13T19:39:47","slug":"colchon-or-aurora-140x190x26","status":"publish","type":"product","link":"https:\/\/triplex.com.bo\/index.php\/product\/colchon-or-aurora-140x190x26\/","title":{"rendered":"COLCHON OR AURORA 140X190X26"},"content":{"rendered":"<p data-start=\"274\" data-end=\"553\">Dale a tus noches la calidad que merecen con el colch\u00f3n Or Aurora de 2 plazas, modelo PP6901. Dise\u00f1ado para quienes buscan combinar descanso profundo, durabilidad y dise\u00f1o moderno, este colch\u00f3n es la opci\u00f3n ideal para transformar tu dormitorio en un verdadero espacio de confort.<\/p>\n<p data-start=\"555\" data-end=\"919\">Su superficie acolchada con patr\u00f3n de rombos ofrece una textura suave y agradable al tacto, brindando una sensaci\u00f3n envolvente que se adapta a tu cuerpo. El acabado en tono claro aporta luminosidad y limpieza visual, mientras que la base negra s\u00f3lida y elegante le da un toque de sofisticaci\u00f3n que realza cualquier tipo de ambiente, ya sea cl\u00e1sico o contempor\u00e1neo.<\/p>\n<p data-start=\"921\" data-end=\"1361\">Con unas medidas de\u00a0<strong data-start=\"941\" data-end=\"980\">140 cm de ancho por 190 cm de largo<\/strong>, el Or Aurora est\u00e1 pensado para dos personas, aunque tambi\u00e9n es perfecto para quienes disfrutan de m\u00e1s espacio al dormir. Su altura de\u00a0<strong data-start=\"1116\" data-end=\"1125\">26 cm<\/strong>\u00a0proporciona un soporte firme y c\u00f3modo, ayudando a mantener una postura adecuada durante el descanso. Esta estructura equilibrada favorece la distribuci\u00f3n del peso, reduciendo los puntos de presi\u00f3n y promoviendo un sue\u00f1o m\u00e1s placentero.<\/p>\n<p data-start=\"1363\" data-end=\"1683\">Gracias a su construcci\u00f3n robusta, este colch\u00f3n no solo mejora tu calidad de sue\u00f1o, sino que tambi\u00e9n ofrece una larga vida \u00fatil, convirti\u00e9ndose en una inversi\u00f3n inteligente para tu hogar. Su dise\u00f1o se adapta sin problemas a distintas bases o somieres, y su perfil le da presencia y comodidad al subir o bajar de la cama.<\/p>\n","protected":false},"excerpt":{"rendered":"<p>Dale a tus noches la calidad que merecen con el colch\u00f3n Or Aurora de 2 plazas, modelo PP6901. Dise\u00f1ado para quienes buscan combinar descanso profundo, durabilidad y dise\u00f1o moderno, este colch\u00f3n es la opci\u00f3n ideal para transformar tu dormitorio en un verdadero espacio de confort. Su superficie acolchada con patr\u00f3n de rombos ofrece una textura [&hellip;]<\/p>\n","protected":false},"featured_media":18268,"comment_status":"open","ping_status":"closed","template":"","meta":{"_acf_changed":false},"pwb-brand":[366],"product_brand":[],"product_cat":[378,147,209],"product_tag":[],"class_list":{"0":"post-18267","1":"product","2":"type-product","3":"status-publish","4":"has-post-thumbnail","6":"pwb-brand-maxiking","7":"product_cat-dormitorio","8":"product_cat-muebles","9":"product_cat-ofertas-especiales","11":"first","12":"instock","13":"sale","14":"shipping-taxable","15":"purchasable","16":"product-type-simple"},"acf":[],"brands":[{"id":366,"name":"MAXIKING","slug":"maxiking"}],"_links":{"self":[{"href":"https:\/\/triplex.com.bo\/index.php\/wp-json\/wp\/v2\/product\/18267","targetHints":{"allow":["GET"]}}],"collection":[{"href":"https:\/\/triplex.com.bo\/index.php\/wp-json\/wp\/v2\/product"}],"about":[{"href":"https:\/\/triplex.com.bo\/index.php\/wp-json\/wp\/v2\/types\/product"}],"replies":[{"embeddable":true,"href":"https:\/\/triplex.com.bo\/index.php\/wp-json\/wp\/v2\/comments?post=18267"}],"wp:featuredmedia":[{"embeddable":true,"href":"https:\/\/triplex.com.bo\/index.php\/wp-json\/wp\/v2\/media\/18268"}],"wp:attachment":[{"href":"https:\/\/triplex.com.bo\/index.php\/wp-json\/wp\/v2\/media?parent=18267"}],"wp:term":[{"taxonomy":"pwb-brand","embeddable":true,"href":"https:\/\/triplex.com.bo\/index.php\/wp-json\/wp\/v2\/pwb-brand?post=18267"},{"taxonomy":"product_brand","embeddable":true,"href":"https:\/\/triplex.com.bo\/index.php\/wp-json\/wp\/v2\/product_brand?post=18267"},{"taxonomy":"product_cat","embeddable":true,"href":"https:\/\/triplex.com.bo\/index.php\/wp-json\/wp\/v2\/product_cat?post=18267"},{"taxonomy":"product_tag","embeddable":true,"href":"https:\/\/triplex.com.bo\/index.php\/wp-json\/wp\/v2\/product_tag?post=18267"}],"curies":[{"name":"wp","href":"https:\/\/api.w.org\/{rel}","templated":true}]}}