{"id":18253,"date":"2025-12-24T11:34:59","date_gmt":"2025-12-24T15:34:59","guid":{"rendered":"https:\/\/triplex.com.bo\/?post_type=product&#038;p=18253"},"modified":"2026-01-05T13:25:29","modified_gmt":"2026-01-05T17:25:29","slug":"bic-mkp-daisy-spring-20","status":"publish","type":"product","link":"https:\/\/triplex.com.bo\/index.php\/product\/bic-mkp-daisy-spring-20\/","title":{"rendered":"BICICLETA MKP DAISY SPRING 20&#8243;"},"content":{"rendered":"<ul>\n<li>Modelo: DAISY SPRING 20&#8243;<\/li>\n<li>Colores: Rosado \/ Lila<\/li>\n<li>Material Marco: Acero<\/li>\n<li>Medida del Aro: 20&#8243;<\/li>\n<li>Tipo de Aro: Aluminio, una pared<\/li>\n<li>Llantas: 20&#215;2.125<\/li>\n<li>Material del Tim\u00f3n: Acero<\/li>\n<li>Tipo de Frenos: V-Brake delantero y posterior<\/li>\n<li>Pi\u00f1\u00f3n: 1 corona<\/li>\n<li>Asiento: Para ni\u00f1a con resorte<\/li>\n<li>Material de los Pedales: Resina de pl\u00e1stico<\/li>\n<li>Guardafangos: Delantero y Posterior, Acero<\/li>\n<li>Canasta: Si<\/li>\n<li>Portapaquete: Si<\/li>\n<li>Ruedas Auxiliares: Si<\/li>\n<li>Cubrecadena: Si, metal<\/li>\n<li>Medida de la Caja (cm): 110x18x56 cm<\/li>\n<li>Medida del producto Armado (cm): 162&#215;62.5&#215;91 cm<\/li>\n<li>Peso Neto \/ Peso Bruto (Kg): 13.5 \/ 15.2 Kg<\/li>\n<\/ul>\n","protected":false},"excerpt":{"rendered":"<p>Modelo: DAISY SPRING 20&#8243; Colores: Rosado \/ Lila Material Marco: Acero Medida del Aro: 20&#8243; Tipo de Aro: Aluminio, una pared Llantas: 20&#215;2.125 Material del Tim\u00f3n: Acero Tipo de Frenos: V-Brake delantero y posterior Pi\u00f1\u00f3n: 1 corona Asiento: Para ni\u00f1a con resorte Material de los Pedales: Resina de pl\u00e1stico Guardafangos: Delantero y Posterior, Acero Canasta: [&hellip;]<\/p>\n","protected":false},"featured_media":18287,"comment_status":"open","ping_status":"closed","template":"","meta":{"_acf_changed":false},"pwb-brand":[413],"product_brand":[],"product_cat":[15],"product_tag":[],"class_list":{"0":"post-18253","1":"product","2":"type-product","3":"status-publish","4":"has-post-thumbnail","6":"pwb-brand-monark","7":"product_cat-bicicletas","9":"first","10":"instock","11":"shipping-taxable","12":"purchasable","13":"product-type-simple"},"acf":[],"brands":[{"id":413,"name":"MONARK","slug":"monark"}],"_links":{"self":[{"href":"https:\/\/triplex.com.bo\/index.php\/wp-json\/wp\/v2\/product\/18253","targetHints":{"allow":["GET"]}}],"collection":[{"href":"https:\/\/triplex.com.bo\/index.php\/wp-json\/wp\/v2\/product"}],"about":[{"href":"https:\/\/triplex.com.bo\/index.php\/wp-json\/wp\/v2\/types\/product"}],"replies":[{"embeddable":true,"href":"https:\/\/triplex.com.bo\/index.php\/wp-json\/wp\/v2\/comments?post=18253"}],"wp:featuredmedia":[{"embeddable":true,"href":"https:\/\/triplex.com.bo\/index.php\/wp-json\/wp\/v2\/media\/18287"}],"wp:attachment":[{"href":"https:\/\/triplex.com.bo\/index.php\/wp-json\/wp\/v2\/media?parent=18253"}],"wp:term":[{"taxonomy":"pwb-brand","embeddable":true,"href":"https:\/\/triplex.com.bo\/index.php\/wp-json\/wp\/v2\/pwb-brand?post=18253"},{"taxonomy":"product_brand","embeddable":true,"href":"https:\/\/triplex.com.bo\/index.php\/wp-json\/wp\/v2\/product_brand?post=18253"},{"taxonomy":"product_cat","embeddable":true,"href":"https:\/\/triplex.com.bo\/index.php\/wp-json\/wp\/v2\/product_cat?post=18253"},{"taxonomy":"product_tag","embeddable":true,"href":"https:\/\/triplex.com.bo\/index.php\/wp-json\/wp\/v2\/product_tag?post=18253"}],"curies":[{"name":"wp","href":"https:\/\/api.w.org\/{rel}","templated":true}]}}