{"id":18237,"date":"2025-12-23T09:04:15","date_gmt":"2025-12-23T13:04:15","guid":{"rendered":"https:\/\/triplex.com.bo\/?post_type=product&#038;p=18237"},"modified":"2026-03-04T14:32:31","modified_gmt":"2026-03-04T18:32:31","slug":"split-iffalcon-on-off-12-000-btu","status":"publish","type":"product","link":"https:\/\/triplex.com.bo\/index.php\/product\/split-iffalcon-on-off-12-000-btu\/","title":{"rendered":"SPLIT IFFALCON ON\/OFF 12.000 BTU"},"content":{"rendered":"<p>Aire Acondicionado iFFALCON de 12.000 BTU (fr\u00edo\/calor)<\/p>\n<p>Enfriamiento r\u00e1pido al reducir la temperatura del aire de salida de 27 \u00b0C a 18 \u00b0C en solo 30 segundos.<\/p>\n<p>Tecnolog\u00eda de enfriamiento de caja de control, para disminuir de manera efectiva la temperatura de la PCB en la unidad exterior. Por lo tanto, hay enfriamiento continuo incluso a una alta temperatura ambiente de 60 \u00b0C.<\/p>\n<p>Los aires acondicionados iFFALCON de TCL tienen una tecnolog\u00eda de pintura Titan Gold patentada por TCL que tiene la capacidad m\u00e1s alta de no retener el agua condensada y, por lo tanto, reduce la corrosi\u00f3n y aumenta la durabilidad.<\/p>\n<p>Tambi\u00e9n tiene autolimpieza junto con la esterilizaci\u00f3n.<\/p>\n<p>Especificaciones:<\/p>\n<p>Modelo Fr\u00edo\/Calor FAC 12CHA<\/p>\n<p>Capacidad: 12.000 BTU<\/p>\n<p>Modelo Split Fr\u00edo\/Calor<\/p>\n<p>Gas Refrigerante ecol\u00f3gico: R600A<\/p>\n<p>\u00c1rea Recomendada m2: 15-23 (\u00b110%)<\/p>\n<p>Modelo: FAC-12CHA<\/p>\n<p>Marca: iFFALCON<\/p>\n<p>Medidas:<\/p>\n<p>Split Interno: 76 x 24 x 21 cm<\/p>\n<p>Compresor Exterior: 70 x 55.2 x 23.2 cm<\/p>\n","protected":false},"excerpt":{"rendered":"<p>Aire Acondicionado iFFALCON de 12.000 BTU (fr\u00edo\/calor) Enfriamiento r\u00e1pido al reducir la temperatura del aire de salida de 27 \u00b0C a 18 \u00b0C en solo 30 segundos. Tecnolog\u00eda de enfriamiento de caja de control, para disminuir de manera efectiva la temperatura de la PCB en la unidad exterior. Por lo tanto, hay enfriamiento continuo incluso [&hellip;]<\/p>\n","protected":false},"featured_media":18239,"comment_status":"open","ping_status":"closed","template":"","meta":{"_acf_changed":false},"pwb-brand":[391],"product_brand":[],"product_cat":[152,139],"product_tag":[430],"class_list":{"0":"post-18237","1":"product","2":"type-product","3":"status-publish","4":"has-post-thumbnail","6":"pwb-brand-ifallcon","7":"product_cat-climatizacion-split","8":"product_cat-climatizacion","9":"product_tag-oferta","11":"first","12":"instock","13":"shipping-taxable","14":"purchasable","15":"product-type-simple"},"acf":[],"brands":[{"id":391,"name":"IFALLCON","slug":"ifallcon"}],"_links":{"self":[{"href":"https:\/\/triplex.com.bo\/index.php\/wp-json\/wp\/v2\/product\/18237","targetHints":{"allow":["GET"]}}],"collection":[{"href":"https:\/\/triplex.com.bo\/index.php\/wp-json\/wp\/v2\/product"}],"about":[{"href":"https:\/\/triplex.com.bo\/index.php\/wp-json\/wp\/v2\/types\/product"}],"replies":[{"embeddable":true,"href":"https:\/\/triplex.com.bo\/index.php\/wp-json\/wp\/v2\/comments?post=18237"}],"wp:featuredmedia":[{"embeddable":true,"href":"https:\/\/triplex.com.bo\/index.php\/wp-json\/wp\/v2\/media\/18239"}],"wp:attachment":[{"href":"https:\/\/triplex.com.bo\/index.php\/wp-json\/wp\/v2\/media?parent=18237"}],"wp:term":[{"taxonomy":"pwb-brand","embeddable":true,"href":"https:\/\/triplex.com.bo\/index.php\/wp-json\/wp\/v2\/pwb-brand?post=18237"},{"taxonomy":"product_brand","embeddable":true,"href":"https:\/\/triplex.com.bo\/index.php\/wp-json\/wp\/v2\/product_brand?post=18237"},{"taxonomy":"product_cat","embeddable":true,"href":"https:\/\/triplex.com.bo\/index.php\/wp-json\/wp\/v2\/product_cat?post=18237"},{"taxonomy":"product_tag","embeddable":true,"href":"https:\/\/triplex.com.bo\/index.php\/wp-json\/wp\/v2\/product_tag?post=18237"}],"curies":[{"name":"wp","href":"https:\/\/api.w.org\/{rel}","templated":true}]}}