{"id":18170,"date":"2025-12-06T00:24:21","date_gmt":"2025-12-06T04:24:21","guid":{"rendered":"https:\/\/triplex.com.bo\/?post_type=product&#038;p=18170"},"modified":"2026-03-05T10:14:59","modified_gmt":"2026-03-05T14:14:59","slug":"freidora-de-aire-5ltrs-licuadora-electrolux","status":"publish","type":"product","link":"https:\/\/triplex.com.bo\/index.php\/product\/freidora-de-aire-5ltrs-licuadora-electrolux\/","title":{"rendered":"COMBO SANDWICHERA + HERVIDORA ELECTROLUX"},"content":{"rendered":"<p>Descripci\u00f3n del Producto<br \/>\nPrepara deliciosas bebidas calientes y otras recetas para tu familia en cualquier momento del d\u00eda con la practicidad del Hervidor El\u00e9ctrico Electrolux 1,8L Experience.<br \/>\nLa tapa Pop-Up facilita el manejo de tu hervidor para servir de una forma m\u00e1s pr\u00e1ctica y segura. El acabado en Acero Inoxidable proporciona m\u00e1s belleza y durabilidad a tu cocina.<br \/>\nLa base de 360\u00ba es pr\u00e1ctica y permite ubicar el hervidor sobre la base en el \u00e1ngulo que prefieras. La jarra de 1,8L posee gran capacidad, ideal para toda la familia e invitados<br \/>\nPara mayor seguridad, el hervidor el\u00e9ctrico se apaga autom\u00e1ticamente al llegar a los 100\u00b0C, garantiza una mayor seguridad.<br \/>\n.<br \/>\nF\u00e1cil de transportar, el cuerpo del hervidor no tiene cables. Puedes llevar f\u00e1cilmente el agua caliente a cualquier lugar de la casa.<br \/>\nAcabado con detalles en Acero Inoxidable: Combinaci\u00f3n de modernidad y durabilidad en tu cocina.<br \/>\nBase 360\u00b0: Ubica el hervidor sobre la base en el \u00e1ngulo que prefieras<br \/>\nCapacidad 1,8L: Tama\u00f1o ideal para toda la familia e invitados<br \/>\nM\u00e1s Seguridad: Se apaga autom\u00e1ticamente al llegar a los 100\u00b0C, garantiza una mayor seguridad.<br \/>\nVers\u00e1til: Adem\u00e1s de las bebidas calientes, utiliza el hervidor para calentar r\u00e1pidamente el agua que se necesita en la preparaci\u00f3n de otras recetas, como pasta, arroz y mucho m\u00e1s.<br \/>\nTransporte F\u00e1cil: El cuerpo del hervidor no tiene cables. Puedes llevar f\u00e1cilmente el agua caliente a cualquier lugar de la casa<\/p>\n","protected":false},"excerpt":{"rendered":"<p>Descripci\u00f3n del Producto Prepara deliciosas bebidas calientes y otras recetas para tu familia en cualquier momento del d\u00eda con la practicidad del Hervidor El\u00e9ctrico Electrolux 1,8L Experience. La tapa Pop-Up facilita el manejo de tu hervidor para servir de una forma m\u00e1s pr\u00e1ctica y segura. El acabado en Acero Inoxidable proporciona m\u00e1s belleza y durabilidad [&hellip;]<\/p>\n","protected":false},"featured_media":18355,"comment_status":"open","ping_status":"closed","template":"","meta":{"_acf_changed":false},"pwb-brand":[207],"product_brand":[],"product_cat":[157,163,170],"product_tag":[],"class_list":{"0":"post-18170","1":"product","2":"type-product","3":"status-publish","4":"has-post-thumbnail","6":"pwb-brand-electrolux","7":"product_cat-electromenor","8":"product_cat-electromenor-hervidoras","9":"product_cat-electromenor-sandwicheras-wafleras","11":"first","12":"outofstock","13":"shipping-taxable","14":"purchasable","15":"product-type-simple"},"acf":[],"brands":[{"id":207,"name":"Electrolux","slug":"electrolux"}],"_links":{"self":[{"href":"https:\/\/triplex.com.bo\/index.php\/wp-json\/wp\/v2\/product\/18170","targetHints":{"allow":["GET"]}}],"collection":[{"href":"https:\/\/triplex.com.bo\/index.php\/wp-json\/wp\/v2\/product"}],"about":[{"href":"https:\/\/triplex.com.bo\/index.php\/wp-json\/wp\/v2\/types\/product"}],"replies":[{"embeddable":true,"href":"https:\/\/triplex.com.bo\/index.php\/wp-json\/wp\/v2\/comments?post=18170"}],"wp:featuredmedia":[{"embeddable":true,"href":"https:\/\/triplex.com.bo\/index.php\/wp-json\/wp\/v2\/media\/18355"}],"wp:attachment":[{"href":"https:\/\/triplex.com.bo\/index.php\/wp-json\/wp\/v2\/media?parent=18170"}],"wp:term":[{"taxonomy":"pwb-brand","embeddable":true,"href":"https:\/\/triplex.com.bo\/index.php\/wp-json\/wp\/v2\/pwb-brand?post=18170"},{"taxonomy":"product_brand","embeddable":true,"href":"https:\/\/triplex.com.bo\/index.php\/wp-json\/wp\/v2\/product_brand?post=18170"},{"taxonomy":"product_cat","embeddable":true,"href":"https:\/\/triplex.com.bo\/index.php\/wp-json\/wp\/v2\/product_cat?post=18170"},{"taxonomy":"product_tag","embeddable":true,"href":"https:\/\/triplex.com.bo\/index.php\/wp-json\/wp\/v2\/product_tag?post=18170"}],"curies":[{"name":"wp","href":"https:\/\/api.w.org\/{rel}","templated":true}]}}