{"id":18153,"date":"2025-12-05T22:17:24","date_gmt":"2025-12-06T02:17:24","guid":{"rendered":"https:\/\/triplex.com.bo\/?post_type=product&#038;p=18153"},"modified":"2026-03-04T14:36:48","modified_gmt":"2026-03-04T18:36:48","slug":"split-12-000-btu-wifi-r32-white-westinghouse-onoff-2","status":"publish","type":"product","link":"https:\/\/triplex.com.bo\/index.php\/product\/split-12-000-btu-wifi-r32-white-westinghouse-onoff-2\/","title":{"rendered":"COMBO SPLIT 18000 BTU CONVENCIONAL WIFI R32 WHITE WESTINGHOUSE ONOFF"},"content":{"rendered":"<p>Control con funci\u00f3n \u201cFollow-me\u201d. El control mide la temperatura donde se encuentra el control, para comodidad del usuario<br \/>\nEsterilizaci\u00f3n por rayos UV. Viene con los rayos UV incluidos. Esteriliza el aire que pasa.<br \/>\nGenerador de Iones. Funci\u00f3n que atrapa part\u00edculas mediante iones, para que no ingresen al ambiente<br \/>\nTipo Bomba de calefacci\u00f3n<br \/>\nTipo de control Remoto<\/p>\n<p>Datos el\u00e9ctricos<br \/>\nFuente de alimentaci\u00f3n 208-<br \/>\n230V~\/50Hz<br \/>\nRango de voltaje V 165~265<br \/>\nCorriente nominal Refrigeraci\u00f3n A 5.9(1.2~7.3)<br \/>\nCalentamiento A 5.5 (1.2~7.3)<br \/>\nEntrada nominal Refrigeraci\u00f3n W 1255 (250~1600)<br \/>\nCalefacci\u00f3n W 1170 (250~1600)<\/p>\n<p>Sistema de refrigeraci\u00f3n<br \/>\nRefrigerante R32<\/p>\n<p>Conexiones<br \/>\nTubo Conexion Gas Pulgadas 3\/8\u00bb<br \/>\nL\u00edquido Pulgadas 1\/4\u00bb<\/p>\n<p>Otros<br \/>\n\u00c1rea adecuada m2 15~23<br \/>\nNeto Interior mm 790\u00d7275\u00d7192<br \/>\ndimensiones (An x Pr x Al) mm 777\u00d7290\u00d7498Exterior<br \/>\nPeso neto Interior kg 8<br \/>\nExterior kg 22<br \/>\nDimensiones del embalaje (An. x Pr. x Al.) Interior mm 860\u00d7345\u00d7265<br \/>\nmm 818\u00d7325\u00d7520<br \/>\nExterior<br \/>\nPeso bruto con tuber\u00eda Interior kg 10<br \/>\nExterior kg 25<\/p>\n","protected":false},"excerpt":{"rendered":"<p>Control con funci\u00f3n \u201cFollow-me\u201d. El control mide la temperatura donde se encuentra el control, para comodidad del usuario Esterilizaci\u00f3n por rayos UV. Viene con los rayos UV incluidos. Esteriliza el aire que pasa. Generador de Iones. Funci\u00f3n que atrapa part\u00edculas mediante iones, para que no ingresen al ambiente Tipo Bomba de calefacci\u00f3n Tipo de control [&hellip;]<\/p>\n","protected":false},"featured_media":18363,"comment_status":"open","ping_status":"closed","template":"","meta":{"_acf_changed":false},"pwb-brand":[208],"product_brand":[],"product_cat":[152,139],"product_tag":[],"class_list":{"0":"post-18153","1":"product","2":"type-product","3":"status-publish","4":"has-post-thumbnail","6":"pwb-brand-white-westinghouse","7":"product_cat-climatizacion-split","8":"product_cat-climatizacion","10":"first","11":"outofstock","12":"shipping-taxable","13":"purchasable","14":"product-type-simple"},"acf":[],"brands":[{"id":208,"name":"White-Westinghousesss","slug":"white-westinghouse"}],"_links":{"self":[{"href":"https:\/\/triplex.com.bo\/index.php\/wp-json\/wp\/v2\/product\/18153","targetHints":{"allow":["GET"]}}],"collection":[{"href":"https:\/\/triplex.com.bo\/index.php\/wp-json\/wp\/v2\/product"}],"about":[{"href":"https:\/\/triplex.com.bo\/index.php\/wp-json\/wp\/v2\/types\/product"}],"replies":[{"embeddable":true,"href":"https:\/\/triplex.com.bo\/index.php\/wp-json\/wp\/v2\/comments?post=18153"}],"wp:featuredmedia":[{"embeddable":true,"href":"https:\/\/triplex.com.bo\/index.php\/wp-json\/wp\/v2\/media\/18363"}],"wp:attachment":[{"href":"https:\/\/triplex.com.bo\/index.php\/wp-json\/wp\/v2\/media?parent=18153"}],"wp:term":[{"taxonomy":"pwb-brand","embeddable":true,"href":"https:\/\/triplex.com.bo\/index.php\/wp-json\/wp\/v2\/pwb-brand?post=18153"},{"taxonomy":"product_brand","embeddable":true,"href":"https:\/\/triplex.com.bo\/index.php\/wp-json\/wp\/v2\/product_brand?post=18153"},{"taxonomy":"product_cat","embeddable":true,"href":"https:\/\/triplex.com.bo\/index.php\/wp-json\/wp\/v2\/product_cat?post=18153"},{"taxonomy":"product_tag","embeddable":true,"href":"https:\/\/triplex.com.bo\/index.php\/wp-json\/wp\/v2\/product_tag?post=18153"}],"curies":[{"name":"wp","href":"https:\/\/api.w.org\/{rel}","templated":true}]}}