{"id":18139,"date":"2025-12-03T22:50:35","date_gmt":"2025-12-04T02:50:35","guid":{"rendered":"https:\/\/triplex.com.bo\/?post_type=product&#038;p=18139"},"modified":"2026-03-04T14:37:22","modified_gmt":"2026-03-04T18:37:22","slug":"iphone-16-128-gb","status":"publish","type":"product","link":"https:\/\/triplex.com.bo\/index.php\/product\/iphone-16-128-gb\/","title":{"rendered":"CELULAR IPHONE 16 \/ 128 GB"},"content":{"rendered":"<div class=\"active\" role=\"tab\" data-role=\"collapsible\" data-collapsible=\"true\" aria-selected=\"false\" aria-expanded=\"true\">\n<div class=\"title\" tabindex=\"0\" data-role=\"trigger\">\n<h4>Descripci\u00f3n General<\/h4>\n<\/div>\n<\/div>\n<div class=\"description\" role=\"tabpanel\" data-role=\"content\" aria-hidden=\"false\">\n<div class=\"product attribute description\">\n<div class=\"value\">\n<div data-content-type=\"row\" data-appearance=\"contained\" data-element=\"main\">\n<div data-enable-parallax=\"0\" data-parallax-speed=\"0.5\" data-background-images=\"{}\" data-background-type=\"image\" data-video-loop=\"true\" data-video-play-only-visible=\"true\" data-video-lazy-load=\"true\" data-video-fallback-src=\"\" data-element=\"inner\">\n<div data-content-type=\"text\" data-appearance=\"default\" data-element=\"main\">\n<p>El iPhone 16 ofrece una experiencia de uso excepcional con su procesador A18, ideal para tareas intensivas y multitarea. Su pantalla Super Retina XDR OLED de 6.1&#8243; con resoluci\u00f3n HDR asegura im\u00e1genes n\u00edtidas y colores vibrantes, mientras que su dise\u00f1o resistente con clasificaci\u00f3n IP68 lo hace resistente al agua, polvo y ca\u00eddas. Ladoble c\u00e1mara trasera: 48 MP + 12 MP te permiten capturar fotos y videos de alta calidad, y la carga r\u00e1pida e inal\u00e1mbrica te garantiza una bater\u00eda lista en poco tiempo.<\/p>\n<p>Caracter\u00edsticas:<\/p>\n<ul class=\"ui-tabs-nav ui-helper-reset ui-helper-clearfix ui-widget-header ui-corner-all\" role=\"tablist\">\n<li id=\"N37UOE5\">Marca: Apple.<\/li>\n<li>Modelo: 16.<\/li>\n<li><span id=\"H0L4II6\">Color: Negro.<\/span><\/li>\n<li>Sistema Operativo: iOS 18.<\/li>\n<li>Procesador: A18.<\/li>\n<li>Pantalla:<\/li>\n<li>Tama\u00f1o: 6.1&#8243;.<\/li>\n<li>Resoluci\u00f3n: 2556 x 1179 px<\/li>\n<li>Tecnolog\u00eda: OLED, Super Retina XDR.<\/li>\n<li>C\u00e1mara:<\/li>\n<li>Trasera: 48 MP + 12 MP.<\/li>\n<li>Frontal: 12 Mpx (TrueDepth).<\/li>\n<li>Zoom digital: 10x.<\/li>\n<li>Bater\u00eda:<\/li>\n<li>Tipo: Ion de litio.<\/li>\n<li>Carga r\u00e1pida y carga inal\u00e1mbrica.<\/li>\n<li>Seguridad:<\/li>\n<li>Reconocimiento facial.<\/li>\n<li>Bot\u00f3n SOS.<\/li>\n<li>Dise\u00f1o:<\/li>\n<li>Resistencia IP68 (agua, polvo, ca\u00eddas).<\/li>\n<li>Conectividad:<\/li>\n<li>5G, Wi-Fi, GPS, Bluetooth, NFC.<\/li>\n<li>USB-C.<\/li>\n<\/ul>\n<p><strong>Dimensiones:<\/strong><\/p>\n<ul>\n<li>Alto: 14.76 cm.<\/li>\n<li>Ancho: 7.16 cm.<\/li>\n<li>Profundidad: 0.78 cm.<\/li>\n<li>Peso: 173 g.<\/li>\n<\/ul>\n<\/div>\n<\/div>\n<\/div>\n<\/div>\n<\/div>\n<\/div>\n","protected":false},"excerpt":{"rendered":"<p>Descripci\u00f3n General El iPhone 16 ofrece una experiencia de uso excepcional con su procesador A18, ideal para tareas intensivas y multitarea. Su pantalla Super Retina XDR OLED de 6.1&#8243; con resoluci\u00f3n HDR asegura im\u00e1genes n\u00edtidas y colores vibrantes, mientras que su dise\u00f1o resistente con clasificaci\u00f3n IP68 lo hace resistente al agua, polvo y ca\u00eddas. Ladoble [&hellip;]<\/p>\n","protected":false},"featured_media":18141,"comment_status":"open","ping_status":"closed","template":"","meta":{"_acf_changed":false},"pwb-brand":[372],"product_brand":[],"product_cat":[339,195],"product_tag":[430],"class_list":{"0":"post-18139","1":"product","2":"type-product","3":"status-publish","4":"has-post-thumbnail","6":"pwb-brand-iphone","7":"product_cat-tecnologia-celulares","8":"product_cat-tecnologia","9":"product_tag-oferta","11":"first","12":"outofstock","13":"shipping-taxable","14":"purchasable","15":"product-type-simple"},"acf":[],"brands":[{"id":372,"name":"IPHONE","slug":"iphone"}],"_links":{"self":[{"href":"https:\/\/triplex.com.bo\/index.php\/wp-json\/wp\/v2\/product\/18139","targetHints":{"allow":["GET"]}}],"collection":[{"href":"https:\/\/triplex.com.bo\/index.php\/wp-json\/wp\/v2\/product"}],"about":[{"href":"https:\/\/triplex.com.bo\/index.php\/wp-json\/wp\/v2\/types\/product"}],"replies":[{"embeddable":true,"href":"https:\/\/triplex.com.bo\/index.php\/wp-json\/wp\/v2\/comments?post=18139"}],"wp:featuredmedia":[{"embeddable":true,"href":"https:\/\/triplex.com.bo\/index.php\/wp-json\/wp\/v2\/media\/18141"}],"wp:attachment":[{"href":"https:\/\/triplex.com.bo\/index.php\/wp-json\/wp\/v2\/media?parent=18139"}],"wp:term":[{"taxonomy":"pwb-brand","embeddable":true,"href":"https:\/\/triplex.com.bo\/index.php\/wp-json\/wp\/v2\/pwb-brand?post=18139"},{"taxonomy":"product_brand","embeddable":true,"href":"https:\/\/triplex.com.bo\/index.php\/wp-json\/wp\/v2\/product_brand?post=18139"},{"taxonomy":"product_cat","embeddable":true,"href":"https:\/\/triplex.com.bo\/index.php\/wp-json\/wp\/v2\/product_cat?post=18139"},{"taxonomy":"product_tag","embeddable":true,"href":"https:\/\/triplex.com.bo\/index.php\/wp-json\/wp\/v2\/product_tag?post=18139"}],"curies":[{"name":"wp","href":"https:\/\/api.w.org\/{rel}","templated":true}]}}