{"id":17925,"date":"2025-10-27T13:52:28","date_gmt":"2025-10-27T17:52:28","guid":{"rendered":"https:\/\/triplex.com.bo\/?post_type=product&#038;p=17925"},"modified":"2026-03-04T21:03:42","modified_gmt":"2026-03-05T01:03:42","slug":"moto-akt-ak150-nkd-negro-2026","status":"publish","type":"product","link":"https:\/\/triplex.com.bo\/index.php\/product\/moto-akt-ak150-nkd-negro-2026\/","title":{"rendered":"MOTO AKT AK150 NKD NEGRO MATE 2026"},"content":{"rendered":"<p><b>Componente<\/b><b>Especificaci\u00f3n Clave<\/b><b>Beneficio para el Usuario<\/b><\/p>\n<p><b>MOTOR<\/b>4 tiempos CG OHV, 150 CCMotor simple, confiable y f\u00e1cil de mantener.<\/p>\n<p><b>POTENCIA<\/b>11.4 HP @ 8000 RPMSuficiente potencia para el tr\u00e1fico urbano y carga ligera.<\/p>\n<p><b>TORQUE M\u00c1XIMO<\/b>10 NM @ 7500 RPMBuena fuerza de arranque y respuesta r\u00e1pida.<\/p>\n<p><b>CONSUMO<\/b><b>45 Km \/ Litro<\/b><b>\u00a1M\u00e1ximo ahorro!<\/b> Menos visitas a la gasolinera<\/p>\n<p>.<b>CAJA DE VELOCIDAD<\/b>5 VelocidadesControl total y un manejo m\u00e1s vers\u00e1til.<\/p>\n<p><b>ARRANQUE<\/b>El\u00e9ctrico y PedalDoble seguridad para que siempre puedas encenderla.<\/p>\n<p><b>FRENO DELANTERO<\/b>Disco LobuladoMejor capacidad de frenado y seguridad en el reparto.<\/p>\n<p><b>FRENO TRASERO<\/b>TamborSistema simple y robusto.<\/p>\n<p><b>SUSPENSI\u00d3N<\/b>Telesc\u00f3pica delantera y Doble amortiguador trasero regulableConfort y estabilidad, incluso con carga.<\/p>\n<p><b>CAPACIDAD TANQUE<\/b>10 Litros Autonom\u00eda decente para largas jornadas de trabajo.<\/p>\n<p><b>PESO<\/b>99.5 KgExtremadamente ligera, \u00e1gil y f\u00e1cil de maniobrar en la ciudad.<\/p>\n","protected":false},"excerpt":{"rendered":"<p>ComponenteEspecificaci\u00f3n ClaveBeneficio para el Usuario MOTOR4 tiempos CG OHV, 150 CCMotor simple, confiable y f\u00e1cil de mantener. POTENCIA11.4 HP @ 8000 RPMSuficiente potencia para el tr\u00e1fico urbano y carga ligera. TORQUE M\u00c1XIMO10 NM @ 7500 RPMBuena fuerza de arranque y respuesta r\u00e1pida. CONSUMO45 Km \/ Litro\u00a1M\u00e1ximo ahorro! Menos visitas a la gasolinera .CAJA DE VELOCIDAD5 [&hellip;]<\/p>\n","protected":false},"featured_media":18474,"comment_status":"open","ping_status":"closed","template":"","meta":{"_acf_changed":false},"pwb-brand":[427],"product_brand":[],"product_cat":[345,209],"product_tag":[],"class_list":{"0":"post-17925","1":"product","2":"type-product","3":"status-publish","4":"has-post-thumbnail","6":"pwb-brand-akt","7":"product_cat-motos","8":"product_cat-ofertas-especiales","10":"first","11":"instock","12":"sale","13":"shipping-taxable","14":"purchasable","15":"product-type-simple"},"acf":[],"brands":[{"id":427,"name":"AKT","slug":"akt"}],"_links":{"self":[{"href":"https:\/\/triplex.com.bo\/index.php\/wp-json\/wp\/v2\/product\/17925","targetHints":{"allow":["GET"]}}],"collection":[{"href":"https:\/\/triplex.com.bo\/index.php\/wp-json\/wp\/v2\/product"}],"about":[{"href":"https:\/\/triplex.com.bo\/index.php\/wp-json\/wp\/v2\/types\/product"}],"replies":[{"embeddable":true,"href":"https:\/\/triplex.com.bo\/index.php\/wp-json\/wp\/v2\/comments?post=17925"}],"wp:featuredmedia":[{"embeddable":true,"href":"https:\/\/triplex.com.bo\/index.php\/wp-json\/wp\/v2\/media\/18474"}],"wp:attachment":[{"href":"https:\/\/triplex.com.bo\/index.php\/wp-json\/wp\/v2\/media?parent=17925"}],"wp:term":[{"taxonomy":"pwb-brand","embeddable":true,"href":"https:\/\/triplex.com.bo\/index.php\/wp-json\/wp\/v2\/pwb-brand?post=17925"},{"taxonomy":"product_brand","embeddable":true,"href":"https:\/\/triplex.com.bo\/index.php\/wp-json\/wp\/v2\/product_brand?post=17925"},{"taxonomy":"product_cat","embeddable":true,"href":"https:\/\/triplex.com.bo\/index.php\/wp-json\/wp\/v2\/product_cat?post=17925"},{"taxonomy":"product_tag","embeddable":true,"href":"https:\/\/triplex.com.bo\/index.php\/wp-json\/wp\/v2\/product_tag?post=17925"}],"curies":[{"name":"wp","href":"https:\/\/api.w.org\/{rel}","templated":true}]}}