{"id":17884,"date":"2025-10-20T14:08:24","date_gmt":"2025-10-20T18:08:24","guid":{"rendered":"https:\/\/triplex.com.bo\/?post_type=product&#038;p=17884"},"modified":"2026-03-17T22:04:17","modified_gmt":"2026-03-18T02:04:17","slug":"televisor-hqled-de-65-google-tv","status":"publish","type":"product","link":"https:\/\/triplex.com.bo\/index.php\/product\/televisor-hqled-de-65-google-tv\/","title":{"rendered":"TELEVISOR HQLED DE 65&#8243; GOOGLE tv"},"content":{"rendered":"<table id=\"product-attribute-specs-table\" class=\"data table additional-attributes\">\n<tbody>\n<tr>\n<th class=\"label\" scope=\"row\">Marca<\/th>\n<td class=\"data\" data-th=\"Marca\">HAIER<\/td>\n<\/tr>\n<tr>\n<th class=\"label\" scope=\"row\">Modelo<\/th>\n<td class=\"data\" data-th=\"Modelo\">P751<\/td>\n<\/tr>\n<tr>\n<th class=\"label\" scope=\"row\">Tama\u00f1o de Pantalla<\/th>\n<td class=\"data\" data-th=\"Tama\u00f1o de Pantalla\">65 Pulgadas<\/td>\n<\/tr>\n<tr>\n<th class=\"label\" scope=\"row\">Resoluci\u00f3n<\/th>\n<td class=\"data\" data-th=\"Resoluci\u00f3n\">3840&#215;2160<\/td>\n<\/tr>\n<tr>\n<th class=\"label\" scope=\"row\">Dise\u00f1o<\/th>\n<td class=\"data\" data-th=\"Dise\u00f1o\">Delgado<\/td>\n<\/tr>\n<tr>\n<th class=\"label\" scope=\"row\">Color<\/th>\n<td class=\"data\" data-th=\"Color\">Negro<\/td>\n<\/tr>\n<tr>\n<th class=\"label\" scope=\"row\">Sistema Operativo<\/th>\n<td class=\"data\" data-th=\"Sistema Operativo\">Google TV<\/td>\n<\/tr>\n<tr>\n<th class=\"label\" scope=\"row\">Compatibilidad HDR<\/th>\n<td class=\"data\" data-th=\"Compatibilidad HDR\">HDR10<\/td>\n<\/tr>\n<tr>\n<th class=\"label\" scope=\"row\">Mejora de Color<\/th>\n<td class=\"data\" data-th=\"Mejora de Color\">Dolby Vision<\/td>\n<\/tr>\n<tr>\n<th class=\"label\" scope=\"row\">Compatibilidad con Audio<\/th>\n<td class=\"data\" data-th=\"Compatibilidad con Audio\">Dolby Atmos<\/td>\n<\/tr>\n<tr>\n<th class=\"label\" scope=\"row\">Conectividad<\/th>\n<td class=\"data\" data-th=\"Conectividad\">BLUETOOTH &#8211; WIFI<\/td>\n<\/tr>\n<tr>\n<th class=\"label\" scope=\"row\">Entradas<\/th>\n<td class=\"data\" data-th=\"Entradas\">4x HDMI &#8211; 1x Antena &#8211; 1x RCA &#8211; 1x Ethernet lan<\/td>\n<\/tr>\n<tr>\n<th class=\"label\" scope=\"row\">Puertos USB<\/th>\n<td class=\"data\" data-th=\"Puertos USB\">2<\/td>\n<\/tr>\n<tr>\n<th class=\"label\" scope=\"row\">Salida de Sonido<\/th>\n<td class=\"data\" data-th=\"Salida de Sonido\">2.0<\/td>\n<\/tr>\n<tr>\n<th class=\"label\" scope=\"row\">Tipo de Altavoz<\/th>\n<td class=\"data\" data-th=\"Tipo de Altavoz\">10w Surround<\/td>\n<\/tr>\n<tr>\n<th class=\"label\" scope=\"row\">Chromecast<\/th>\n<td class=\"data\" data-th=\"Chromecast\">SI<\/td>\n<\/tr>\n<tr>\n<th class=\"label\" scope=\"row\">Alimentaci\u00f3n<\/th>\n<td class=\"data\" data-th=\"Alimentaci\u00f3n\">110-240 v<\/td>\n<\/tr>\n<tr>\n<th class=\"label\" scope=\"row\">Accesorios<\/th>\n<td class=\"data\" data-th=\"Accesorios\">Control remoto<\/td>\n<\/tr>\n<tr>\n<th class=\"label\" scope=\"row\">Dimensiones<\/th>\n<td class=\"data\" data-th=\"Dimensiones\">1445.7 x903 x 332.5 mm<\/td>\n<\/tr>\n<tr>\n<th class=\"label\" scope=\"row\">Peso<\/th>\n<td class=\"data\" data-th=\"Peso\">16.3 Kg<\/td>\n<\/tr>\n<\/tbody>\n<\/table>\n","protected":false},"excerpt":{"rendered":"<p>Marca HAIER Modelo P751 Tama\u00f1o de Pantalla 65 Pulgadas Resoluci\u00f3n 3840&#215;2160 Dise\u00f1o Delgado Color Negro Sistema Operativo Google TV Compatibilidad HDR HDR10 Mejora de Color Dolby Vision Compatibilidad con Audio Dolby Atmos Conectividad BLUETOOTH &#8211; WIFI Entradas 4x HDMI &#8211; 1x Antena &#8211; 1x RCA &#8211; 1x Ethernet lan Puertos USB 2 Salida de Sonido [&hellip;]<\/p>\n","protected":false},"featured_media":18117,"comment_status":"open","ping_status":"closed","template":"","meta":{"_acf_changed":false},"pwb-brand":[],"product_brand":[],"product_cat":[178,284,137],"product_tag":[],"class_list":{"0":"post-17884","1":"product","2":"type-product","3":"status-publish","4":"has-post-thumbnail","6":"product_cat-tv-y-video-televisores","7":"product_cat-tv","8":"product_cat-audio","10":"first","11":"outofstock","12":"shipping-taxable","13":"purchasable","14":"product-type-simple"},"acf":[],"brands":[],"_links":{"self":[{"href":"https:\/\/triplex.com.bo\/index.php\/wp-json\/wp\/v2\/product\/17884","targetHints":{"allow":["GET"]}}],"collection":[{"href":"https:\/\/triplex.com.bo\/index.php\/wp-json\/wp\/v2\/product"}],"about":[{"href":"https:\/\/triplex.com.bo\/index.php\/wp-json\/wp\/v2\/types\/product"}],"replies":[{"embeddable":true,"href":"https:\/\/triplex.com.bo\/index.php\/wp-json\/wp\/v2\/comments?post=17884"}],"wp:featuredmedia":[{"embeddable":true,"href":"https:\/\/triplex.com.bo\/index.php\/wp-json\/wp\/v2\/media\/18117"}],"wp:attachment":[{"href":"https:\/\/triplex.com.bo\/index.php\/wp-json\/wp\/v2\/media?parent=17884"}],"wp:term":[{"taxonomy":"pwb-brand","embeddable":true,"href":"https:\/\/triplex.com.bo\/index.php\/wp-json\/wp\/v2\/pwb-brand?post=17884"},{"taxonomy":"product_brand","embeddable":true,"href":"https:\/\/triplex.com.bo\/index.php\/wp-json\/wp\/v2\/product_brand?post=17884"},{"taxonomy":"product_cat","embeddable":true,"href":"https:\/\/triplex.com.bo\/index.php\/wp-json\/wp\/v2\/product_cat?post=17884"},{"taxonomy":"product_tag","embeddable":true,"href":"https:\/\/triplex.com.bo\/index.php\/wp-json\/wp\/v2\/product_tag?post=17884"}],"curies":[{"name":"wp","href":"https:\/\/api.w.org\/{rel}","templated":true}]}}