{"id":17880,"date":"2025-10-20T11:34:10","date_gmt":"2025-10-20T15:34:10","guid":{"rendered":"https:\/\/triplex.com.bo\/?post_type=product&#038;p=17880"},"modified":"2025-12-24T16:43:46","modified_gmt":"2025-12-24T20:43:46","slug":"bicicleta-monark-xtreme-xc-aro-29-plata-medium","status":"publish","type":"product","link":"https:\/\/triplex.com.bo\/index.php\/product\/bicicleta-monark-xtreme-xc-aro-29-plata-medium\/","title":{"rendered":"BICICLETA MONARK XTREME XC ARO 29&#8243; PLATA MEDIUM"},"content":{"rendered":"<ul>\n<li>Marca: Monark<\/li>\n<li>Medida del aro: 29&#8243;<\/li>\n<li>Asiento: Ligero con dise\u00f1o ergon\u00f3mico<\/li>\n<li>Genero: Unisex<\/li>\n<li>Material del tim\u00f3n: Aluminio<\/li>\n<li>Material del marco: Aluminio con cableado interno<\/li>\n<li>Material del aro: Aluminio<\/li>\n<li>N\u00famero de cambios: 1&#215;9 Shimano Cues<\/li>\n<li>Velocidades: 9<\/li>\n<li>Material de pedal: Pl\u00e1stico<\/li>\n<li>Material biela: Aluminio<\/li>\n<li>Pi\u00f1on: 11-46T<\/li>\n<li>Peso Neto \/ Peso Bruto (Kg): 13 kg \/ 18 kg<\/li>\n<li>Requiere armado: S\u00ed<\/li>\n<li>Suspensi\u00f3n: Delantera<\/li>\n<li>Tipo de bicicleta: Cross Country \/ Monta\u00f1era<\/li>\n<li>Tipo de freno: Hidraulico<\/li>\n<li>\u00abGarant\u00eda del proveedor: Cuadro y horquilla r\u00edgida: de por vida.<\/li>\n<li>Horquilla de suspensi\u00f3n, pintura y dem\u00e1s partes y componentes: 1 a\u00f1o\u00bb<\/li>\n<li>Medidas de la caja: 148cmx22cmx78cm<\/li>\n<li>Medidas del producto armado: 183 x 71.5 x 110 cm<\/li>\n<li>Llantas: Skinwall<\/li>\n<\/ul>\n","protected":false},"excerpt":{"rendered":"<p>Marca: Monark Medida del aro: 29&#8243; Asiento: Ligero con dise\u00f1o ergon\u00f3mico Genero: Unisex Material del tim\u00f3n: Aluminio Material del marco: Aluminio con cableado interno Material del aro: Aluminio N\u00famero de cambios: 1&#215;9 Shimano Cues Velocidades: 9 Material de pedal: Pl\u00e1stico Material biela: Aluminio Pi\u00f1on: 11-46T Peso Neto \/ Peso Bruto (Kg): 13 kg \/ 18 [&hellip;]<\/p>\n","protected":false},"featured_media":17876,"comment_status":"open","ping_status":"closed","template":"","meta":{"_acf_changed":false},"pwb-brand":[413],"product_brand":[],"product_cat":[15],"product_tag":[],"class_list":{"0":"post-17880","1":"product","2":"type-product","3":"status-publish","4":"has-post-thumbnail","6":"pwb-brand-monark","7":"product_cat-bicicletas","9":"first","10":"outofstock","11":"shipping-taxable","12":"purchasable","13":"product-type-simple"},"acf":[],"brands":[{"id":413,"name":"MONARK","slug":"monark"}],"_links":{"self":[{"href":"https:\/\/triplex.com.bo\/index.php\/wp-json\/wp\/v2\/product\/17880","targetHints":{"allow":["GET"]}}],"collection":[{"href":"https:\/\/triplex.com.bo\/index.php\/wp-json\/wp\/v2\/product"}],"about":[{"href":"https:\/\/triplex.com.bo\/index.php\/wp-json\/wp\/v2\/types\/product"}],"replies":[{"embeddable":true,"href":"https:\/\/triplex.com.bo\/index.php\/wp-json\/wp\/v2\/comments?post=17880"}],"wp:featuredmedia":[{"embeddable":true,"href":"https:\/\/triplex.com.bo\/index.php\/wp-json\/wp\/v2\/media\/17876"}],"wp:attachment":[{"href":"https:\/\/triplex.com.bo\/index.php\/wp-json\/wp\/v2\/media?parent=17880"}],"wp:term":[{"taxonomy":"pwb-brand","embeddable":true,"href":"https:\/\/triplex.com.bo\/index.php\/wp-json\/wp\/v2\/pwb-brand?post=17880"},{"taxonomy":"product_brand","embeddable":true,"href":"https:\/\/triplex.com.bo\/index.php\/wp-json\/wp\/v2\/product_brand?post=17880"},{"taxonomy":"product_cat","embeddable":true,"href":"https:\/\/triplex.com.bo\/index.php\/wp-json\/wp\/v2\/product_cat?post=17880"},{"taxonomy":"product_tag","embeddable":true,"href":"https:\/\/triplex.com.bo\/index.php\/wp-json\/wp\/v2\/product_tag?post=17880"}],"curies":[{"name":"wp","href":"https:\/\/api.w.org\/{rel}","templated":true}]}}