{"id":17843,"date":"2025-10-20T09:35:34","date_gmt":"2025-10-20T13:35:34","guid":{"rendered":"https:\/\/triplex.com.bo\/?post_type=product&#038;p=17843"},"modified":"2025-12-03T10:54:34","modified_gmt":"2025-12-03T14:54:34","slug":"bicicleta-monark-legend-aro-26-morado","status":"publish","type":"product","link":"https:\/\/triplex.com.bo\/index.php\/product\/bicicleta-monark-legend-aro-26-morado\/","title":{"rendered":"BICICLETA MONARK LEGEND ARO 26&#8243; MORADO"},"content":{"rendered":"<ul>\n<li>Modelo: LEGEND 26&#8243;<\/li>\n<li>Colores: \u00a0 \u00a0Morado<\/li>\n<li>Talla de Usuario: \u00a0 160 cm +<\/li>\n<li>Edad Recomendada: \u00a0 12 a m\u00e1s<\/li>\n<li>Material Marco: Acero<\/li>\n<li>Material Horquilla: Acero<\/li>\n<li>Partes B.B.: \u00a0 \u00a0Acero, Tipo D, 6 piezas<\/li>\n<li>Medida del Aro: 26&#8243;<\/li>\n<li>Material del Aro: \u00a0 Aluminio, doble pared<\/li>\n<li>Radios: Acero, 14G* 32 H<\/li>\n<li>Masa Delantera: Acero con cierre r\u00e1pido, M9\u00d7100\u00d7108 mm<\/li>\n<li>Masa Posterior: Acero con cierre r\u00e1pido, M10\u00d7130\u00d7140 mm<\/li>\n<li>Llantas: \u00a0 \u00a026*2.3<\/li>\n<li>Sistema de Suspensi\u00f3n: \u00a0&#8212;<\/li>\n<li>Material del Tim\u00f3n: Acero<\/li>\n<li>Asiento: \u00a0 \u00a0Para bicileta urbana<\/li>\n<li>Poste de Asiento: \u00a0 Acero, con abrazadera, \u00d8 25.4 mm<\/li>\n<li>Palanca de Cambios: Shimano RV300, giratorio lado derecho<\/li>\n<li>Desviador Delantero: \u00a0 \u00a0&#8212;<\/li>\n<li>Desviador Posterior: \u00a0 \u00a0Shimano, RD-TY21<\/li>\n<li>Tipo de Freno: \u00a0Disco, \u00d8160 mm delantero y posterior<\/li>\n<li>Palanca de freno: \u00a0 Aluminio\/PP<\/li>\n<li>Velocidades: \u00a0 \u00a06 velocidades<\/li>\n<li>Pedales: \u00a0 \u00a0Pl\u00e1stico, con pegamento gris, con bola, con reflector, 9\/16&#8243;<\/li>\n<li>Biela: \u00a0Acero, 1\/2&#8243;\u00d73\/32&#8243;\u00d738T+170L<\/li>\n<li>Pi\u00f1\u00f3n: \u00a0Acero, 7 corona<\/li>\n<li>Reflector Delantero: \u00a0 \u00a0&#8212;<\/li>\n<li>Reflector Posterior: \u00a0 \u00a0&#8212;<\/li>\n<li>Guardafango: \u00a0 \u00a0&#8212;<\/li>\n<li>Parador: \u00a0 \u00a0Acero, Tipo central<\/li>\n<li>Canasta: \u00a0 \u00a0&#8212;<\/li>\n<li>Portapaquete: \u00a0 Acero<\/li>\n<li>Ruedas Auxiliares: \u00a0&#8212;<\/li>\n<li>Protectores de tim\u00f3n: \u00a0 &#8212;<\/li>\n<li>Escudo de Tim\u00f3n: \u00a0 \u00a0&#8212;<\/li>\n<li>Cubrecadena: \u00a0 \u00a0&#8212;<\/li>\n<li>Cover de Aro: \u00a0 &#8212;<\/li>\n<li>Timbre: &#8212;<\/li>\n<li>Bocina: &#8212;<\/li>\n<li>Portamu\u00f1eca: \u00a0 \u00a0&#8212;<\/li>\n<li>Portabotellas: \u00a0&#8212;<\/li>\n<li>Medida de la Caja (cm): 140x21x81 cm<\/li>\n<li>Medida del producto Armado (cm): \u00a0 \u00a0175x62x115 cm<\/li>\n<li>Peso Neto \/ Peso Bruto (Kg): \u00a0 \u00a018\/21 Kg<\/li>\n<\/ul>\n","protected":false},"excerpt":{"rendered":"<p>Modelo: LEGEND 26&#8243; Colores: \u00a0 \u00a0Morado Talla de Usuario: \u00a0 160 cm + Edad Recomendada: \u00a0 12 a m\u00e1s Material Marco: Acero Material Horquilla: Acero Partes B.B.: \u00a0 \u00a0Acero, Tipo D, 6 piezas Medida del Aro: 26&#8243; Material del Aro: \u00a0 Aluminio, doble pared Radios: Acero, 14G* 32 H Masa Delantera: Acero con cierre r\u00e1pido, [&hellip;]<\/p>\n","protected":false},"featured_media":17844,"comment_status":"open","ping_status":"closed","template":"","meta":{"_acf_changed":false},"pwb-brand":[413],"product_brand":[],"product_cat":[15],"product_tag":[],"class_list":{"0":"post-17843","1":"product","2":"type-product","3":"status-publish","4":"has-post-thumbnail","6":"pwb-brand-monark","7":"product_cat-bicicletas","9":"first","10":"instock","11":"shipping-taxable","12":"purchasable","13":"product-type-simple"},"acf":[],"brands":[{"id":413,"name":"MONARK","slug":"monark"}],"_links":{"self":[{"href":"https:\/\/triplex.com.bo\/index.php\/wp-json\/wp\/v2\/product\/17843","targetHints":{"allow":["GET"]}}],"collection":[{"href":"https:\/\/triplex.com.bo\/index.php\/wp-json\/wp\/v2\/product"}],"about":[{"href":"https:\/\/triplex.com.bo\/index.php\/wp-json\/wp\/v2\/types\/product"}],"replies":[{"embeddable":true,"href":"https:\/\/triplex.com.bo\/index.php\/wp-json\/wp\/v2\/comments?post=17843"}],"wp:featuredmedia":[{"embeddable":true,"href":"https:\/\/triplex.com.bo\/index.php\/wp-json\/wp\/v2\/media\/17844"}],"wp:attachment":[{"href":"https:\/\/triplex.com.bo\/index.php\/wp-json\/wp\/v2\/media?parent=17843"}],"wp:term":[{"taxonomy":"pwb-brand","embeddable":true,"href":"https:\/\/triplex.com.bo\/index.php\/wp-json\/wp\/v2\/pwb-brand?post=17843"},{"taxonomy":"product_brand","embeddable":true,"href":"https:\/\/triplex.com.bo\/index.php\/wp-json\/wp\/v2\/product_brand?post=17843"},{"taxonomy":"product_cat","embeddable":true,"href":"https:\/\/triplex.com.bo\/index.php\/wp-json\/wp\/v2\/product_cat?post=17843"},{"taxonomy":"product_tag","embeddable":true,"href":"https:\/\/triplex.com.bo\/index.php\/wp-json\/wp\/v2\/product_tag?post=17843"}],"curies":[{"name":"wp","href":"https:\/\/api.w.org\/{rel}","templated":true}]}}