{"id":17812,"date":"2025-10-16T16:33:51","date_gmt":"2025-10-16T20:33:51","guid":{"rendered":"https:\/\/triplex.com.bo\/?post_type=product&#038;p=17812"},"modified":"2026-03-04T17:38:08","modified_gmt":"2026-03-04T21:38:08","slug":"bicicleta-monark-moana-flowers-aro-16-amarillo","status":"publish","type":"product","link":"https:\/\/triplex.com.bo\/index.php\/product\/bicicleta-monark-moana-flowers-aro-16-amarillo\/","title":{"rendered":"BICICLETA MONARK MOANA FLOWERS ARO 16&#8243; AMARILLO"},"content":{"rendered":"<ul>\n<li>Modelo: MOANA FLOWERS 16&#8243;<\/li>\n<li>Colores: AMARILLO<\/li>\n<li>Material Marco: Acero<\/li>\n<li>Medida del Aro: 16&#8243;<\/li>\n<li>Material del Aro: Aluminio, una pared<\/li>\n<li>Llantas: 16&#215;2.125<\/li>\n<li>Material del Tim\u00f3n: Tipo BMX, Acero<\/li>\n<li>Tipo de Freno: V-Brake delantero<\/li>\n<li>Asiento: Para ni\u00f1a con dise\u00f1o<\/li>\n<li>Material de los Pedales: Resina de pl\u00e1stico con reflector<\/li>\n<li>Guardafango: P\u00e1stico<\/li>\n<li>Canasta: Si<\/li>\n<li>Portapaquete : Si, con colchoneta<\/li>\n<li>Ruedas Auxiliares: Si<\/li>\n<li>Cubrecadena: Si, pl\u00e1stico<\/li>\n<li>Cover de Aro: Delantero y posterior<\/li>\n<li>Timbre: Si<\/li>\n<li>Medida de la Caja (cm): 95&#215;18.5&#215;47 cm<\/li>\n<li>Medida del producto Armado (cm): 114x54x81 cm<\/li>\n<li>Peso Neto \/ Peso Bruto (Kg): 10.9 \/ 12 Kg<\/li>\n<\/ul>\n","protected":false},"excerpt":{"rendered":"<p>Modelo: MOANA FLOWERS 16&#8243; Colores: AMARILLO Material Marco: Acero Medida del Aro: 16&#8243; Material del Aro: Aluminio, una pared Llantas: 16&#215;2.125 Material del Tim\u00f3n: Tipo BMX, Acero Tipo de Freno: V-Brake delantero Asiento: Para ni\u00f1a con dise\u00f1o Material de los Pedales: Resina de pl\u00e1stico con reflector Guardafango: P\u00e1stico Canasta: Si Portapaquete : Si, con colchoneta [&hellip;]<\/p>\n","protected":false},"featured_media":17815,"comment_status":"open","ping_status":"closed","template":"","meta":{"_acf_changed":false},"pwb-brand":[413],"product_brand":[],"product_cat":[15],"product_tag":[],"class_list":{"0":"post-17812","1":"product","2":"type-product","3":"status-publish","4":"has-post-thumbnail","6":"pwb-brand-monark","7":"product_cat-bicicletas","9":"first","10":"instock","11":"shipping-taxable","12":"purchasable","13":"product-type-simple"},"acf":[],"brands":[{"id":413,"name":"MONARK","slug":"monark"}],"_links":{"self":[{"href":"https:\/\/triplex.com.bo\/index.php\/wp-json\/wp\/v2\/product\/17812","targetHints":{"allow":["GET"]}}],"collection":[{"href":"https:\/\/triplex.com.bo\/index.php\/wp-json\/wp\/v2\/product"}],"about":[{"href":"https:\/\/triplex.com.bo\/index.php\/wp-json\/wp\/v2\/types\/product"}],"replies":[{"embeddable":true,"href":"https:\/\/triplex.com.bo\/index.php\/wp-json\/wp\/v2\/comments?post=17812"}],"wp:featuredmedia":[{"embeddable":true,"href":"https:\/\/triplex.com.bo\/index.php\/wp-json\/wp\/v2\/media\/17815"}],"wp:attachment":[{"href":"https:\/\/triplex.com.bo\/index.php\/wp-json\/wp\/v2\/media?parent=17812"}],"wp:term":[{"taxonomy":"pwb-brand","embeddable":true,"href":"https:\/\/triplex.com.bo\/index.php\/wp-json\/wp\/v2\/pwb-brand?post=17812"},{"taxonomy":"product_brand","embeddable":true,"href":"https:\/\/triplex.com.bo\/index.php\/wp-json\/wp\/v2\/product_brand?post=17812"},{"taxonomy":"product_cat","embeddable":true,"href":"https:\/\/triplex.com.bo\/index.php\/wp-json\/wp\/v2\/product_cat?post=17812"},{"taxonomy":"product_tag","embeddable":true,"href":"https:\/\/triplex.com.bo\/index.php\/wp-json\/wp\/v2\/product_tag?post=17812"}],"curies":[{"name":"wp","href":"https:\/\/api.w.org\/{rel}","templated":true}]}}