{"id":17796,"date":"2025-10-16T16:13:47","date_gmt":"2025-10-16T20:13:47","guid":{"rendered":"https:\/\/triplex.com.bo\/?post_type=product&#038;p=17796"},"modified":"2025-12-23T22:16:38","modified_gmt":"2025-12-24T02:16:38","slug":"bicicleta-mickey-rock-12-monark","status":"publish","type":"product","link":"https:\/\/triplex.com.bo\/index.php\/product\/bicicleta-mickey-rock-12-monark\/","title":{"rendered":"BICICLETA MICKEY ROCK 12&#8243; MONARK"},"content":{"rendered":"<ul>\n<li>Modelo: MICKEY ROCK 12&#8243;<\/li>\n<li>Colores: Rojo<\/li>\n<li>Material Marco: Acero<\/li>\n<li>Medida del Aro: 12&#8243;<\/li>\n<li>Material del Aro: Acero<\/li>\n<li>Llantas: 12&#215;2.125<\/li>\n<li>Material del Tim\u00f3n: Tipo BMX, Acero<\/li>\n<li>Tipo de Freno: V-Brake delantero y posterior banda<\/li>\n<li>Asiento: Para ni\u00f1o<\/li>\n<li>Material de los Pedales: Resina de pl\u00e1stico con reflector<\/li>\n<li>Guardafango: Acero<\/li>\n<li>Ruedas Auxiliares: Si<\/li>\n<li>Protectores de tim\u00f3n: Si<\/li>\n<li>Cubrecadena: Si, pl\u00e1stico<\/li>\n<li>Medida de la Caja (cm): 75&#215;18.5&#215;41 cm<\/li>\n<li>Medida del producto Armado (cm): 90x52x65 cm<\/li>\n<li>Peso Neto \/ Peso Bruto (Kg): 8.9 \/ 9.8 Kg<\/li>\n<\/ul>\n","protected":false},"excerpt":{"rendered":"<p>Modelo: MICKEY ROCK 12&#8243; Colores: Rojo Material Marco: Acero Medida del Aro: 12&#8243; Material del Aro: Acero Llantas: 12&#215;2.125 Material del Tim\u00f3n: Tipo BMX, Acero Tipo de Freno: V-Brake delantero y posterior banda Asiento: Para ni\u00f1o Material de los Pedales: Resina de pl\u00e1stico con reflector Guardafango: Acero Ruedas Auxiliares: Si Protectores de tim\u00f3n: Si Cubrecadena: [&hellip;]<\/p>\n","protected":false},"featured_media":17797,"comment_status":"open","ping_status":"closed","template":"","meta":{"_acf_changed":false},"pwb-brand":[413],"product_brand":[],"product_cat":[15],"product_tag":[],"class_list":{"0":"post-17796","1":"product","2":"type-product","3":"status-publish","4":"has-post-thumbnail","6":"pwb-brand-monark","7":"product_cat-bicicletas","9":"first","10":"outofstock","11":"shipping-taxable","12":"purchasable","13":"product-type-simple"},"acf":[],"brands":[{"id":413,"name":"MONARK","slug":"monark"}],"_links":{"self":[{"href":"https:\/\/triplex.com.bo\/index.php\/wp-json\/wp\/v2\/product\/17796","targetHints":{"allow":["GET"]}}],"collection":[{"href":"https:\/\/triplex.com.bo\/index.php\/wp-json\/wp\/v2\/product"}],"about":[{"href":"https:\/\/triplex.com.bo\/index.php\/wp-json\/wp\/v2\/types\/product"}],"replies":[{"embeddable":true,"href":"https:\/\/triplex.com.bo\/index.php\/wp-json\/wp\/v2\/comments?post=17796"}],"wp:featuredmedia":[{"embeddable":true,"href":"https:\/\/triplex.com.bo\/index.php\/wp-json\/wp\/v2\/media\/17797"}],"wp:attachment":[{"href":"https:\/\/triplex.com.bo\/index.php\/wp-json\/wp\/v2\/media?parent=17796"}],"wp:term":[{"taxonomy":"pwb-brand","embeddable":true,"href":"https:\/\/triplex.com.bo\/index.php\/wp-json\/wp\/v2\/pwb-brand?post=17796"},{"taxonomy":"product_brand","embeddable":true,"href":"https:\/\/triplex.com.bo\/index.php\/wp-json\/wp\/v2\/product_brand?post=17796"},{"taxonomy":"product_cat","embeddable":true,"href":"https:\/\/triplex.com.bo\/index.php\/wp-json\/wp\/v2\/product_cat?post=17796"},{"taxonomy":"product_tag","embeddable":true,"href":"https:\/\/triplex.com.bo\/index.php\/wp-json\/wp\/v2\/product_tag?post=17796"}],"curies":[{"name":"wp","href":"https:\/\/api.w.org\/{rel}","templated":true}]}}