{"id":17703,"date":"2025-08-21T14:48:48","date_gmt":"2025-08-21T18:48:48","guid":{"rendered":"https:\/\/triplex.com.bo\/?post_type=product&#038;p=17703"},"modified":"2026-03-04T20:16:36","modified_gmt":"2026-03-05T00:16:36","slug":"exprimidora-de-naranja-mademsa-negra","status":"publish","type":"product","link":"https:\/\/triplex.com.bo\/index.php\/product\/exprimidora-de-naranja-mademsa-negra\/","title":{"rendered":"EXPRIMIDORA DE NARANJA MADEMSA NEGRA"},"content":{"rendered":"<p>Exprimidor Mademsa 0,8L con Rotaci\u00f3n Alternada MJP10 Gris El Exprimidor de C\u00edtricos Mademsa<br \/>\nMJP10 es f\u00e1cil de usar y trae m\u00e1s practicidad para tu d\u00eda a d\u00eda. Con \u00e9l podr\u00e1s experimentar lo mejor del<br \/>\nsabor y lo mejor de la textura de un jugo reci\u00e9n exprimido, de la comodidad desde tu propio hogar. Para<br \/>\nextraer el zumo r\u00e1pidamente, s\u00f3lo necesitas presionar la fruta en el exprimidor para activar<br \/>\nautom\u00e1ticamente el equipo, as\u00ed prepara deliciosos jugos. Tiene una capacidad de 800 ml, as\u00ed puedes<br \/>\npreparar en gran cantidad, y tener jugo para toda la familia. Para facilitar la tarea, el potente motor te<br \/>\ngarantiza menos esfuerzo. Para extraer todo el jugo de la fruta, la rotaci\u00f3n alternada permite que el<br \/>\nexprimidor gire en sentido de derecha a izquierda y de izquierda a derecha El exprimidor incluye 2 conos<br \/>\npara diferentes tama\u00f1os de fruta y su filtro ajustable te permite preparar el jugo como m\u00e1s te guste, con o<br \/>\nsin gajos de fruta. Adem\u00e1s, el exprimidor cuenta con detalles de acero inoxidable cepillado y un dise\u00f1o<br \/>\nsofisticado que combina belleza y durabilidad para tu cocina. Los accesorios del Exprimidor de C\u00edtricos<br \/>\nMademsa MJP10 facilitan la limpieza pues son desmontables y pueden ser lavados en el lavavajillas y<br \/>\npensando en la salud de toda tu familia, el producto es BPA Free.<\/p>\n","protected":false},"excerpt":{"rendered":"<p>Exprimidor Mademsa 0,8L con Rotaci\u00f3n Alternada MJP10 Gris El Exprimidor de C\u00edtricos Mademsa MJP10 es f\u00e1cil de usar y trae m\u00e1s practicidad para tu d\u00eda a d\u00eda. Con \u00e9l podr\u00e1s experimentar lo mejor del sabor y lo mejor de la textura de un jugo reci\u00e9n exprimido, de la comodidad desde tu propio hogar. Para extraer [&hellip;]<\/p>\n","protected":false},"featured_media":17705,"comment_status":"open","ping_status":"closed","template":"","meta":{"_acf_changed":false},"pwb-brand":[351],"product_brand":[],"product_cat":[157,162,209],"product_tag":[],"class_list":{"0":"post-17703","1":"product","2":"type-product","3":"status-publish","4":"has-post-thumbnail","6":"pwb-brand-mademsa","7":"product_cat-electromenor","8":"product_cat-electromenor-extractores-exprimidores","9":"product_cat-ofertas-especiales","11":"first","12":"instock","13":"sale","14":"shipping-taxable","15":"purchasable","16":"product-type-simple"},"acf":[],"brands":[{"id":351,"name":"MADEMSA","slug":"mademsa"}],"_links":{"self":[{"href":"https:\/\/triplex.com.bo\/index.php\/wp-json\/wp\/v2\/product\/17703","targetHints":{"allow":["GET"]}}],"collection":[{"href":"https:\/\/triplex.com.bo\/index.php\/wp-json\/wp\/v2\/product"}],"about":[{"href":"https:\/\/triplex.com.bo\/index.php\/wp-json\/wp\/v2\/types\/product"}],"replies":[{"embeddable":true,"href":"https:\/\/triplex.com.bo\/index.php\/wp-json\/wp\/v2\/comments?post=17703"}],"wp:featuredmedia":[{"embeddable":true,"href":"https:\/\/triplex.com.bo\/index.php\/wp-json\/wp\/v2\/media\/17705"}],"wp:attachment":[{"href":"https:\/\/triplex.com.bo\/index.php\/wp-json\/wp\/v2\/media?parent=17703"}],"wp:term":[{"taxonomy":"pwb-brand","embeddable":true,"href":"https:\/\/triplex.com.bo\/index.php\/wp-json\/wp\/v2\/pwb-brand?post=17703"},{"taxonomy":"product_brand","embeddable":true,"href":"https:\/\/triplex.com.bo\/index.php\/wp-json\/wp\/v2\/product_brand?post=17703"},{"taxonomy":"product_cat","embeddable":true,"href":"https:\/\/triplex.com.bo\/index.php\/wp-json\/wp\/v2\/product_cat?post=17703"},{"taxonomy":"product_tag","embeddable":true,"href":"https:\/\/triplex.com.bo\/index.php\/wp-json\/wp\/v2\/product_tag?post=17703"}],"curies":[{"name":"wp","href":"https:\/\/api.w.org\/{rel}","templated":true}]}}