{"id":17661,"date":"2025-08-18T14:50:41","date_gmt":"2025-08-18T18:50:41","guid":{"rendered":"https:\/\/triplex.com.bo\/?post_type=product&#038;p=17661"},"modified":"2026-03-12T11:46:41","modified_gmt":"2026-03-12T15:46:41","slug":"moto-akt-todo-terreno-ak150nkd-rojo-2025","status":"publish","type":"product","link":"https:\/\/triplex.com.bo\/index.php\/product\/moto-akt-todo-terreno-ak150nkd-rojo-2025\/","title":{"rendered":"MOTO AKT TODO TERRENO AK150NKD NEGRO 2025"},"content":{"rendered":"<div class=\"option-text\">\n<h3><strong>Motor<\/strong><\/h3>\n<p>4 Tiempos CG OHV<\/p>\n<\/div>\n<div class=\"option-text\">\n<h3><strong>Cilindraje<\/strong><\/h3>\n<p>149.5 CC<\/p>\n<\/div>\n<div class=\"option-text\">\n<h3><strong>Potencia\u00a0<\/strong><\/h3>\n<p>11.4 HP @ 8000 RPM<\/p>\n<\/div>\n<div class=\"option-text\">\n<h3><strong>Torque m\u00e1ximo<\/strong><\/h3>\n<p>10 NM @ 7500 RPM<\/p>\n<\/div>\n<div class=\"option-text\">\n<h3><strong>Compresi\u00f3n<\/strong><\/h3>\n<p>9,2 : 1<\/p>\n<\/div>\n<div class=\"option-text\">\n<h3><strong>Arranque<\/strong><\/h3>\n<p>El\u00e9ctrico y pedal<\/p>\n<\/div>\n<div class=\"option-text\">\n<h3>Alimentaci\u00f3n<\/h3>\n<p>Carburador<\/p>\n<\/div>\n<div class=\"option-text\">\n<h3><strong>Caja de velocidades<\/strong><\/h3>\n<p>5 Velocidades<\/p>\n<div class=\"option-text\">\n<h3><strong>Suspensi\u00f3n delantera<\/strong><\/h3>\n<p>Telesc\u00f3pica hidr\u00e1ulica<\/p>\n<\/div>\n<div class=\"option-text\">\n<h3><strong>Suspensi\u00f3n trasera<\/strong><\/h3>\n<p>Doble amortiguador<\/p>\n<\/div>\n<div class=\"option-text\">\n<h3><strong>Freno delantero<\/strong><\/h3>\n<p>Disco<\/p>\n<\/div>\n<div class=\"option-text\">\n<h3><strong>Freno trasero<\/strong><\/h3>\n<p>Tambor<\/p>\n<div class=\"option-text\">\n<h3><strong>Dimensiones (L x W x H)<\/strong><\/h3>\n<p>1950x660x1100 mm<\/p>\n<\/div>\n<div class=\"option-text\">\n<h3><strong>Rueda Delantera<\/strong><\/h3>\n<p>2,75 &#8211; 18<\/p>\n<\/div>\n<div class=\"option-text\">\n<h3><strong>Rueda Trasera<\/strong><\/h3>\n<p>3,00 &#8211; 18<\/p>\n<\/div>\n<div class=\"option-text\">\n<h3><strong>Capacidad Tanque<\/strong><\/h3>\n<p>9,8 L<\/p>\n<\/div>\n<\/div>\n<\/div>\n","protected":false},"excerpt":{"rendered":"<p>Motor 4 Tiempos CG OHV Cilindraje 149.5 CC Potencia\u00a0 11.4 HP @ 8000 RPM Torque m\u00e1ximo 10 NM @ 7500 RPM Compresi\u00f3n 9,2 : 1 Arranque El\u00e9ctrico y pedal Alimentaci\u00f3n Carburador Caja de velocidades 5 Velocidades Suspensi\u00f3n delantera Telesc\u00f3pica hidr\u00e1ulica Suspensi\u00f3n trasera Doble amortiguador Freno delantero Disco Freno trasero Tambor Dimensiones (L x W x [&hellip;]<\/p>\n","protected":false},"featured_media":18109,"comment_status":"open","ping_status":"closed","template":"","meta":{"_acf_changed":false},"pwb-brand":[427],"product_brand":[],"product_cat":[345],"product_tag":[],"class_list":{"0":"post-17661","1":"product","2":"type-product","3":"status-publish","4":"has-post-thumbnail","6":"pwb-brand-akt","7":"product_cat-motos","9":"first","10":"outofstock","11":"shipping-taxable","12":"purchasable","13":"product-type-simple"},"acf":[],"brands":[{"id":427,"name":"AKT","slug":"akt"}],"_links":{"self":[{"href":"https:\/\/triplex.com.bo\/index.php\/wp-json\/wp\/v2\/product\/17661","targetHints":{"allow":["GET"]}}],"collection":[{"href":"https:\/\/triplex.com.bo\/index.php\/wp-json\/wp\/v2\/product"}],"about":[{"href":"https:\/\/triplex.com.bo\/index.php\/wp-json\/wp\/v2\/types\/product"}],"replies":[{"embeddable":true,"href":"https:\/\/triplex.com.bo\/index.php\/wp-json\/wp\/v2\/comments?post=17661"}],"wp:featuredmedia":[{"embeddable":true,"href":"https:\/\/triplex.com.bo\/index.php\/wp-json\/wp\/v2\/media\/18109"}],"wp:attachment":[{"href":"https:\/\/triplex.com.bo\/index.php\/wp-json\/wp\/v2\/media?parent=17661"}],"wp:term":[{"taxonomy":"pwb-brand","embeddable":true,"href":"https:\/\/triplex.com.bo\/index.php\/wp-json\/wp\/v2\/pwb-brand?post=17661"},{"taxonomy":"product_brand","embeddable":true,"href":"https:\/\/triplex.com.bo\/index.php\/wp-json\/wp\/v2\/product_brand?post=17661"},{"taxonomy":"product_cat","embeddable":true,"href":"https:\/\/triplex.com.bo\/index.php\/wp-json\/wp\/v2\/product_cat?post=17661"},{"taxonomy":"product_tag","embeddable":true,"href":"https:\/\/triplex.com.bo\/index.php\/wp-json\/wp\/v2\/product_tag?post=17661"}],"curies":[{"name":"wp","href":"https:\/\/api.w.org\/{rel}","templated":true}]}}