{"id":17616,"date":"2025-08-13T10:29:01","date_gmt":"2025-08-13T14:29:01","guid":{"rendered":"https:\/\/triplex.com.bo\/?post_type=product&#038;p=17616"},"modified":"2025-08-13T10:29:01","modified_gmt":"2025-08-13T14:29:01","slug":"casco-xsports-m66-sun-visor-ioniks-rojo","status":"publish","type":"product","link":"https:\/\/triplex.com.bo\/index.php\/product\/casco-xsports-m66-sun-visor-ioniks-rojo\/","title":{"rendered":"CASCO XSPORTS M66 SUN VISOR IONIKS ROJO"},"content":{"rendered":"<p>Repleto de caracter\u00edsticas obtenidas de los cascos m\u00e1s top de la marca, el casco X-SPORTS M66 ofrece un rendimiento asombroso a un precio incre\u00edble. Este casco cuenta con la certificaci\u00f3n FMVSS 218 mejor conocida como DOT, completamente necesaria para aquel que quiera usar un casco en ESTADOS UNIDOS. La calota est\u00e1 fabricada con nuestra tecnolog\u00eda SUPERIOR ABS BLEND. Con el sistema ULTRAVENT SYSTEM que consiste en ventilaciones dise\u00f1adas de manera meticulosa en la parte frontal, superior y trasera para extraer el aire caliente generado por el cuerpo humano. El visor es fabricado en policarbonato ultrarresistente con propiedades antirayones y protecci\u00f3n UV. Adem\u00e1s, viene con tecnolog\u00eda SONIC RELEASE SYSTEM para quitar y poner f\u00e1cilmente a la hora de limpiarlo, el bloqueo de visor permite que se mantenga cerrado incluso a altas velocidades y un rango de visi\u00f3n m\u00e1s amplio que aumenta la seguridad al manejar. En el interior cuenta con deflector nasal que ayuda a disminuir el empa\u00f1amiento, mentonera para disminuir el ruido y el material particulado que entra al casco e interior removible y lavable fabricado con telas hipoalerg\u00e9nicas. Para garantizar la m\u00e1xima protecci\u00f3n cuenta con nuestro sistema SHD* (SUPERIOR HELMET DESIGN), cierre microm\u00e9trico de r\u00e1pida liberaci\u00f3n y l\u00edneas reflectivas para mejorar la visibilidad de noche.<\/p>\n<ul>\n<li>Calota de policarbonato moldeado de alto impacto<\/li>\n<li>Interior fabricado con tejidos anti alerg\u00e9nicos<\/li>\n<li>Interior removible y lavable<\/li>\n<li>Ventilaci\u00f3n interna<\/li>\n<li>Deflector nasal incluido<\/li>\n<li>Mentonera incluida<\/li>\n<li>Cierre microm\u00e9trico<\/li>\n<li>Visor en policarbonato con tratamiento anti rayones y UV<\/li>\n<li>Sistema de bloqueo de visor<\/li>\n<li>Lamina antiempa\u00f1ante disponible (para compra como accesorio)<\/li>\n<li>Visor con mecanismo de r\u00e1pida y f\u00e1cil liberaci\u00f3n<\/li>\n<li>L\u00edneas reflectivas en la parte inferior del interior<\/li>\n<li>Dise\u00f1o aerodin\u00e1mico<\/li>\n<li>Gu\u00edas de pin para remover cacheteras en caso de emergencia<\/li>\n<li>Espacio interno para parlante de intercomunicador<\/li>\n<li>Todos los cascos vienen con visor transparente. El visor oscuro se usa como referente<\/li>\n<\/ul>\n","protected":false},"excerpt":{"rendered":"<p>Repleto de caracter\u00edsticas obtenidas de los cascos m\u00e1s top de la marca, el casco X-SPORTS M66 ofrece un rendimiento asombroso a un precio incre\u00edble. Este casco cuenta con la certificaci\u00f3n FMVSS 218 mejor conocida como DOT, completamente necesaria para aquel que quiera usar un casco en ESTADOS UNIDOS. La calota est\u00e1 fabricada con nuestra tecnolog\u00eda [&hellip;]<\/p>\n","protected":false},"featured_media":17615,"comment_status":"open","ping_status":"closed","template":"","meta":{"_acf_changed":false},"pwb-brand":[],"product_brand":[],"product_cat":[345],"product_tag":[],"class_list":{"0":"post-17616","1":"product","2":"type-product","3":"status-publish","4":"has-post-thumbnail","6":"product_cat-motos","8":"first","9":"instock","10":"shipping-taxable","11":"purchasable","12":"product-type-simple"},"acf":[],"brands":[],"_links":{"self":[{"href":"https:\/\/triplex.com.bo\/index.php\/wp-json\/wp\/v2\/product\/17616","targetHints":{"allow":["GET"]}}],"collection":[{"href":"https:\/\/triplex.com.bo\/index.php\/wp-json\/wp\/v2\/product"}],"about":[{"href":"https:\/\/triplex.com.bo\/index.php\/wp-json\/wp\/v2\/types\/product"}],"replies":[{"embeddable":true,"href":"https:\/\/triplex.com.bo\/index.php\/wp-json\/wp\/v2\/comments?post=17616"}],"wp:featuredmedia":[{"embeddable":true,"href":"https:\/\/triplex.com.bo\/index.php\/wp-json\/wp\/v2\/media\/17615"}],"wp:attachment":[{"href":"https:\/\/triplex.com.bo\/index.php\/wp-json\/wp\/v2\/media?parent=17616"}],"wp:term":[{"taxonomy":"pwb-brand","embeddable":true,"href":"https:\/\/triplex.com.bo\/index.php\/wp-json\/wp\/v2\/pwb-brand?post=17616"},{"taxonomy":"product_brand","embeddable":true,"href":"https:\/\/triplex.com.bo\/index.php\/wp-json\/wp\/v2\/product_brand?post=17616"},{"taxonomy":"product_cat","embeddable":true,"href":"https:\/\/triplex.com.bo\/index.php\/wp-json\/wp\/v2\/product_cat?post=17616"},{"taxonomy":"product_tag","embeddable":true,"href":"https:\/\/triplex.com.bo\/index.php\/wp-json\/wp\/v2\/product_tag?post=17616"}],"curies":[{"name":"wp","href":"https:\/\/api.w.org\/{rel}","templated":true}]}}