{"id":17612,"date":"2025-08-13T10:25:34","date_gmt":"2025-08-13T14:25:34","guid":{"rendered":"https:\/\/triplex.com.bo\/?post_type=product&#038;p=17612"},"modified":"2025-08-13T10:26:03","modified_gmt":"2025-08-13T14:26:03","slug":"casco-ktl-819-6-grimat","status":"publish","type":"product","link":"https:\/\/triplex.com.bo\/index.php\/product\/casco-ktl-819-6-grimat\/","title":{"rendered":"CASCO KTL 819-6 GRIMAT"},"content":{"rendered":"<p>El casco KONTROL adem\u00e1s de su excepcional precio, cuenta con unas altas cualidades de seguridad y protecci\u00f3n, certificadas bajo el cumplimiento de uno de los est\u00e1ndares de seguridad mas estrictos a nivel mundial como es el est\u00e1ndar FMVSS 218 DOT. El casco KONTROL 819-6 con su dise\u00f1o DUAL SPORT permite una excelente versatilidad apta para uso en terrenos destapados y pavimentados simult\u00e1neamente. Dise\u00f1o agresivo con excelente ventilaci\u00f3n y bajo peso, son caracter\u00edsticas que hacen del 819-6 una excelente opci\u00f3n, al mejor precio.<\/p>\n<div class=\"new-container__titles\">\n<h2 class=\"js-subtitle-pdp\">Caracter\u00edsticas principales<\/h2>\n<\/div>\n<ul class=\"tab-details__keyFeatures--list\">\n<li class=\"tab-details__keyFeatures--item\">Carcasa en Policarbonato ABS<\/li>\n<li class=\"tab-details__keyFeatures--item\">Visor Extra\u00edble<\/li>\n<li class=\"tab-details__keyFeatures--item\">Interior desmontable \/ lavable<\/li>\n<li class=\"tab-details__keyFeatures--item\">Peso: 1.450 gr +\/- 50 gr<\/li>\n<li class=\"tab-details__keyFeatures--item\">Certificaci\u00f3n: FMVSS 218 DOT<\/li>\n<\/ul>\n","protected":false},"excerpt":{"rendered":"<p>El casco KONTROL adem\u00e1s de su excepcional precio, cuenta con unas altas cualidades de seguridad y protecci\u00f3n, certificadas bajo el cumplimiento de uno de los est\u00e1ndares de seguridad mas estrictos a nivel mundial como es el est\u00e1ndar FMVSS 218 DOT. El casco KONTROL 819-6 con su dise\u00f1o DUAL SPORT permite una excelente versatilidad apta para [&hellip;]<\/p>\n","protected":false},"featured_media":17614,"comment_status":"open","ping_status":"closed","template":"","meta":{"_acf_changed":false},"pwb-brand":[],"product_brand":[],"product_cat":[345],"product_tag":[],"class_list":{"0":"post-17612","1":"product","2":"type-product","3":"status-publish","4":"has-post-thumbnail","6":"product_cat-motos","8":"first","9":"instock","10":"shipping-taxable","11":"purchasable","12":"product-type-simple"},"acf":[],"brands":[],"_links":{"self":[{"href":"https:\/\/triplex.com.bo\/index.php\/wp-json\/wp\/v2\/product\/17612","targetHints":{"allow":["GET"]}}],"collection":[{"href":"https:\/\/triplex.com.bo\/index.php\/wp-json\/wp\/v2\/product"}],"about":[{"href":"https:\/\/triplex.com.bo\/index.php\/wp-json\/wp\/v2\/types\/product"}],"replies":[{"embeddable":true,"href":"https:\/\/triplex.com.bo\/index.php\/wp-json\/wp\/v2\/comments?post=17612"}],"wp:featuredmedia":[{"embeddable":true,"href":"https:\/\/triplex.com.bo\/index.php\/wp-json\/wp\/v2\/media\/17614"}],"wp:attachment":[{"href":"https:\/\/triplex.com.bo\/index.php\/wp-json\/wp\/v2\/media?parent=17612"}],"wp:term":[{"taxonomy":"pwb-brand","embeddable":true,"href":"https:\/\/triplex.com.bo\/index.php\/wp-json\/wp\/v2\/pwb-brand?post=17612"},{"taxonomy":"product_brand","embeddable":true,"href":"https:\/\/triplex.com.bo\/index.php\/wp-json\/wp\/v2\/product_brand?post=17612"},{"taxonomy":"product_cat","embeddable":true,"href":"https:\/\/triplex.com.bo\/index.php\/wp-json\/wp\/v2\/product_cat?post=17612"},{"taxonomy":"product_tag","embeddable":true,"href":"https:\/\/triplex.com.bo\/index.php\/wp-json\/wp\/v2\/product_tag?post=17612"}],"curies":[{"name":"wp","href":"https:\/\/api.w.org\/{rel}","templated":true}]}}