{"id":17602,"date":"2025-08-08T11:48:17","date_gmt":"2025-08-08T15:48:17","guid":{"rendered":"https:\/\/triplex.com.bo\/?post_type=product&#038;p=17602"},"modified":"2026-03-04T17:41:11","modified_gmt":"2026-03-04T21:41:11","slug":"moto-akt-ak150ttr-rojo","status":"publish","type":"product","link":"https:\/\/triplex.com.bo\/index.php\/product\/moto-akt-ak150ttr-rojo\/","title":{"rendered":"MOTO AKT AK150TTR ROJO 2025"},"content":{"rendered":"<p><strong>Caracter\u00edsticas Principales:<\/strong><\/p>\n<p>Recorre la carretera con estilo gracias a la moto de AKT modelo AK150TTR , que te permite disponer de 5 velocidades, cuenta con encendido el\u00e9ctrico y patada, posee dise\u00f1o en color blanco, adem\u00e1s cuenta con una velocidad m\u00e1xima 120Km\/H un consumo 115K \/G<\/p>\n<p>&nbsp;<\/p>\n<table border=\"0\" width=\"100%\" cellspacing=\"0\" cellpadding=\"0\">\n<tbody>\n<tr>\n<td><strong>MOTOR<\/strong><\/td>\n<td>4 TIEMPOS CG OHV<\/td>\n<\/tr>\n<tr>\n<td><strong>CILINDRAJE (CC)<\/strong><\/td>\n<td>150 CC<\/td>\n<\/tr>\n<tr>\n<td><strong>ALIMENTACI\u00d3N<\/strong><\/td>\n<td>CARBURADOR<\/td>\n<\/tr>\n<tr>\n<td><strong>CAJA<\/strong><\/td>\n<td>5 VELOCIDADES<\/td>\n<\/tr>\n<tr>\n<td><strong>ARRANQUE<\/strong><\/td>\n<td>EL\u00c9CTRICO Y PEDAL<\/td>\n<\/tr>\n<tr>\n<td><strong>PESO SECO (KG)<\/strong><\/td>\n<td>129 KG<\/td>\n<\/tr>\n<tr>\n<td><strong>CAPACIDAD TANQUE<\/strong><\/td>\n<td>9,5 LITROS<\/td>\n<\/tr>\n<tr>\n<td><strong>FRENO DELANTERO<\/strong><\/td>\n<td>DISCO LOBULADO<\/td>\n<\/tr>\n<tr>\n<td><strong>FRENO TRASERO<\/strong><\/td>\n<td>TAMBOR<\/td>\n<\/tr>\n<\/tbody>\n<\/table>\n","protected":false},"excerpt":{"rendered":"<p>Caracter\u00edsticas Principales: Recorre la carretera con estilo gracias a la moto de AKT modelo AK150TTR , que te permite disponer de 5 velocidades, cuenta con encendido el\u00e9ctrico y patada, posee dise\u00f1o en color blanco, adem\u00e1s cuenta con una velocidad m\u00e1xima 120Km\/H un consumo 115K \/G &nbsp; MOTOR 4 TIEMPOS CG OHV CILINDRAJE (CC) 150 CC [&hellip;]<\/p>\n","protected":false},"featured_media":18107,"comment_status":"open","ping_status":"closed","template":"","meta":{"_acf_changed":false},"pwb-brand":[427],"product_brand":[],"product_cat":[345],"product_tag":[],"class_list":{"0":"post-17602","1":"product","2":"type-product","3":"status-publish","4":"has-post-thumbnail","6":"pwb-brand-akt","7":"product_cat-motos","9":"first","10":"instock","11":"shipping-taxable","12":"purchasable","13":"product-type-simple"},"acf":[],"brands":[{"id":427,"name":"AKT","slug":"akt"}],"_links":{"self":[{"href":"https:\/\/triplex.com.bo\/index.php\/wp-json\/wp\/v2\/product\/17602","targetHints":{"allow":["GET"]}}],"collection":[{"href":"https:\/\/triplex.com.bo\/index.php\/wp-json\/wp\/v2\/product"}],"about":[{"href":"https:\/\/triplex.com.bo\/index.php\/wp-json\/wp\/v2\/types\/product"}],"replies":[{"embeddable":true,"href":"https:\/\/triplex.com.bo\/index.php\/wp-json\/wp\/v2\/comments?post=17602"}],"wp:featuredmedia":[{"embeddable":true,"href":"https:\/\/triplex.com.bo\/index.php\/wp-json\/wp\/v2\/media\/18107"}],"wp:attachment":[{"href":"https:\/\/triplex.com.bo\/index.php\/wp-json\/wp\/v2\/media?parent=17602"}],"wp:term":[{"taxonomy":"pwb-brand","embeddable":true,"href":"https:\/\/triplex.com.bo\/index.php\/wp-json\/wp\/v2\/pwb-brand?post=17602"},{"taxonomy":"product_brand","embeddable":true,"href":"https:\/\/triplex.com.bo\/index.php\/wp-json\/wp\/v2\/product_brand?post=17602"},{"taxonomy":"product_cat","embeddable":true,"href":"https:\/\/triplex.com.bo\/index.php\/wp-json\/wp\/v2\/product_cat?post=17602"},{"taxonomy":"product_tag","embeddable":true,"href":"https:\/\/triplex.com.bo\/index.php\/wp-json\/wp\/v2\/product_tag?post=17602"}],"curies":[{"name":"wp","href":"https:\/\/api.w.org\/{rel}","templated":true}]}}