{"id":17566,"date":"2025-08-04T15:09:53","date_gmt":"2025-08-04T19:09:53","guid":{"rendered":"https:\/\/triplex.com.bo\/?post_type=product&#038;p=17566"},"modified":"2026-03-04T21:03:12","modified_gmt":"2026-03-05T01:03:12","slug":"moto-akt-todo-terreno-ak150nkd-gris","status":"publish","type":"product","link":"https:\/\/triplex.com.bo\/index.php\/product\/moto-akt-todo-terreno-ak150nkd-gris\/","title":{"rendered":"MOTO AKT TODO TERRENO AK150NKD GRIS 2026"},"content":{"rendered":"<header class=\"page-header\">\n<div class=\"panel wrapper\">\n<div class=\"panel header\">\n<div class=\"sticky-wrap\">\n<div class=\"header-main-content sticky-menu active\">\n<div class=\"container\">\n<div class=\"header-main-inner \">\n<div class=\"row align-items-center header-maininner-row\">\n<div class=\"col-md-5 col-lg-5 col-xl-5 col-search\">\n<div class=\"top-search-wrap mfp-with-anim\">\n<div class=\"block block-search old\">\n<div class=\"block block-content\">\n<form id=\"search_mini_form\" class=\"form minisearch\" action=\"https:\/\/www.tiendaamiga.com.bo\/catalogsearch\/result\/\" autocomplete=\"off\" method=\"get\">\n<div class=\"field search\">\n<p>La AKT NKD 150 AT, es la compa\u00f1era perfecta para tus recorridos diarios. Equipada con un motor de 149.5 cc, 4 tiempos, tipo OHV, ofrece un balance ideal entre potencia y eficiencia. Con 11.4 HP a 8.000 rpm y 10 Nm de torque a 7.500 rpm, te brinda la fuerza necesaria para desplazarte con agilidad y confianza por la ciudad.<br \/>\nSu suspensi\u00f3n trasera elevada y llantas ideales para todo tipo de terreno la hacen perfecta para enfrentar distintos caminos y transportar carga con mayor estabilidad. Adem\u00e1s, incluye protector de motor y soporte para celular, pensados para que cada viaje sea m\u00e1s seguro, pr\u00e1ctico y c\u00f3modo.<br \/>\nSu sistema de encendido electr\u00f3nico CDI y arranque el\u00e9ctrico y por pedal te garantizan un encendido r\u00e1pido y sin complicaciones, mientras que su transmisi\u00f3n de 5 velocidades te permite una conducci\u00f3n fluida y controlada en distintos tipos de terreno.<br \/>\nPensando en tu seguridad, la NKD 150 viene equipada con un freno de disco en la rueda delantera y freno de tambor en la trasera, ofreciendo una respuesta eficiente al momento de frenar. Adem\u00e1s, su suspensi\u00f3n delantera de horquilla telesc\u00f3pica hidr\u00e1ulica y el doble amortiguador trasero aseguran una experiencia de manejo suave, incluso en calles con imperfecciones.<br \/>\nGracias a su estructura liviana con un peso de apenas 100 kg, es f\u00e1cil de maniobrar y perfecta para moverte con agilidad por el tr\u00e1fico urbano. Su tanque de 9.8 litros te brinda una excelente autonom\u00eda para que no tengas que preocuparte por repostar a cada momento.<br \/>\nCon llantas de rin 18\u201d (2.75 adelante y 3.00 atr\u00e1s), la NKD 150 no solo luce deportiva, sino que ofrece estabilidad y agarre \u00f3ptimo en cada trayecto.<\/p>\n<p><strong data-start=\"1668\" data-end=\"1698\">Caracter\u00edsticas destacadas<\/strong>:<\/p>\n<\/div>\n<\/form>\n<\/div>\n<\/div>\n<\/div>\n<\/div>\n<\/div>\n<\/div>\n<\/div>\n<\/div>\n<\/div>\n<\/div>\n<\/div>\n<\/header>\n<div class=\"container main-container\">\n<div class=\"columns row\">\n<div class=\"main-wrap col-12\">\n<div class=\"column main\">\n<div id=\"product-custom-tabs\" class=\"product-custom-tabs ui-tabs ui-widget ui-widget-content ui-corner-all\">\n<div id=\"accordion\" role=\"tablist\">\n<div class=\"description\" role=\"tabpanel\" data-role=\"content\" aria-hidden=\"false\">\n<div class=\"product attribute description\">\n<div class=\"value\">\n<div data-content-type=\"row\" data-appearance=\"contained\" data-element=\"main\">\n<div data-enable-parallax=\"0\" data-parallax-speed=\"0.5\" data-background-images=\"{}\" data-background-type=\"image\" data-video-loop=\"true\" data-video-play-only-visible=\"true\" data-video-lazy-load=\"true\" data-video-fallback-src=\"\" data-element=\"inner\">\n<div data-content-type=\"text\" data-appearance=\"default\" data-element=\"main\">\n<ul class=\"ui-tabs-nav ui-helper-reset ui-helper-clearfix ui-widget-header ui-corner-all\" role=\"tablist\" data-start=\"1700\" data-end=\"2013\">\n<li data-start=\"1700\" data-end=\"1733\">\n<p data-start=\"1702\" data-end=\"1733\">Motor 149.5 cc, 4 tiempos OHV<\/p>\n<\/li>\n<li data-start=\"1734\" data-end=\"1769\">\n<p data-start=\"1736\" data-end=\"1769\">Potencia de 11.4 HP\u00a0 8.000 rpm<\/p>\n<\/li>\n<li data-start=\"1770\" data-end=\"1795\">\n<p data-start=\"1772\" data-end=\"1795\">Caja de 5 velocidades<\/p>\n<\/li>\n<li data-start=\"1796\" data-end=\"1829\">\n<p data-start=\"1798\" data-end=\"1829\">Arranque el\u00e9ctrico y de pedal<\/p>\n<\/li>\n<li data-start=\"1830\" data-end=\"1875\">\n<p data-start=\"1832\" data-end=\"1875\">Freno de disco delantero \/ tambor trasero<\/p>\n<\/li>\n<li data-start=\"1876\" data-end=\"1940\">\n<p data-start=\"1878\" data-end=\"1940\">Suspensi\u00f3n delantera hidr\u00e1ulica y doble amortiguador trasero<\/p>\n<\/li>\n<li data-start=\"1941\" data-end=\"1956\">\n<p data-start=\"1943\" data-end=\"1956\">Llantas 18\u201d<\/p>\n<\/li>\n<li data-start=\"1957\" data-end=\"1993\">\n<p data-start=\"1959\" data-end=\"1993\">Tanque de gasolina de 9.8 litros<\/p>\n<\/li>\n<li data-start=\"1994\" data-end=\"2013\">\n<p data-start=\"1996\" data-end=\"2013\">Peso seco: 99.5 kg<\/p>\n<\/li>\n<\/ul>\n<\/div>\n<\/div>\n<\/div>\n<\/div>\n<\/div>\n<\/div>\n<\/div>\n<\/div>\n<\/div>\n<\/div>\n<\/div>\n<\/div>\n<p>&nbsp;<\/p>\n","protected":false},"excerpt":{"rendered":"<p>La AKT NKD 150 AT, es la compa\u00f1era perfecta para tus recorridos diarios. Equipada con un motor de 149.5 cc, 4 tiempos, tipo OHV, ofrece un balance ideal entre potencia y eficiencia. Con 11.4 HP a 8.000 rpm y 10 Nm de torque a 7.500 rpm, te brinda la fuerza necesaria para desplazarte con agilidad [&hellip;]<\/p>\n","protected":false},"featured_media":17584,"comment_status":"open","ping_status":"closed","template":"","meta":{"_acf_changed":false},"pwb-brand":[427],"product_brand":[],"product_cat":[345,209],"product_tag":[],"class_list":{"0":"post-17566","1":"product","2":"type-product","3":"status-publish","4":"has-post-thumbnail","6":"pwb-brand-akt","7":"product_cat-motos","8":"product_cat-ofertas-especiales","10":"first","11":"instock","12":"sale","13":"shipping-taxable","14":"purchasable","15":"product-type-simple"},"acf":[],"brands":[{"id":427,"name":"AKT","slug":"akt"}],"_links":{"self":[{"href":"https:\/\/triplex.com.bo\/index.php\/wp-json\/wp\/v2\/product\/17566","targetHints":{"allow":["GET"]}}],"collection":[{"href":"https:\/\/triplex.com.bo\/index.php\/wp-json\/wp\/v2\/product"}],"about":[{"href":"https:\/\/triplex.com.bo\/index.php\/wp-json\/wp\/v2\/types\/product"}],"replies":[{"embeddable":true,"href":"https:\/\/triplex.com.bo\/index.php\/wp-json\/wp\/v2\/comments?post=17566"}],"wp:featuredmedia":[{"embeddable":true,"href":"https:\/\/triplex.com.bo\/index.php\/wp-json\/wp\/v2\/media\/17584"}],"wp:attachment":[{"href":"https:\/\/triplex.com.bo\/index.php\/wp-json\/wp\/v2\/media?parent=17566"}],"wp:term":[{"taxonomy":"pwb-brand","embeddable":true,"href":"https:\/\/triplex.com.bo\/index.php\/wp-json\/wp\/v2\/pwb-brand?post=17566"},{"taxonomy":"product_brand","embeddable":true,"href":"https:\/\/triplex.com.bo\/index.php\/wp-json\/wp\/v2\/product_brand?post=17566"},{"taxonomy":"product_cat","embeddable":true,"href":"https:\/\/triplex.com.bo\/index.php\/wp-json\/wp\/v2\/product_cat?post=17566"},{"taxonomy":"product_tag","embeddable":true,"href":"https:\/\/triplex.com.bo\/index.php\/wp-json\/wp\/v2\/product_tag?post=17566"}],"curies":[{"name":"wp","href":"https:\/\/api.w.org\/{rel}","templated":true}]}}