{"id":17451,"date":"2025-07-04T15:58:14","date_gmt":"2025-07-04T19:58:14","guid":{"rendered":"https:\/\/triplex.com.bo\/?post_type=product&#038;p=17451"},"modified":"2026-05-05T21:46:26","modified_gmt":"2026-05-06T01:46:26","slug":"17451","status":"publish","type":"product","link":"https:\/\/triplex.com.bo\/index.php\/product\/17451\/","title":{"rendered":"COCINA INDURAMA 5H ALCAL\u00c1"},"content":{"rendered":"<p>Descubre la\u00a0<strong>Cocina Alcal\u00e1 de Indurama<\/strong>, un electrodom\u00e9stico dise\u00f1ado para elevar tu experiencia en la cocina con\u00a0<strong>innovaci\u00f3n, estilo y funcionalidad superior<\/strong>. Esta cocina, con 5 hornillas y una resistente mesa de\u00a0<strong>acero inoxidable<\/strong>, es perfecta para quienes buscan un equilibrio entre rendimiento y dise\u00f1o. Sus\u00a0<strong>quemadores sellados Sabaf\u00ae<\/strong>, que incluyen 2 r\u00e1pidos, 2 semi r\u00e1pidos y 1 quemador triple llama, te ofrecen potencia y versatilidad, permiti\u00e9ndote cocinar desde recetas r\u00e1pidas hasta platillos elaborados con facilidad y precisi\u00f3n.<\/p>\n<p>Las\u00a0<strong>parrillas de hierro fundido<\/strong>, reconocidas por su durabilidad y estabilidad, aseguran que tus ollas y sartenes permanezcan firmes durante la cocci\u00f3n. Adem\u00e1s, el\u00a0<strong>encendido el\u00e9ctrico<\/strong>\u00a0tanto para los quemadores como para el horno elimina la necesidad de f\u00f3sforos, mientras que la\u00a0<strong>luz interior del horno<\/strong>\u00a0te permite monitorear tus preparaciones sin interrupciones. Su dise\u00f1o con un\u00a0<strong>panel de control frontal<\/strong>\u00a0facilita el manejo, brind\u00e1ndote un acceso c\u00f3modo a todas las funciones.<\/p>\n<p>La puerta del horno con\u00a0<strong>doble vidrio panor\u00e1mico<\/strong>\u00a0no solo mejora la seguridad, al mantener el calor dentro y las superficies exteriores m\u00e1s frescas, sino que tambi\u00e9n ofrece una vista clara del progreso de tus recetas. Esto, combinado con su robustez y dise\u00f1o moderno, hace de la\u00a0<strong>Cocina Alcal\u00e1<\/strong>\u00a0una elecci\u00f3n confiable para cualquier hogar.<\/p>\n<p>Con dimensiones compactas de\u00a0<strong>90 cm de alto, 80 cm de ancho y 58 cm de profundidad<\/strong>, se adapta perfectamente a cocinas de distintos tama\u00f1os, optimizando el espacio sin comprometer su funcionalidad. Ya sea que busques renovar tu cocina o simplemente mejorar tus herramientas culinarias, la\u00a0<strong>Cocina Alcal\u00e1 de Indurama<\/strong>\u00a0es tu aliada perfecta para crear momentos inolvidables mientras disfrutas del arte de cocinar.<\/p>\n","protected":false},"excerpt":{"rendered":"<p>Descubre la\u00a0Cocina Alcal\u00e1 de Indurama, un electrodom\u00e9stico dise\u00f1ado para elevar tu experiencia en la cocina con\u00a0innovaci\u00f3n, estilo y funcionalidad superior. Esta cocina, con 5 hornillas y una resistente mesa de\u00a0acero inoxidable, es perfecta para quienes buscan un equilibrio entre rendimiento y dise\u00f1o. Sus\u00a0quemadores sellados Sabaf\u00ae, que incluyen 2 r\u00e1pidos, 2 semi r\u00e1pidos y 1 quemador [&hellip;]<\/p>\n","protected":false},"featured_media":17452,"comment_status":"open","ping_status":"closed","template":"","meta":{"_acf_changed":false},"pwb-brand":[412],"product_brand":[],"product_cat":[155,209,140],"product_tag":[],"class_list":{"0":"post-17451","1":"product","2":"type-product","3":"status-publish","4":"has-post-thumbnail","6":"pwb-brand-indurama","7":"product_cat-cocinas-piso","8":"product_cat-ofertas-especiales","9":"product_cat-cocinas","11":"first","12":"instock","13":"sale","14":"shipping-taxable","15":"purchasable","16":"product-type-simple"},"acf":[],"brands":[{"id":412,"name":"indurama","slug":"indurama"}],"_links":{"self":[{"href":"https:\/\/triplex.com.bo\/index.php\/wp-json\/wp\/v2\/product\/17451","targetHints":{"allow":["GET"]}}],"collection":[{"href":"https:\/\/triplex.com.bo\/index.php\/wp-json\/wp\/v2\/product"}],"about":[{"href":"https:\/\/triplex.com.bo\/index.php\/wp-json\/wp\/v2\/types\/product"}],"replies":[{"embeddable":true,"href":"https:\/\/triplex.com.bo\/index.php\/wp-json\/wp\/v2\/comments?post=17451"}],"wp:featuredmedia":[{"embeddable":true,"href":"https:\/\/triplex.com.bo\/index.php\/wp-json\/wp\/v2\/media\/17452"}],"wp:attachment":[{"href":"https:\/\/triplex.com.bo\/index.php\/wp-json\/wp\/v2\/media?parent=17451"}],"wp:term":[{"taxonomy":"pwb-brand","embeddable":true,"href":"https:\/\/triplex.com.bo\/index.php\/wp-json\/wp\/v2\/pwb-brand?post=17451"},{"taxonomy":"product_brand","embeddable":true,"href":"https:\/\/triplex.com.bo\/index.php\/wp-json\/wp\/v2\/product_brand?post=17451"},{"taxonomy":"product_cat","embeddable":true,"href":"https:\/\/triplex.com.bo\/index.php\/wp-json\/wp\/v2\/product_cat?post=17451"},{"taxonomy":"product_tag","embeddable":true,"href":"https:\/\/triplex.com.bo\/index.php\/wp-json\/wp\/v2\/product_tag?post=17451"}],"curies":[{"name":"wp","href":"https:\/\/api.w.org\/{rel}","templated":true}]}}