{"id":17445,"date":"2025-07-04T15:36:42","date_gmt":"2025-07-04T19:36:42","guid":{"rendered":"https:\/\/triplex.com.bo\/?post_type=product&#038;p=17445"},"modified":"2026-05-05T21:47:12","modified_gmt":"2026-05-06T01:47:12","slug":"cocina-indurama-4h-bilbao","status":"publish","type":"product","link":"https:\/\/triplex.com.bo\/index.php\/product\/cocina-indurama-4h-bilbao\/","title":{"rendered":"COCINA INDURAMA 4H BILBAO"},"content":{"rendered":"<p>Cocina Bilbao Spazio Plus 20&#8243;. 4 quemadores, tapa de vidrio templado, tablero inoxidable, parrillas fundidas. M\u00e1xima resistencia y durabilidad, parrillas de hierro fundido, tablero de acero inoxidable. F\u00e1cil y r\u00e1pida limpieza, quemadores sellados, perilla y manija ergon\u00f3mica. Hornea como un chef, potente quemador Cast Futura en el suelo del horno. Cocci\u00f3n ultra-r\u00e1pida, quemadores de m\u00e1xima potencia. Luz en el horno, doble vidrio templado en el horno, termopresici\u00f3n, eficiente quemador suelo.<\/p>\n<div class=\"vtex-store-components-3-x-specificationsTableContainer vtex-store-components-3-x-specificationsTableContainer--TabbersEspecificaction mt9 mt0-l pl8-l\">\n<table class=\"vtex-store-components-3-x-specificationsTable vtex-store-components-3-x-specificationsTable--TabbersEspecificaction w-100 bg-base border-collapse\">\n<tbody class=\"vtex-store-components-3-x-specificationsTableBody vtex-store-components-3-x-specificationsTableBody--TabbersEspecificaction\">\n<tr class=\"vtex-store-components-3-x-specificationsTableRow vtex-store-components-3-x-specificationsTableRow--TabbersEspecificaction\">\n<td class=\"vtex-store-components-3-x-specificationItemProperty vtex-store-components-3-x-specificationItemProperty--TabbersEspecificaction w-50 b--muted-4 bb pa5\" data-specification=\"Especificaciones generales\">Especificaciones generales<\/td>\n<td class=\"vtex-store-components-3-x-specificationItemSpecifications vtex-store-components-3-x-specificationItemSpecifications--TabbersEspecificaction w-50 b--muted-4 bb pa5\" data-specification=\"&lt;p&gt;&lt;strong&gt;Zona superior y plano de labores:&lt;\/strong&gt;&lt;br \/&gt;&amp;bull; Tapa de vidrio templado&lt;br \/&gt;&amp;bull; Tablero de acero inoxidable&lt;br \/&gt;&amp;bull; Parrillas fundidas&lt;br \/&gt;&amp;bull; Quemadores sellados&lt;strong&gt;&lt;br \/&gt;Zona de control&lt;\/strong&gt;&lt;br \/&gt;&amp;bull; Encendido electr&amp;oacute;nico por pulsante en el tablero&lt;br \/&gt; &lt;strong&gt;Horno y zona inferior&lt;\/strong&gt;&lt;br \/&gt;&amp;bull; Luz en el horno&lt;br \/&gt;&amp;bull; Doble vidrio templado en el horno&lt;br \/&gt;&amp;bull; TermoPrecisi&amp;oacute;n&lt;br \/&gt;&amp;bull; Eficiente quemador suelo&lt;\/p&gt;\">\n<div>\n<p><strong>Zona superior y plano de labores:<\/strong><br \/>\n\u2022 Tapa de vidrio templado<br \/>\n\u2022 Tablero de acero inoxidable<br \/>\n\u2022 Parrillas fundidas<br \/>\n\u2022 Quemadores sellados<strong><br \/>\nZona de control<\/strong><br \/>\n\u2022 Encendido electr\u00f3nico por pulsante en el tablero<br \/>\n<strong>Horno y zona inferior<\/strong><br \/>\n\u2022 Luz en el horno<br \/>\n\u2022 Doble vidrio templado en el horno<br \/>\n\u2022 TermoPrecisi\u00f3n<br \/>\n\u2022 Eficiente quemador suelo<\/p>\n<\/div>\n<\/td>\n<\/tr>\n<\/tbody>\n<\/table>\n<\/div>\n<div class=\"vtex-store-components-3-x-specificationsTableContainer vtex-store-components-3-x-specificationsTableContainer--TabbersEspecificaction mt9 mt0-l pl8-l\">\n<table class=\"vtex-store-components-3-x-specificationsTable vtex-store-components-3-x-specificationsTable--TabbersEspecificaction w-100 bg-base border-collapse\">\n<tbody class=\"vtex-store-components-3-x-specificationsTableBody vtex-store-components-3-x-specificationsTableBody--TabbersEspecificaction\">\n<tr class=\"vtex-store-components-3-x-specificationsTableRow vtex-store-components-3-x-specificationsTableRow--TabbersEspecificaction\">\n<td class=\"vtex-store-components-3-x-specificationItemProperty vtex-store-components-3-x-specificationItemProperty--TabbersEspecificaction w-50 b--muted-4 bb pa5\" data-specification=\"C\u00f3digo\"><\/td>\n<td class=\"vtex-store-components-3-x-specificationItemSpecifications vtex-store-components-3-x-specificationItemSpecifications--TabbersEspecificaction w-50 b--muted-4 bb pa5\" data-specification=\"30000576\"><\/td>\n<\/tr>\n<tr class=\"vtex-store-components-3-x-specificationsTableRow vtex-store-components-3-x-specificationsTableRow--TabbersEspecificaction\">\n<td class=\"vtex-store-components-3-x-specificationItemProperty vtex-store-components-3-x-specificationItemProperty--TabbersEspecificaction w-50 b--muted-4 bb pa5\" data-specification=\"Color\">\n<div>Color<\/div>\n<\/td>\n<td class=\"vtex-store-components-3-x-specificationItemSpecifications vtex-store-components-3-x-specificationItemSpecifications--TabbersEspecificaction w-50 b--muted-4 bb pa5\" data-specification=\"Croma\">\n<div>Croma<\/div>\n<\/td>\n<\/tr>\n<tr class=\"vtex-store-components-3-x-specificationsTableRow vtex-store-components-3-x-specificationsTableRow--TabbersEspecificaction\">\n<td class=\"vtex-store-components-3-x-specificationItemProperty vtex-store-components-3-x-specificationItemProperty--TabbersEspecificaction w-50 b--muted-4 bb pa5\" data-specification=\"N\u00famero de Quemadores\">\n<div>N\u00famero de Quemadores<\/div>\n<\/td>\n<td class=\"vtex-store-components-3-x-specificationItemSpecifications vtex-store-components-3-x-specificationItemSpecifications--TabbersEspecificaction w-50 b--muted-4 bb pa5\" data-specification=\"4 quemadores\">\n<div>4 quemadores<\/div>\n<\/td>\n<\/tr>\n<tr class=\"vtex-store-components-3-x-specificationsTableRow vtex-store-components-3-x-specificationsTableRow--TabbersEspecificaction\">\n<td class=\"vtex-store-components-3-x-specificationItemProperty vtex-store-components-3-x-specificationItemProperty--TabbersEspecificaction w-50 b--muted-4 bb pa5\" data-specification=\"Categorias\">\n<div>Categorias<\/div>\n<\/td>\n<td class=\"vtex-store-components-3-x-specificationItemSpecifications vtex-store-components-3-x-specificationItemSpecifications--TabbersEspecificaction w-50 b--muted-4 bb pa5\" data-specification=\"Cocina a gas\">\n<div>Cocina a gas<\/div>\n<\/td>\n<\/tr>\n<tr class=\"vtex-store-components-3-x-specificationsTableRow vtex-store-components-3-x-specificationsTableRow--TabbersEspecificaction\">\n<td class=\"vtex-store-components-3-x-specificationItemProperty vtex-store-components-3-x-specificationItemProperty--TabbersEspecificaction w-50 b--muted-4 bb pa5\" data-specification=\"Medidas del producto\">\n<div>Medidas del producto<\/div>\n<\/td>\n<td class=\"vtex-store-components-3-x-specificationItemSpecifications vtex-store-components-3-x-specificationItemSpecifications--TabbersEspecificaction w-50 b--muted-4 bb pa5\" data-specification=\"&lt;p&gt;&lt;strong&gt;Alto:&amp;nbsp;&lt;\/strong&gt;94 cm&lt;br \/&gt;&lt;strong&gt;Ancho: &lt;\/strong&gt;51 cm&lt;strong&gt;&lt;br \/&gt;Profundidad: &lt;\/strong&gt;58 cm&lt;\/p&gt;\">\n<div>\n<p><strong>Alto:\u00a0<\/strong>94 cm<br \/>\n<strong>Ancho: <\/strong>51 cm<strong><br \/>\nProfundidad: <\/strong>58 cm<\/p>\n<\/div>\n<\/td>\n<\/tr>\n<\/tbody>\n<\/table>\n<\/div>\n","protected":false},"excerpt":{"rendered":"<p>Cocina Bilbao Spazio Plus 20&#8243;. 4 quemadores, tapa de vidrio templado, tablero inoxidable, parrillas fundidas. M\u00e1xima resistencia y durabilidad, parrillas de hierro fundido, tablero de acero inoxidable. F\u00e1cil y r\u00e1pida limpieza, quemadores sellados, perilla y manija ergon\u00f3mica. Hornea como un chef, potente quemador Cast Futura en el suelo del horno. Cocci\u00f3n ultra-r\u00e1pida, quemadores de m\u00e1xima [&hellip;]<\/p>\n","protected":false},"featured_media":17448,"comment_status":"open","ping_status":"closed","template":"","meta":{"_acf_changed":false},"pwb-brand":[412],"product_brand":[],"product_cat":[155,209,140],"product_tag":[],"class_list":{"0":"post-17445","1":"product","2":"type-product","3":"status-publish","4":"has-post-thumbnail","6":"pwb-brand-indurama","7":"product_cat-cocinas-piso","8":"product_cat-ofertas-especiales","9":"product_cat-cocinas","11":"first","12":"instock","13":"sale","14":"shipping-taxable","15":"purchasable","16":"product-type-simple"},"acf":[],"brands":[{"id":412,"name":"indurama","slug":"indurama"}],"_links":{"self":[{"href":"https:\/\/triplex.com.bo\/index.php\/wp-json\/wp\/v2\/product\/17445","targetHints":{"allow":["GET"]}}],"collection":[{"href":"https:\/\/triplex.com.bo\/index.php\/wp-json\/wp\/v2\/product"}],"about":[{"href":"https:\/\/triplex.com.bo\/index.php\/wp-json\/wp\/v2\/types\/product"}],"replies":[{"embeddable":true,"href":"https:\/\/triplex.com.bo\/index.php\/wp-json\/wp\/v2\/comments?post=17445"}],"wp:featuredmedia":[{"embeddable":true,"href":"https:\/\/triplex.com.bo\/index.php\/wp-json\/wp\/v2\/media\/17448"}],"wp:attachment":[{"href":"https:\/\/triplex.com.bo\/index.php\/wp-json\/wp\/v2\/media?parent=17445"}],"wp:term":[{"taxonomy":"pwb-brand","embeddable":true,"href":"https:\/\/triplex.com.bo\/index.php\/wp-json\/wp\/v2\/pwb-brand?post=17445"},{"taxonomy":"product_brand","embeddable":true,"href":"https:\/\/triplex.com.bo\/index.php\/wp-json\/wp\/v2\/product_brand?post=17445"},{"taxonomy":"product_cat","embeddable":true,"href":"https:\/\/triplex.com.bo\/index.php\/wp-json\/wp\/v2\/product_cat?post=17445"},{"taxonomy":"product_tag","embeddable":true,"href":"https:\/\/triplex.com.bo\/index.php\/wp-json\/wp\/v2\/product_tag?post=17445"}],"curies":[{"name":"wp","href":"https:\/\/api.w.org\/{rel}","templated":true}]}}