{"id":17341,"date":"2025-06-02T11:24:42","date_gmt":"2025-06-02T15:24:42","guid":{"rendered":"https:\/\/triplex.com.bo\/?post_type=product&#038;p=17341"},"modified":"2026-04-20T14:48:20","modified_gmt":"2026-04-20T18:48:20","slug":"celular-xiaomi-redmi-note-14-pro-256gb-8gb-ram","status":"publish","type":"product","link":"https:\/\/triplex.com.bo\/index.php\/product\/celular-xiaomi-redmi-note-14-pro-256gb-8gb-ram\/","title":{"rendered":"CELULAR XIAOMI REDMI NOTE 14 PRO (256GB) 8GB RAM"},"content":{"rendered":"<h3 data-path-to-node=\"1\"><b data-path-to-node=\"1\" data-index-in-node=\"0\">Ficha T\u00e9cnica: Xiaomi Redmi Note 14 Pro (256GB \/ 8GB RAM)<\/b><\/h3>\n<table data-path-to-node=\"2\">\n<thead>\n<tr>\n<td><strong>Caracter\u00edstica<\/strong><\/td>\n<td><strong>Especificaci\u00f3n<\/strong><\/td>\n<\/tr>\n<\/thead>\n<tbody>\n<tr>\n<td><span data-path-to-node=\"2,1,0,0\"><b data-path-to-node=\"2,1,0,0\" data-index-in-node=\"0\">Pantalla<\/b><\/span><\/td>\n<td><span data-path-to-node=\"2,1,1,0\">AMOLED Curva de 6.67 pulgadas<\/span><\/td>\n<\/tr>\n<tr>\n<td><span data-path-to-node=\"2,2,0,0\"><b data-path-to-node=\"2,2,0,0\" data-index-in-node=\"0\">Resoluci\u00f3n<\/b><\/span><\/td>\n<td><span data-path-to-node=\"2,2,1,0\">1.5K (1220 x 2712 p\u00edxeles)<\/span><\/td>\n<\/tr>\n<tr>\n<td><span data-path-to-node=\"2,3,0,0\"><b data-path-to-node=\"2,3,0,0\" data-index-in-node=\"0\">Tasa de Refresco<\/b><\/span><\/td>\n<td><span data-path-to-node=\"2,3,1,0\">120 Hz (Brillo de hasta 3000 nits)<\/span><\/td>\n<\/tr>\n<tr>\n<td><span data-path-to-node=\"2,4,0,0\"><b data-path-to-node=\"2,4,0,0\" data-index-in-node=\"0\">Procesador<\/b><\/span><\/td>\n<td><span data-path-to-node=\"2,4,1,0\">MediaTek Dimensity 7300 Ultra (4nm)<\/span><\/td>\n<\/tr>\n<tr>\n<td><span data-path-to-node=\"2,5,0,0\"><b data-path-to-node=\"2,5,0,0\" data-index-in-node=\"0\">Memoria RAM<\/b><\/span><\/td>\n<td><span data-path-to-node=\"2,5,1,0\">8 GB (LPDDR4X)<\/span><\/td>\n<\/tr>\n<tr>\n<td><span data-path-to-node=\"2,6,0,0\"><b data-path-to-node=\"2,6,0,0\" data-index-in-node=\"0\">Almacenamiento<\/b><\/span><\/td>\n<td><span data-path-to-node=\"2,6,1,0\">256 GB (UFS 2.2)<\/span><\/td>\n<\/tr>\n<tr>\n<td><span data-path-to-node=\"2,7,0,0\"><b data-path-to-node=\"2,7,0,0\" data-index-in-node=\"0\">C\u00e1mara Principal<\/b><\/span><\/td>\n<td><span data-path-to-node=\"2,7,1,0\">Triple: 50 MP (Sony LYT-600, <b data-path-to-node=\"2,7,1,0\" data-index-in-node=\"29\">OIS<\/b>) + 8 MP (Ultra Gran Angular) + 2 MP (Macro)<\/span><\/td>\n<\/tr>\n<tr>\n<td><span data-path-to-node=\"2,8,0,0\"><b data-path-to-node=\"2,8,0,0\" data-index-in-node=\"0\">C\u00e1mara Frontal<\/b><\/span><\/td>\n<td><span data-path-to-node=\"2,8,1,0\">20 MP<\/span><\/td>\n<\/tr>\n<tr>\n<td><span data-path-to-node=\"2,9,0,0\"><b data-path-to-node=\"2,9,0,0\" data-index-in-node=\"0\">Bater\u00eda<\/b><\/span><\/td>\n<td><span data-path-to-node=\"2,9,1,0\">5500 mAh<\/span><\/td>\n<\/tr>\n<tr>\n<td><span data-path-to-node=\"2,10,0,0\"><b data-path-to-node=\"2,10,0,0\" data-index-in-node=\"0\">Carga R\u00e1pida<\/b><\/span><\/td>\n<td><span data-path-to-node=\"2,10,1,0\">45W<\/span><\/td>\n<\/tr>\n<tr>\n<td><span data-path-to-node=\"2,11,0,0\"><b data-path-to-node=\"2,11,0,0\" data-index-in-node=\"0\">Sistema Operativo<\/b><\/span><\/td>\n<td><span data-path-to-node=\"2,11,1,0\">HyperOS (Basado en Android 14)<\/span><\/td>\n<\/tr>\n<tr>\n<td><span data-path-to-node=\"2,12,0,0\"><b data-path-to-node=\"2,12,0,0\" data-index-in-node=\"0\">Protecci\u00f3n<\/b><\/span><\/td>\n<td><span data-path-to-node=\"2,12,1,0\">Gorilla Glass Victus 2 e <b data-path-to-node=\"2,12,1,0\" data-index-in-node=\"25\">IP68\/IP69K<\/b><\/span><\/td>\n<\/tr>\n<tr>\n<td><span data-path-to-node=\"2,13,0,0\"><b data-path-to-node=\"2,13,0,0\" data-index-in-node=\"0\">Sonido<\/b><\/span><\/td>\n<td><span data-path-to-node=\"2,13,1,0\">Altavoces est\u00e9reo duales<\/span><\/td>\n<\/tr>\n<\/tbody>\n<\/table>\n<hr data-path-to-node=\"3\" \/>\n<ul>\n<li data-path-to-node=\"5,0,0\"><b data-path-to-node=\"5,0,0\" data-index-in-node=\"0\">Resistencia de Grado Militar:<\/b> Es uno de los pocos en su gama con triple certificaci\u00f3n (<b data-path-to-node=\"5,0,0\" data-index-in-node=\"87\">IP66, IP68 e IP69K<\/b>), lo que significa que resiste sumersiones totales y hasta chorros de agua a alta presi\u00f3n y temperatura.<\/li>\n<li data-path-to-node=\"5,0,0\"><b data-path-to-node=\"5,1,0\" data-index-in-node=\"0\">Pantalla Espectacular:<\/b> Su panel curvo con resoluci\u00f3n <b data-path-to-node=\"5,1,0\" data-index-in-node=\"53\">1.5K<\/b> y protecci\u00f3n <b data-path-to-node=\"5,1,0\" data-index-in-node=\"71\">Gorilla Glass Victus 2<\/b> ofrece una experiencia visual de gama alta con una resistencia a ca\u00eddas superior.<\/li>\n<li data-path-to-node=\"5,0,0\"><b data-path-to-node=\"5,2,0\" data-index-in-node=\"0\">Fotograf\u00eda de Precisi\u00f3n:<\/b> La c\u00e1mara de <b data-path-to-node=\"5,2,0\" data-index-in-node=\"38\">50 MP con estabilizador \u00f3ptico (OIS)<\/b> garantiza fotos n\u00edtidas incluso de noche o en movimiento.<\/li>\n<li data-path-to-node=\"5,0,0\"><b data-path-to-node=\"5,3,0\" data-index-in-node=\"0\"><span class=\"citation-295\">Gran Autonom\u00eda:<\/span><\/b><span class=\"citation-295\"> Con una bater\u00eda de <\/span><b data-path-to-node=\"5,3,0\" data-index-in-node=\"35\"><span class=\"citation-295\">5500 mAh<\/span><\/b><span class=\"citation-295 citation-end-295\">, supera el est\u00e1ndar promedio, asegurando energ\u00eda para m\u00e1s de un d\u00eda de uso intenso<\/span><\/li>\n<\/ul>\n","protected":false},"excerpt":{"rendered":"<p>Ficha T\u00e9cnica: Xiaomi Redmi Note 14 Pro (256GB \/ 8GB RAM) Caracter\u00edstica Especificaci\u00f3n Pantalla AMOLED Curva de 6.67 pulgadas Resoluci\u00f3n 1.5K (1220 x 2712 p\u00edxeles) Tasa de Refresco 120 Hz (Brillo de hasta 3000 nits) Procesador MediaTek Dimensity 7300 Ultra (4nm) Memoria RAM 8 GB (LPDDR4X) Almacenamiento 256 GB (UFS 2.2) C\u00e1mara Principal Triple: 50 [&hellip;]<\/p>\n","protected":false},"featured_media":17342,"comment_status":"open","ping_status":"closed","template":"","meta":{"_acf_changed":false},"pwb-brand":[374],"product_brand":[],"product_cat":[339,209,195],"product_tag":[430],"class_list":{"0":"post-17341","1":"product","2":"type-product","3":"status-publish","4":"has-post-thumbnail","6":"pwb-brand-xiaomi","7":"product_cat-tecnologia-celulares","8":"product_cat-ofertas-especiales","9":"product_cat-tecnologia","10":"product_tag-oferta","12":"first","13":"instock","14":"sale","15":"shipping-taxable","16":"purchasable","17":"product-type-simple"},"acf":[],"brands":[{"id":374,"name":"XIAOMI","slug":"xiaomi"}],"_links":{"self":[{"href":"https:\/\/triplex.com.bo\/index.php\/wp-json\/wp\/v2\/product\/17341","targetHints":{"allow":["GET"]}}],"collection":[{"href":"https:\/\/triplex.com.bo\/index.php\/wp-json\/wp\/v2\/product"}],"about":[{"href":"https:\/\/triplex.com.bo\/index.php\/wp-json\/wp\/v2\/types\/product"}],"replies":[{"embeddable":true,"href":"https:\/\/triplex.com.bo\/index.php\/wp-json\/wp\/v2\/comments?post=17341"}],"wp:featuredmedia":[{"embeddable":true,"href":"https:\/\/triplex.com.bo\/index.php\/wp-json\/wp\/v2\/media\/17342"}],"wp:attachment":[{"href":"https:\/\/triplex.com.bo\/index.php\/wp-json\/wp\/v2\/media?parent=17341"}],"wp:term":[{"taxonomy":"pwb-brand","embeddable":true,"href":"https:\/\/triplex.com.bo\/index.php\/wp-json\/wp\/v2\/pwb-brand?post=17341"},{"taxonomy":"product_brand","embeddable":true,"href":"https:\/\/triplex.com.bo\/index.php\/wp-json\/wp\/v2\/product_brand?post=17341"},{"taxonomy":"product_cat","embeddable":true,"href":"https:\/\/triplex.com.bo\/index.php\/wp-json\/wp\/v2\/product_cat?post=17341"},{"taxonomy":"product_tag","embeddable":true,"href":"https:\/\/triplex.com.bo\/index.php\/wp-json\/wp\/v2\/product_tag?post=17341"}],"curies":[{"name":"wp","href":"https:\/\/api.w.org\/{rel}","templated":true}]}}