{"id":17335,"date":"2025-06-02T10:52:38","date_gmt":"2025-06-02T14:52:38","guid":{"rendered":"https:\/\/triplex.com.bo\/?post_type=product&#038;p=17335"},"modified":"2025-09-30T09:41:10","modified_gmt":"2025-09-30T13:41:10","slug":"celular-tecno-spark-30c-256gb-4gb-ram","status":"publish","type":"product","link":"https:\/\/triplex.com.bo\/index.php\/product\/celular-tecno-spark-30c-256gb-4gb-ram\/","title":{"rendered":"CELULAR TECNO SPARK 30C 256GB 4GB RAM"},"content":{"rendered":"<section class=\"container cs-product-tech-spec parameter-section\">\n<div class=\"row\">\n<div class=\"col-sm-3 col-md-2 parameter-col\">\n<div class=\"d-inline-block\">\n<h3 class=\"tech-spec-title\">Sistema operativo<\/h3>\n<\/div>\n<\/div>\n<div class=\"col-sm-9 col-md-10 parameter-col\">\n<div class=\"row\">\n<div class=\"col-sm-6\">\n<ul class=\"list-unstyled parameter-info-list\">\n<li>Android 14<\/li>\n<\/ul>\n<\/div>\n<\/div>\n<\/div>\n<\/div>\n<\/section>\n<section class=\"container cs-product-tech-spec parameter-section\">\n<div class=\"row\">\n<div class=\"col-sm-3 col-md-2 parameter-col\">\n<div class=\"d-inline-block\">\n<h3 class=\"tech-spec-title\">Procesador<\/h3>\n<\/div>\n<\/div>\n<div class=\"col-sm-5 col-md-4 parameter-col\">\n<ul class=\"list-unstyled parameter-info-list\">\n<li>G81<\/li>\n<\/ul>\n<\/div>\n<\/div>\n<\/section>\n<section class=\"container cs-product-tech-spec parameter-section\">\n<div class=\"row\">\n<div class=\"col-sm-3 col-md-2 parameter-col\">\n<div class=\"d-inline-block\">\n<h3 class=\"tech-spec-title\">Red<\/h3>\n<\/div>\n<\/div>\n<div class=\"col-sm-9 col-md-10 parameter-col\">\n<ul class=\"cs-product-tech-spec-list clearfix\">\n<li>2G<\/li>\n<li>3G<\/li>\n<li>4G<\/li>\n<\/ul>\n<\/div>\n<\/div>\n<\/section>\n<section class=\"container cs-product-tech-spec parameter-section\">\n<div class=\"row\">\n<div class=\"col-sm-3 col-md-2 parameter-col\">\n<div class=\"d-inline-block\">\n<h3 class=\"tech-spec-title\">Visualizaci\u00f3n<\/h3>\n<\/div>\n<\/div>\n<div class=\"col-sm-9 col-md-10 parameter-col\">\n<div class=\"row\">\n<div class=\"col-xs-12 col-sm-6\">\n<ul class=\"list-unstyled parameter-info-list\">\n<li>Pantalla de 6.67\u00bb 120 Hz Hole Screen<\/li>\n<\/ul>\n<\/div>\n<\/div>\n<div class=\"row\">\n<div class=\"col-xs-12 col-sm-6\">\n<div><img decoding=\"async\" class=\"figure-img\" src=\"https:\/\/www.tecno-mobile.com\/bo\/telefonos\/tech-specs\/tecspecs\/spark-30c\/\" alt=\"\" \/><\/div>\n<\/div>\n<\/div>\n<\/div>\n<\/div>\n<\/section>\n<section class=\"container cs-product-tech-spec parameter-section\">\n<div class=\"row\">\n<div class=\"col-sm-3 col-md-2 parameter-col\">\n<div class=\"d-inline-block\">\n<h3 class=\"tech-spec-title\">Resoluci\u00f3n<\/h3>\n<\/div>\n<\/div>\n<div class=\"col-sm-9 col-md-10 parameter-col\">\n<div class=\"row\">\n<div class=\"col-sm-6\">\n<ul class=\"list-unstyled parameter-info-list\">\n<li>720*1600<\/li>\n<\/ul>\n<\/div>\n<div class=\"col-sm-6\">C\u00e1mara<\/div>\n<\/div>\n<\/div>\n<\/div>\n<\/section>\n<section class=\"container cs-product-tech-spec parameter-section\">\n<div class=\"row\">\n<div class=\"col-sm-9 col-md-10 parameter-col\">\n<div class=\"row\">\n<div class=\"col-sm-6\">\n<ul class=\"list-unstyled parameter-info-list\">\n<li>Selfie: 8 MP, Flash frontal dual<\/li>\n<li>Principal: 50 MP, Flash posterior dual<\/li>\n<\/ul>\n<\/div>\n<div class=\"col-sm-6\"><\/div>\n<\/div>\n<div class=\"row\">\n<div class=\"col-xs-12 col-sm-3 col-xl-2\">\n<div><img decoding=\"async\" class=\"figure-img fingerprint-sensor-phone-img\" src=\"https:\/\/www.tecno-mobile.com\/bo\/telefonos\/tech-specs\/tecspecs\/spark-30c\/\" alt=\"\" \/>Huella digital<\/div>\n<\/div>\n<\/div>\n<\/div>\n<\/div>\n<\/section>\n<section class=\"container cs-product-tech-spec parameter-section\">\n<div class=\"row\">\n<div class=\"col-sm-9 col-md-10 parameter-col\">\n<div class=\"row\">\n<div class=\"col-sm-6\">\n<ul class=\"list-unstyled parameter-info-list\">\n<li>Huella lateral<\/li>\n<\/ul>\n<\/div>\n<\/div>\n<\/div>\n<\/div>\n<\/section>\n<section class=\"container cs-product-tech-spec parameter-section\">\n<div class=\"row\">\n<div class=\"col-sm-3 col-md-2 parameter-col\">\n<div class=\"d-inline-block\">\n<h3 class=\"tech-spec-title\">Bater\u00eda<\/h3>\n<\/div>\n<\/div>\n<div class=\"col-sm-9 col-md-10 parameter-col\">\n<div class=\"row\">\n<div class=\"col-sm-6\">\n<ul class=\"list-unstyled parameter-info-list\">\n<li>5000 mAh + Carga r\u00e1pida de 18W<\/li>\n<li>tipo C<\/li>\n<\/ul>\n<\/div>\n<\/div>\n<\/div>\n<\/div>\n<\/section>\n<section class=\"container cs-product-tech-spec parameter-section\">\n<div class=\"row\">\n<div class=\"col-sm-3 col-md-2 parameter-col\">\n<div class=\"d-inline-block\">\n<h3 class=\"tech-spec-title\">Altavoz<\/h3>\n<\/div>\n<\/div>\n<div class=\"col-sm-9 col-md-10 parameter-col\">\n<div class=\"row\">\n<div class=\"col-sm-6\">\n<ul class=\"list-unstyled parameter-info-list\">\n<li>Altavoces duales sim\u00e9tricos con sonido est\u00e9reo DTS<\/li>\n<\/ul>\n<\/div>\n<\/div>\n<\/div>\n<\/div>\n<\/section>\n<section class=\"container cs-product-tech-spec parameter-section\">\n<div class=\"row\">\n<div class=\"col-sm-3 col-md-2 parameter-col\">\n<div class=\"d-inline-block\">\n<h3 class=\"tech-spec-title\">Control remoto infrarrojo<\/h3>\n<\/div>\n<\/div>\n<div class=\"col-sm-9 col-md-10 parameter-col\">\n<div class=\"row\">\n<div class=\"col-sm-6\">\n<ul class=\"list-unstyled parameter-info-list\">\n<li>Compatible<\/li>\n<\/ul>\n<\/div>\n<\/div>\n<\/div>\n<\/div>\n<\/section>\n<section class=\"container cs-product-tech-spec parameter-section\">\n<div class=\"row\">\n<div class=\"col-sm-3 col-md-2 parameter-col\">\n<div class=\"d-inline-block\">\n<h3 class=\"tech-spec-title\">Resistente al agua<\/h3>\n<\/div>\n<\/div>\n<div class=\"col-sm-9 col-md-10 parameter-col\">\n<div class=\"row\">\n<div class=\"col-sm-6\">\n<ul class=\"list-unstyled parameter-info-list\">\n<li>Certificaci\u00f3n IP54<\/li>\n<\/ul>\n<\/div>\n<\/div>\n<\/div>\n<\/div>\n<\/section>\n<section class=\"container cs-product-tech-spec parameter-section\">\n<div class=\"row\">\n<div class=\"col-sm-3 col-md-2 parameter-col\">\n<div class=\"d-inline-block\">\n<h3 class=\"tech-spec-title\">Control por toque<\/h3>\n<\/div>\n<\/div>\n<div class=\"col-sm-9 col-md-10 parameter-col\">\n<div class=\"row\">\n<div class=\"col-sm-6\">\n<ul class=\"list-unstyled parameter-info-list\">\n<li>Control por toque con mano humeda o aceitosa<\/li>\n<\/ul>\n<\/div>\n<\/div>\n<\/div>\n<\/div>\n<\/section>\n<section class=\"container cs-product-tech-spec parameter-section\">\n<div class=\"row\">\n<div class=\"col-sm-3 col-md-2 parameter-col\">\n<div class=\"d-inline-block\">\n<h3 class=\"tech-spec-title\">Memoria<\/h3>\n<\/div>\n<\/div>\n<div class=\"col-sm-9 col-md-10 parameter-col\">\n<div class=\"row\">\n<div class=\"col-sm-6\">\n<ul class=\"list-unstyled parameter-info-list\">\n<li>256GB ROM + 8GB RAM*(4GB + 4GB Ampliada)<\/li>\n<li>256GB ROM + 16GB RAM*(8GB + 8GB Ampliada)<\/li>\n<\/ul>\n<\/div>\n<\/div>\n<\/div>\n<\/div>\n<\/section>\n","protected":false},"excerpt":{"rendered":"<p>Sistema operativo Android 14 Procesador G81 Red 2G 3G 4G Visualizaci\u00f3n Pantalla de 6.67\u00bb 120 Hz Hole Screen Resoluci\u00f3n 720*1600 C\u00e1mara Selfie: 8 MP, Flash frontal dual Principal: 50 MP, Flash posterior dual Huella digital Huella lateral Bater\u00eda 5000 mAh + Carga r\u00e1pida de 18W tipo C Altavoz Altavoces duales sim\u00e9tricos con sonido est\u00e9reo DTS [&hellip;]<\/p>\n","protected":false},"featured_media":17337,"comment_status":"open","ping_status":"closed","template":"","meta":{"_acf_changed":false},"pwb-brand":[373],"product_brand":[],"product_cat":[339,195],"product_tag":[],"class_list":{"0":"post-17335","1":"product","2":"type-product","3":"status-publish","4":"has-post-thumbnail","6":"pwb-brand-tecno","7":"product_cat-tecnologia-celulares","8":"product_cat-tecnologia","10":"first","11":"outofstock","12":"shipping-taxable","13":"purchasable","14":"product-type-simple"},"acf":[],"brands":[{"id":373,"name":"TECNO","slug":"tecno"}],"_links":{"self":[{"href":"https:\/\/triplex.com.bo\/index.php\/wp-json\/wp\/v2\/product\/17335","targetHints":{"allow":["GET"]}}],"collection":[{"href":"https:\/\/triplex.com.bo\/index.php\/wp-json\/wp\/v2\/product"}],"about":[{"href":"https:\/\/triplex.com.bo\/index.php\/wp-json\/wp\/v2\/types\/product"}],"replies":[{"embeddable":true,"href":"https:\/\/triplex.com.bo\/index.php\/wp-json\/wp\/v2\/comments?post=17335"}],"wp:featuredmedia":[{"embeddable":true,"href":"https:\/\/triplex.com.bo\/index.php\/wp-json\/wp\/v2\/media\/17337"}],"wp:attachment":[{"href":"https:\/\/triplex.com.bo\/index.php\/wp-json\/wp\/v2\/media?parent=17335"}],"wp:term":[{"taxonomy":"pwb-brand","embeddable":true,"href":"https:\/\/triplex.com.bo\/index.php\/wp-json\/wp\/v2\/pwb-brand?post=17335"},{"taxonomy":"product_brand","embeddable":true,"href":"https:\/\/triplex.com.bo\/index.php\/wp-json\/wp\/v2\/product_brand?post=17335"},{"taxonomy":"product_cat","embeddable":true,"href":"https:\/\/triplex.com.bo\/index.php\/wp-json\/wp\/v2\/product_cat?post=17335"},{"taxonomy":"product_tag","embeddable":true,"href":"https:\/\/triplex.com.bo\/index.php\/wp-json\/wp\/v2\/product_tag?post=17335"}],"curies":[{"name":"wp","href":"https:\/\/api.w.org\/{rel}","templated":true}]}}