{"id":17326,"date":"2025-06-02T10:18:22","date_gmt":"2025-06-02T14:18:22","guid":{"rendered":"https:\/\/triplex.com.bo\/?post_type=product&#038;p=17326"},"modified":"2026-01-06T10:18:53","modified_gmt":"2026-01-06T14:18:53","slug":"celular-honor-x7c-256gb-8gb-ram","status":"publish","type":"product","link":"https:\/\/triplex.com.bo\/index.php\/product\/celular-honor-x7c-256gb-8gb-ram\/","title":{"rendered":"CELULAR HONOR X7C 256GB 8GB RAM"},"content":{"rendered":"<p>El HONOR X7c con pantalla de 6.77&#8243; combina un dise\u00f1o elegante con especificaciones de alta gama. Equipado con un procesador Qualcomm Snapdragon 685, 8GB de RAM y 256GB de almacenamiento te ofrece un rendimiento excepcional que asegura un funcionamiento sin problemas. Adem\u00e1s, cuenta con una c\u00e1mara principal de 108MP y una c\u00e1mara delantera de 8MP que te permite capturar fotos n\u00edtidas y de alta calidad vayas donde vayas.<\/p>\n<h2>Ficha t\u00e9cnica<\/h2>\n<table class=\"table table-striped\">\n<tbody>\n<tr>\n<td class=\"text-nowrap\">\u00a0<strong>Pantalla<\/strong><\/td>\n<td>6.77\u2033, 720 x 1610 pixels\u00a0<strong>LCD IPS<\/strong><\/td>\n<\/tr>\n<tr>\n<td class=\"text-nowrap\">\u00a0<strong>Procesador<\/strong><\/td>\n<td>Snapdragon 685 2.8GHz<\/td>\n<\/tr>\n<tr>\n<td class=\"text-nowrap\">\u00a0<strong>Memoria RAM<\/strong><\/td>\n<td>8GB<\/td>\n<\/tr>\n<tr>\n<td class=\"text-nowrap\">\u00a0<strong>Almacenamiento<\/strong><\/td>\n<td>256GB<\/td>\n<\/tr>\n<tr>\n<td class=\"text-nowrap\">\u00a0<strong>Expansi\u00f3n<\/strong><\/td>\n<td>Sin microSD<\/td>\n<\/tr>\n<tr>\n<td class=\"text-nowrap\">\u00a0<strong>C\u00e1mara<\/strong><\/td>\n<td><strong>Principal<\/strong>\u00a0Dual, 108 MP (wide) + 2 MP (profundidad) \/\u00a0<strong>Frontal<\/strong>\u00a08MP \/ 1080P a 30 FPS<\/td>\n<\/tr>\n<tr>\n<td class=\"text-nowrap\">\u00a0<strong>Bater\u00eda<\/strong><\/td>\n<td>6000 mAh \/\u00a0<strong>Carga r\u00e1pida<\/strong>\u00a035W<\/td>\n<\/tr>\n<tr>\n<td class=\"text-nowrap\">\u00a0<strong>Sistema Operativo<\/strong><\/td>\n<td>Android 14<\/td>\n<\/tr>\n<tr>\n<td class=\"text-nowrap\">\u00a0<strong>Resistencia<\/strong><\/td>\n<td>IP64<\/td>\n<\/tr>\n<\/tbody>\n<\/table>\n","protected":false},"excerpt":{"rendered":"<p>El HONOR X7c con pantalla de 6.77&#8243; combina un dise\u00f1o elegante con especificaciones de alta gama. Equipado con un procesador Qualcomm Snapdragon 685, 8GB de RAM y 256GB de almacenamiento te ofrece un rendimiento excepcional que asegura un funcionamiento sin problemas. Adem\u00e1s, cuenta con una c\u00e1mara principal de 108MP y una c\u00e1mara delantera de 8MP [&hellip;]<\/p>\n","protected":false},"featured_media":17327,"comment_status":"open","ping_status":"closed","template":"","meta":{"_acf_changed":false},"pwb-brand":[356],"product_brand":[],"product_cat":[339,195],"product_tag":[],"class_list":{"0":"post-17326","1":"product","2":"type-product","3":"status-publish","4":"has-post-thumbnail","6":"pwb-brand-honor","7":"product_cat-tecnologia-celulares","8":"product_cat-tecnologia","10":"first","11":"outofstock","12":"shipping-taxable","13":"purchasable","14":"product-type-simple"},"acf":[],"brands":[{"id":356,"name":"HONOR","slug":"honor"}],"_links":{"self":[{"href":"https:\/\/triplex.com.bo\/index.php\/wp-json\/wp\/v2\/product\/17326","targetHints":{"allow":["GET"]}}],"collection":[{"href":"https:\/\/triplex.com.bo\/index.php\/wp-json\/wp\/v2\/product"}],"about":[{"href":"https:\/\/triplex.com.bo\/index.php\/wp-json\/wp\/v2\/types\/product"}],"replies":[{"embeddable":true,"href":"https:\/\/triplex.com.bo\/index.php\/wp-json\/wp\/v2\/comments?post=17326"}],"wp:featuredmedia":[{"embeddable":true,"href":"https:\/\/triplex.com.bo\/index.php\/wp-json\/wp\/v2\/media\/17327"}],"wp:attachment":[{"href":"https:\/\/triplex.com.bo\/index.php\/wp-json\/wp\/v2\/media?parent=17326"}],"wp:term":[{"taxonomy":"pwb-brand","embeddable":true,"href":"https:\/\/triplex.com.bo\/index.php\/wp-json\/wp\/v2\/pwb-brand?post=17326"},{"taxonomy":"product_brand","embeddable":true,"href":"https:\/\/triplex.com.bo\/index.php\/wp-json\/wp\/v2\/product_brand?post=17326"},{"taxonomy":"product_cat","embeddable":true,"href":"https:\/\/triplex.com.bo\/index.php\/wp-json\/wp\/v2\/product_cat?post=17326"},{"taxonomy":"product_tag","embeddable":true,"href":"https:\/\/triplex.com.bo\/index.php\/wp-json\/wp\/v2\/product_tag?post=17326"}],"curies":[{"name":"wp","href":"https:\/\/api.w.org\/{rel}","templated":true}]}}