{"id":17321,"date":"2025-06-02T10:10:06","date_gmt":"2025-06-02T14:10:06","guid":{"rendered":"https:\/\/triplex.com.bo\/?post_type=product&#038;p=17321"},"modified":"2025-10-23T09:50:28","modified_gmt":"2025-10-23T13:50:28","slug":"celular-honor-magic-400-lite-256-gb-12gb-ram","status":"publish","type":"product","link":"https:\/\/triplex.com.bo\/index.php\/product\/celular-honor-magic-400-lite-256-gb-12gb-ram\/","title":{"rendered":"CELULAR HONOR MAGIC 400 LITE 256 GB 12GB RAM"},"content":{"rendered":"<div class=\"dwspecs-product-table-group\">\n<div class=\"group-title\">Camara Trasera<\/div>\n<table>\n<tbody>\n<tr>\n<td>Camara Trasera<\/td>\n<td>108MP (f\/1.75)<\/td>\n<\/tr>\n<tr>\n<td>Caracter\u00edsticas c\u00e1mara<\/td>\n<td>C\u00e1mara gran angular de 5MP (f\/2.2)<\/td>\n<\/tr>\n<\/tbody>\n<\/table>\n<\/div>\n<div class=\"dwspecs-product-table-group\">\n<div class=\"group-title\">Camara Frontal<\/div>\n<table>\n<tbody>\n<tr>\n<td>Camara Frontal<\/td>\n<td>16 MP; Luz para selfies<\/td>\n<\/tr>\n<\/tbody>\n<\/table>\n<\/div>\n<div class=\"dwspecs-product-table-group\">\n<div class=\"group-title\">Memoria<\/div>\n<table>\n<tbody>\n<tr>\n<td>Almacenamiento<\/td>\n<td>256GB<\/td>\n<\/tr>\n<tr>\n<td>RAM<\/td>\n<td>8GB<\/td>\n<\/tr>\n<\/tbody>\n<\/table>\n<\/div>\n<div class=\"dwspecs-product-table-group\">\n<div class=\"group-title\">Pantalla<\/div>\n<table>\n<tbody>\n<tr>\n<td>Tama\u00f1o de Pantalla<\/td>\n<td>Pantalla AMOLED de 6.7 pulgadas<\/td>\n<\/tr>\n<tr>\n<td>Caracter\u00edsticas Pantalla<\/td>\n<td>16.7 millones de colores, 100 % DCI-P3<\/p>\n<p>Brillo m\u00e1ximo de 3500nits<\/p>\n<p>Frecuencia de actualizaci\u00f3n de 120 Hz<\/p>\n<p>Resoluci\u00f3n: 1080 \u00d7 2412<\/p>\n<p>PPI: 394<\/p>\n<p>Atenuaci\u00f3n PWM de 3840 Hz<\/p>\n<p>Tecnolog\u00eda de Pantalla Nocturna Circadiana<\/td>\n<\/tr>\n<\/tbody>\n<\/table>\n<\/div>\n<div class=\"dwspecs-product-table-group\">\n<div class=\"group-title\">Bateria<\/div>\n<table>\n<tbody>\n<tr>\n<td>Bater\u00eda<\/td>\n<td>5230mAh<\/td>\n<\/tr>\n<tr>\n<td>Caracter\u00edsticas Bateria<\/td>\n<td>HONOR SuperCharge de 35W<\/td>\n<\/tr>\n<\/tbody>\n<\/table>\n<\/div>\n<div class=\"dwspecs-product-table-group\">\n<div class=\"group-title\">Procesador<\/div>\n<table>\n<tbody>\n<tr>\n<td>Modelo de CPU<\/td>\n<td>MediaTek Dimensity 7025-Ultra<\/td>\n<\/tr>\n<\/tbody>\n<\/table>\n<\/div>\n<div class=\"dwspecs-product-table-group\">\n<div class=\"group-title\">Sensores<\/div>\n<table>\n<tbody>\n<tr>\n<td>Sensor de Huella<\/td>\n<td class=\"yes\"><\/td>\n<\/tr>\n<tr>\n<td>NFC<\/td>\n<td class=\"no\"><\/td>\n<\/tr>\n<\/tbody>\n<\/table>\n<\/div>\n<div class=\"dwspecs-product-table-group\">\n<div class=\"group-title\">Dimensiones y Peso<\/div>\n<table>\n<tbody>\n<tr>\n<td>Altura<\/td>\n<td>161mm<\/td>\n<\/tr>\n<tr>\n<td>Ancho<\/td>\n<td>74.55mm<\/td>\n<\/tr>\n<tr>\n<td>Peso<\/td>\n<td>171g<\/td>\n<\/tr>\n<\/tbody>\n<\/table>\n<\/div>\n<div class=\"dwspecs-product-table-group\">\n<div class=\"group-title\">Sistema<\/div>\n<table>\n<tbody>\n<tr>\n<td>Sistema Operativo<\/td>\n<td>MagicOS 9.0, basado en Android 15<\/td>\n<\/tr>\n<tr>\n<td>Nivel de resistencia al agua<\/td>\n<td>Tecnolog\u00eda de tacto con manos mojadas IP65\u2074<\/td>\n<\/tr>\n<tr>\n<td>Caracter\u00edsticas Especiales<\/td>\n<td>El primer smartphone Android de la industria con bot\u00f3n de c\u00e1mara IA<\/td>\n<\/tr>\n<\/tbody>\n<\/table>\n<\/div>\n<div class=\"dwspecs-product-table-group\">\n<div class=\"group-title\">Red<\/div>\n<table>\n<tbody>\n<tr>\n<td>Tarjeta<\/td>\n<td>Nano-SIM, doble stand-by<\/td>\n<\/tr>\n<\/tbody>\n<\/table>\n<\/div>\n<div class=\"dwspecs-product-table-group\">\n<div class=\"group-title\">Conectividad<\/div>\n<table>\n<tbody>\n<tr>\n<td>Bluetooth<\/td>\n<td>BT5.3 (compatible con BLE, SBC, AAC y LDAC)<\/td>\n<\/tr>\n<\/tbody>\n<\/table>\n<\/div>\n","protected":false},"excerpt":{"rendered":"<p>Camara Trasera Camara Trasera 108MP (f\/1.75) Caracter\u00edsticas c\u00e1mara C\u00e1mara gran angular de 5MP (f\/2.2) Camara Frontal Camara Frontal 16 MP; Luz para selfies Memoria Almacenamiento 256GB RAM 8GB Pantalla Tama\u00f1o de Pantalla Pantalla AMOLED de 6.7 pulgadas Caracter\u00edsticas Pantalla 16.7 millones de colores, 100 % DCI-P3 Brillo m\u00e1ximo de 3500nits Frecuencia de actualizaci\u00f3n de 120 [&hellip;]<\/p>\n","protected":false},"featured_media":17324,"comment_status":"open","ping_status":"closed","template":"","meta":{"_acf_changed":false},"pwb-brand":[356],"product_brand":[],"product_cat":[339,379,195],"product_tag":[],"class_list":{"0":"post-17321","1":"product","2":"type-product","3":"status-publish","4":"has-post-thumbnail","6":"pwb-brand-honor","7":"product_cat-tecnologia-celulares","8":"product_cat-computadoras","9":"product_cat-tecnologia","11":"first","12":"outofstock","13":"shipping-taxable","14":"purchasable","15":"product-type-simple"},"acf":[],"brands":[{"id":356,"name":"HONOR","slug":"honor"}],"_links":{"self":[{"href":"https:\/\/triplex.com.bo\/index.php\/wp-json\/wp\/v2\/product\/17321","targetHints":{"allow":["GET"]}}],"collection":[{"href":"https:\/\/triplex.com.bo\/index.php\/wp-json\/wp\/v2\/product"}],"about":[{"href":"https:\/\/triplex.com.bo\/index.php\/wp-json\/wp\/v2\/types\/product"}],"replies":[{"embeddable":true,"href":"https:\/\/triplex.com.bo\/index.php\/wp-json\/wp\/v2\/comments?post=17321"}],"wp:featuredmedia":[{"embeddable":true,"href":"https:\/\/triplex.com.bo\/index.php\/wp-json\/wp\/v2\/media\/17324"}],"wp:attachment":[{"href":"https:\/\/triplex.com.bo\/index.php\/wp-json\/wp\/v2\/media?parent=17321"}],"wp:term":[{"taxonomy":"pwb-brand","embeddable":true,"href":"https:\/\/triplex.com.bo\/index.php\/wp-json\/wp\/v2\/pwb-brand?post=17321"},{"taxonomy":"product_brand","embeddable":true,"href":"https:\/\/triplex.com.bo\/index.php\/wp-json\/wp\/v2\/product_brand?post=17321"},{"taxonomy":"product_cat","embeddable":true,"href":"https:\/\/triplex.com.bo\/index.php\/wp-json\/wp\/v2\/product_cat?post=17321"},{"taxonomy":"product_tag","embeddable":true,"href":"https:\/\/triplex.com.bo\/index.php\/wp-json\/wp\/v2\/product_tag?post=17321"}],"curies":[{"name":"wp","href":"https:\/\/api.w.org\/{rel}","templated":true}]}}