{"id":17076,"date":"2025-04-07T11:41:07","date_gmt":"2025-04-07T15:41:07","guid":{"rendered":"https:\/\/triplex.com.bo\/?post_type=product&#038;p=17076"},"modified":"2026-03-04T21:35:29","modified_gmt":"2026-03-05T01:35:29","slug":"split-32000-btu-aux-inverter-wifi","status":"publish","type":"product","link":"https:\/\/triplex.com.bo\/index.php\/product\/split-32000-btu-aux-inverter-wifi\/","title":{"rendered":"SPLIT 32.000 BTU AUX INVERTER WIFI"},"content":{"rendered":"<p>&nbsp;<\/p>\n<p><strong>WIFI OPCIONAL:<\/strong>\u00a0puedes manejar el equipo de forma f\u00e1cil e intuitiva a trav\u00e9s de tu smartphone.<\/p>\n<p><strong>Incluye kit de instalaci\u00f3n<\/strong>\u00a0de 3m (tuber\u00eda de cobre, aislaci\u00f3n, cables de interconexi\u00f3n el\u00e9ctrica) y control remoto.<\/p>\n<p><strong>Caracter\u00edsticas<\/strong><\/p>\n<p>\u2022 Alta eficiencia en climatizaci\u00f3n y calefacci\u00f3n.<br \/>\n\u2022 Elegante dise\u00f1o.<br \/>\n\u2022 Funci\u00f3n Turbo Cooling.<br \/>\n\u2022 Modo nocturno silencioso.<br \/>\n\u2022 Autodiagn\u00f3stico.<\/p>\n<p>\u2022 Elegante dise\u00f1o con acabado mate.<br \/>\n\u2022 Nuevo sistema con eficiencia energ\u00e9tica.<br \/>\n\u2022 V\u00e1lvulas con protecci\u00f3n a unidad exterior.<br \/>\n\u2022 Limpieza autom\u00e1tica.<br \/>\n\u2022 Mejor disipaci\u00f3n de calor.<br \/>\n\u2022 Descongelamiento autom\u00e1tico e inteligente.<br \/>\n\u2022 Incluye control remoto follow me.<\/p>\n<p>&nbsp;<\/p>\n","protected":false},"excerpt":{"rendered":"<p>&nbsp; WIFI OPCIONAL:\u00a0puedes manejar el equipo de forma f\u00e1cil e intuitiva a trav\u00e9s de tu smartphone. Incluye kit de instalaci\u00f3n\u00a0de 3m (tuber\u00eda de cobre, aislaci\u00f3n, cables de interconexi\u00f3n el\u00e9ctrica) y control remoto. Caracter\u00edsticas \u2022 Alta eficiencia en climatizaci\u00f3n y calefacci\u00f3n. \u2022 Elegante dise\u00f1o. \u2022 Funci\u00f3n Turbo Cooling. \u2022 Modo nocturno silencioso. \u2022 Autodiagn\u00f3stico. \u2022 Elegante [&hellip;]<\/p>\n","protected":false},"featured_media":17070,"comment_status":"open","ping_status":"closed","template":"","meta":{"_acf_changed":false},"pwb-brand":[424],"product_brand":[],"product_cat":[209,152,139],"product_tag":[430],"class_list":{"0":"post-17076","1":"product","2":"type-product","3":"status-publish","4":"has-post-thumbnail","6":"pwb-brand-aux","7":"product_cat-ofertas-especiales","8":"product_cat-climatizacion-split","9":"product_cat-climatizacion","10":"product_tag-oferta","12":"first","13":"instock","14":"sale","15":"shipping-taxable","16":"purchasable","17":"product-type-simple"},"acf":[],"brands":[{"id":424,"name":"AUX","slug":"aux"}],"_links":{"self":[{"href":"https:\/\/triplex.com.bo\/index.php\/wp-json\/wp\/v2\/product\/17076","targetHints":{"allow":["GET"]}}],"collection":[{"href":"https:\/\/triplex.com.bo\/index.php\/wp-json\/wp\/v2\/product"}],"about":[{"href":"https:\/\/triplex.com.bo\/index.php\/wp-json\/wp\/v2\/types\/product"}],"replies":[{"embeddable":true,"href":"https:\/\/triplex.com.bo\/index.php\/wp-json\/wp\/v2\/comments?post=17076"}],"wp:featuredmedia":[{"embeddable":true,"href":"https:\/\/triplex.com.bo\/index.php\/wp-json\/wp\/v2\/media\/17070"}],"wp:attachment":[{"href":"https:\/\/triplex.com.bo\/index.php\/wp-json\/wp\/v2\/media?parent=17076"}],"wp:term":[{"taxonomy":"pwb-brand","embeddable":true,"href":"https:\/\/triplex.com.bo\/index.php\/wp-json\/wp\/v2\/pwb-brand?post=17076"},{"taxonomy":"product_brand","embeddable":true,"href":"https:\/\/triplex.com.bo\/index.php\/wp-json\/wp\/v2\/product_brand?post=17076"},{"taxonomy":"product_cat","embeddable":true,"href":"https:\/\/triplex.com.bo\/index.php\/wp-json\/wp\/v2\/product_cat?post=17076"},{"taxonomy":"product_tag","embeddable":true,"href":"https:\/\/triplex.com.bo\/index.php\/wp-json\/wp\/v2\/product_tag?post=17076"}],"curies":[{"name":"wp","href":"https:\/\/api.w.org\/{rel}","templated":true}]}}