{"id":17052,"date":"2025-04-01T09:56:58","date_gmt":"2025-04-01T13:56:58","guid":{"rendered":"https:\/\/triplex.com.bo\/?post_type=product&#038;p=17052"},"modified":"2026-03-05T09:26:32","modified_gmt":"2026-03-05T13:26:32","slug":"celular-samsung-a06-64-gb-4ram","status":"publish","type":"product","link":"https:\/\/triplex.com.bo\/index.php\/product\/celular-samsung-a06-64-gb-4ram\/","title":{"rendered":"CELULAR SAMSUNG A06 (64GB) 4GB RAM"},"content":{"rendered":"<h3 data-path-to-node=\"1\"><b data-path-to-node=\"1\" data-index-in-node=\"0\">Ficha T\u00e9cnica: SAMSUNG Galaxy A06 (64GB \/ 4GB RAM)<\/b><\/h3>\n<table data-path-to-node=\"2\">\n<thead>\n<tr>\n<td><strong>Caracter\u00edstica<\/strong><\/td>\n<td><strong>Especificaci\u00f3n<\/strong><\/td>\n<\/tr>\n<\/thead>\n<tbody>\n<tr>\n<td><span data-path-to-node=\"2,1,0,0\"><b data-path-to-node=\"2,1,0,0\" data-index-in-node=\"0\">Pantalla<\/b><\/span><\/td>\n<td><span data-path-to-node=\"2,1,1,0\">PLS LCD de 6.7 pulgadas (Infinity-U)<\/span><\/td>\n<\/tr>\n<tr>\n<td><span data-path-to-node=\"2,2,0,0\"><b data-path-to-node=\"2,2,0,0\" data-index-in-node=\"0\">Resoluci\u00f3n<\/b><\/span><\/td>\n<td><span data-path-to-node=\"2,2,1,0\">HD+ (1600 x 720 p\u00edxeles)<\/span><\/td>\n<\/tr>\n<tr>\n<td><span data-path-to-node=\"2,3,0,0\"><b data-path-to-node=\"2,3,0,0\" data-index-in-node=\"0\">Tasa de Refresco<\/b><\/span><\/td>\n<td><span data-path-to-node=\"2,3,1,0\">60 Hz<\/span><\/td>\n<\/tr>\n<tr>\n<td><span data-path-to-node=\"2,4,0,0\"><b data-path-to-node=\"2,4,0,0\" data-index-in-node=\"0\">Procesador<\/b><\/span><\/td>\n<td><span data-path-to-node=\"2,4,1,0\">MediaTek Helio G85 (Octa-core 2.0GHz)<\/span><\/td>\n<\/tr>\n<tr>\n<td><span data-path-to-node=\"2,5,0,0\"><b data-path-to-node=\"2,5,0,0\" data-index-in-node=\"0\">Memoria RAM<\/b><\/span><\/td>\n<td><span data-path-to-node=\"2,5,1,0\">4 GB<\/span><\/td>\n<\/tr>\n<tr>\n<td><span data-path-to-node=\"2,6,0,0\"><b data-path-to-node=\"2,6,0,0\" data-index-in-node=\"0\">Almacenamiento<\/b><\/span><\/td>\n<td><span data-path-to-node=\"2,6,1,0\">64 GB (Expandible hasta 1TB con MicroSD)<\/span><\/td>\n<\/tr>\n<tr>\n<td><span data-path-to-node=\"2,7,0,0\"><b data-path-to-node=\"2,7,0,0\" data-index-in-node=\"0\">C\u00e1mara Principal<\/b><\/span><\/td>\n<td><span data-path-to-node=\"2,7,1,0\">Dual: 50 MP (f\/1.8) + 2 MP (Sensor de profundidad)<\/span><\/td>\n<\/tr>\n<tr>\n<td><span data-path-to-node=\"2,8,0,0\"><b data-path-to-node=\"2,8,0,0\" data-index-in-node=\"0\">C\u00e1mara Frontal<\/b><\/span><\/td>\n<td><span data-path-to-node=\"2,8,1,0\">8 MP (f\/2.0)<\/span><\/td>\n<\/tr>\n<tr>\n<td><span data-path-to-node=\"2,9,0,0\"><b data-path-to-node=\"2,9,0,0\" data-index-in-node=\"0\">Bater\u00eda<\/b><\/span><\/td>\n<td><span data-path-to-node=\"2,9,1,0\">5000 mAh<\/span><\/td>\n<\/tr>\n<tr>\n<td><span data-path-to-node=\"2,10,0,0\"><b data-path-to-node=\"2,10,0,0\" data-index-in-node=\"0\">Carga R\u00e1pida<\/b><\/span><\/td>\n<td><span data-path-to-node=\"2,10,1,0\">25W (Carga r\u00e1pida por cable)<\/span><\/td>\n<\/tr>\n<tr>\n<td><span data-path-to-node=\"2,11,0,0\"><b data-path-to-node=\"2,11,0,0\" data-index-in-node=\"0\">Sistema Operativo<\/b><\/span><\/td>\n<td><span data-path-to-node=\"2,11,1,0\">Android 14 (Con 2 actualizaciones de OS garantizadas)<\/span><\/td>\n<\/tr>\n<tr>\n<td><span data-path-to-node=\"2,12,0,0\"><b data-path-to-node=\"2,12,0,0\" data-index-in-node=\"0\">Seguridad<\/b><\/span><\/td>\n<td><span data-path-to-node=\"2,12,1,0\">Lector de huellas lateral<\/span><\/td>\n<\/tr>\n<tr>\n<td><span data-path-to-node=\"2,13,0,0\"><b data-path-to-node=\"2,13,0,0\" data-index-in-node=\"0\">Dimensiones<\/b><\/span><\/td>\n<td><span data-path-to-node=\"2,13,1,0\">167.3 x 77.3 x 8.0 mm<\/span><\/td>\n<\/tr>\n<tr>\n<td><span data-path-to-node=\"2,14,0,0\"><b data-path-to-node=\"2,14,0,0\" data-index-in-node=\"0\">Peso<\/b><\/span><\/td>\n<td><span data-path-to-node=\"2,14,1,0\">189 g<\/span><\/td>\n<\/tr>\n<\/tbody>\n<\/table>\n<hr data-path-to-node=\"3\" \/>\n<ul data-path-to-node=\"5\">\n<li>\n<p data-path-to-node=\"5,0,0\"><b data-path-to-node=\"5,0,0\" data-index-in-node=\"0\">Dise\u00f1o \u00abKey Island\u00bb:<\/b> Presenta un acabado con l\u00edneas refinadas y un relieve lateral para un agarre m\u00e1s c\u00f3modo y moderno.<\/p>\n<\/li>\n<li>\n<p data-path-to-node=\"5,1,0\"><b data-path-to-node=\"5,1,0\" data-index-in-node=\"0\">Seguridad Samsung Knox Vault:<\/b> Es de los primeros de su serie en incluir esta protecci\u00f3n de grado profesional para mantener tus contrase\u00f1as y datos personales a salvo de ataques.<\/p>\n<\/li>\n<li>\n<p data-path-to-node=\"5,2,0\"><b data-path-to-node=\"5,2,0\" data-index-in-node=\"0\">Gran Autonom\u00eda:<\/b> Sus <b data-path-to-node=\"5,2,0\" data-index-in-node=\"20\">5000 mAh<\/b> rinden f\u00e1cilmente m\u00e1s de un d\u00eda completo, y con la carga de <b data-path-to-node=\"5,2,0\" data-index-in-node=\"89\">25W<\/b> recuperas energ\u00eda r\u00e1pidamente.<\/p>\n<\/li>\n<li>\n<p data-path-to-node=\"5,3,0\"><b data-path-to-node=\"5,3,0\" data-index-in-node=\"0\">C\u00e1mara de Alta Resoluci\u00f3n:<\/b> Los <b data-path-to-node=\"5,3,0\" data-index-in-node=\"31\">50 MP<\/b> permiten capturar fotos n\u00edtidas con buen detalle, incluso para impresi\u00f3n o redes sociales.<\/p>\n<\/li>\n<\/ul>\n","protected":false},"excerpt":{"rendered":"<p>Ficha T\u00e9cnica: SAMSUNG Galaxy A06 (64GB \/ 4GB RAM) Caracter\u00edstica Especificaci\u00f3n Pantalla PLS LCD de 6.7 pulgadas (Infinity-U) Resoluci\u00f3n HD+ (1600 x 720 p\u00edxeles) Tasa de Refresco 60 Hz Procesador MediaTek Helio G85 (Octa-core 2.0GHz) Memoria RAM 4 GB Almacenamiento 64 GB (Expandible hasta 1TB con MicroSD) C\u00e1mara Principal Dual: 50 MP (f\/1.8) + 2 [&hellip;]<\/p>\n","protected":false},"featured_media":17053,"comment_status":"open","ping_status":"closed","template":"","meta":{"_acf_changed":false},"pwb-brand":[369],"product_brand":[],"product_cat":[339,209,195],"product_tag":[],"class_list":{"0":"post-17052","1":"product","2":"type-product","3":"status-publish","4":"has-post-thumbnail","6":"pwb-brand-samsung","7":"product_cat-tecnologia-celulares","8":"product_cat-ofertas-especiales","9":"product_cat-tecnologia","11":"first","12":"instock","13":"sale","14":"shipping-taxable","15":"purchasable","16":"product-type-simple"},"acf":[],"brands":[{"id":369,"name":"SAMSUNG","slug":"samsung"}],"_links":{"self":[{"href":"https:\/\/triplex.com.bo\/index.php\/wp-json\/wp\/v2\/product\/17052","targetHints":{"allow":["GET"]}}],"collection":[{"href":"https:\/\/triplex.com.bo\/index.php\/wp-json\/wp\/v2\/product"}],"about":[{"href":"https:\/\/triplex.com.bo\/index.php\/wp-json\/wp\/v2\/types\/product"}],"replies":[{"embeddable":true,"href":"https:\/\/triplex.com.bo\/index.php\/wp-json\/wp\/v2\/comments?post=17052"}],"wp:featuredmedia":[{"embeddable":true,"href":"https:\/\/triplex.com.bo\/index.php\/wp-json\/wp\/v2\/media\/17053"}],"wp:attachment":[{"href":"https:\/\/triplex.com.bo\/index.php\/wp-json\/wp\/v2\/media?parent=17052"}],"wp:term":[{"taxonomy":"pwb-brand","embeddable":true,"href":"https:\/\/triplex.com.bo\/index.php\/wp-json\/wp\/v2\/pwb-brand?post=17052"},{"taxonomy":"product_brand","embeddable":true,"href":"https:\/\/triplex.com.bo\/index.php\/wp-json\/wp\/v2\/product_brand?post=17052"},{"taxonomy":"product_cat","embeddable":true,"href":"https:\/\/triplex.com.bo\/index.php\/wp-json\/wp\/v2\/product_cat?post=17052"},{"taxonomy":"product_tag","embeddable":true,"href":"https:\/\/triplex.com.bo\/index.php\/wp-json\/wp\/v2\/product_tag?post=17052"}],"curies":[{"name":"wp","href":"https:\/\/api.w.org\/{rel}","templated":true}]}}