{"id":17041,"date":"2025-03-31T16:34:36","date_gmt":"2025-03-31T20:34:36","guid":{"rendered":"https:\/\/triplex.com.bo\/?post_type=product&#038;p=17041"},"modified":"2025-05-20T09:32:32","modified_gmt":"2025-05-20T13:32:32","slug":"celular-honor-magic-6-lite-256-gb-8gb-ram","status":"publish","type":"product","link":"https:\/\/triplex.com.bo\/index.php\/product\/celular-honor-magic-6-lite-256-gb-8gb-ram\/","title":{"rendered":"CELULAR HONOR MAGIC 6 LITE 256 GB 8GB RAM"},"content":{"rendered":"<p>**Color variado, sujeto a disponibilidad** Honor Magic 6 Lite 8GB Ram 256GB Rom. Pantalla ultraresistente Honor Ultra-Bounce. Con una protecci\u00f3n 360\u00b0 integral en todo el dispositivo, la pantalla HONOR Ultra-Bounce es ultraresistente. Nueva protecci\u00f3n de tres niveles con m\u00faltiples refuerzos en la pantalla, el marco y el interior del terminal. Protecci\u00f3n ocular de 5 capas. Para un cuidado integral de tus ojos. La atenuaci\u00f3n PWM de alta frecuencia de 1920 Hz no parpadea cuando hay poca luz. La atenuaci\u00f3n din\u00e1mica. La pantalla nocturna circadiana. La pantalla de luz azul de baja intensidad. El ajuste autom\u00e1tico del brillo. Bater\u00eda superduradera de 5,300 mAh. Bater\u00eda con la etiqueta dorada de DXMOMARK.Con el aumento de la duraci\u00f3n de la bater\u00eda, tambi\u00e9n aumenta la esperanza de vida del terminal. Tras 1000 ciclos de carga y descarga, el estado de salud de la bater\u00eda sigue siendo superior al 80%. C\u00e1mara de 108Mp \/ captura del movimiento \/ zoom 3x con nitidez. Rendieminto super potente. Chipset para juegos snapdragon 6 Gen 1 de 4 nm\/Memoria extragrande de 8+8GB (Ram Turbo) y un gran almacenamiento de 256GB Rom.<\/p>\n","protected":false},"excerpt":{"rendered":"<p>**Color variado, sujeto a disponibilidad** Honor Magic 6 Lite 8GB Ram 256GB Rom. Pantalla ultraresistente Honor Ultra-Bounce. Con una protecci\u00f3n 360\u00b0 integral en todo el dispositivo, la pantalla HONOR Ultra-Bounce es ultraresistente. Nueva protecci\u00f3n de tres niveles con m\u00faltiples refuerzos en la pantalla, el marco y el interior del terminal. Protecci\u00f3n ocular de 5 capas. [&hellip;]<\/p>\n","protected":false},"featured_media":17044,"comment_status":"open","ping_status":"closed","template":"","meta":{"_acf_changed":false},"pwb-brand":[356],"product_brand":[],"product_cat":[339,195],"product_tag":[],"class_list":{"0":"post-17041","1":"product","2":"type-product","3":"status-publish","4":"has-post-thumbnail","6":"pwb-brand-honor","7":"product_cat-tecnologia-celulares","8":"product_cat-tecnologia","10":"first","11":"outofstock","12":"shipping-taxable","13":"purchasable","14":"product-type-simple"},"acf":[],"brands":[{"id":356,"name":"HONOR","slug":"honor"}],"_links":{"self":[{"href":"https:\/\/triplex.com.bo\/index.php\/wp-json\/wp\/v2\/product\/17041","targetHints":{"allow":["GET"]}}],"collection":[{"href":"https:\/\/triplex.com.bo\/index.php\/wp-json\/wp\/v2\/product"}],"about":[{"href":"https:\/\/triplex.com.bo\/index.php\/wp-json\/wp\/v2\/types\/product"}],"replies":[{"embeddable":true,"href":"https:\/\/triplex.com.bo\/index.php\/wp-json\/wp\/v2\/comments?post=17041"}],"wp:featuredmedia":[{"embeddable":true,"href":"https:\/\/triplex.com.bo\/index.php\/wp-json\/wp\/v2\/media\/17044"}],"wp:attachment":[{"href":"https:\/\/triplex.com.bo\/index.php\/wp-json\/wp\/v2\/media?parent=17041"}],"wp:term":[{"taxonomy":"pwb-brand","embeddable":true,"href":"https:\/\/triplex.com.bo\/index.php\/wp-json\/wp\/v2\/pwb-brand?post=17041"},{"taxonomy":"product_brand","embeddable":true,"href":"https:\/\/triplex.com.bo\/index.php\/wp-json\/wp\/v2\/product_brand?post=17041"},{"taxonomy":"product_cat","embeddable":true,"href":"https:\/\/triplex.com.bo\/index.php\/wp-json\/wp\/v2\/product_cat?post=17041"},{"taxonomy":"product_tag","embeddable":true,"href":"https:\/\/triplex.com.bo\/index.php\/wp-json\/wp\/v2\/product_tag?post=17041"}],"curies":[{"name":"wp","href":"https:\/\/api.w.org\/{rel}","templated":true}]}}