{"id":17011,"date":"2025-03-20T21:03:41","date_gmt":"2025-03-21T01:03:41","guid":{"rendered":"https:\/\/triplex.com.bo\/?post_type=product&#038;p=17011"},"modified":"2025-04-21T14:36:47","modified_gmt":"2025-04-21T18:36:47","slug":"tv-skyworth-40-android-11-marco-infinito-liquidacion","status":"publish","type":"product","link":"https:\/\/triplex.com.bo\/index.php\/product\/tv-skyworth-40-android-11-marco-infinito-liquidacion\/","title":{"rendered":"TV SKYWORTH 40 ANDROID 11 MARCO INFINITO"},"content":{"rendered":"<p>Chromecast integrado: contenido de tel\u00e9fonos m\u00f3viles, tabletas y sitios web tambi\u00e9n se puede mostrar en la gran pantalla de TV a trav\u00e9s de chormecast. Usted puede compartir contenidos m\u00e1s interesantes con su familia y amigos.<br \/>\nEl televisor Skyworth Premium 1080p HD LED ofrece una calidad de imagen y sonido perfectos. Un televisor hecho para el futuro con su panel LED premium y procesadores de cuatro n\u00facleos para gr\u00e1ficos y potencia. Dise\u00f1o moderno de marco fino, aleaci\u00f3n duradera con color dorado y chorro de arena<br \/>\nEl procesador Infinity A53 Quad-Core te ofrece una tecnolog\u00eda infinita sin costuras a tu hogar. El chipset est\u00e1 equipado con un tiempo de carga m\u00e1s r\u00e1pido para todas tus aplicaciones, juegos y contenido<br \/>\nControla tu Smart TV con Google Assistant \u2013 Utiliza tu voz para ver televisi\u00f3n en vivo, iniciar aplicaciones, buscar t\u00edtulos, reproducir m\u00fasica, cambiar entradas y mucho m\u00e1s.<br \/>\nUltra alta definici\u00f3n mejora la experiencia de visualizaci\u00f3n a un nuevo nivel con 8. 1 mill\u00f3n de p\u00edxeles y tecnolog\u00eda de decodificaci\u00f3n de v\u00eddeo de alta calidad<br \/>\nInfinity Screen 2.0 con biseles tan peque\u00f1os como 0.039 in | El dise\u00f1o de pantalla infinita el ancho del marco de TV se minimiza para ser invisible desde una distancia | Se asemeja a un entorno de teatro que cuenta con una experiencia de visualizaci\u00f3n completa<br \/>\nEntradas\/salidas: 2 HDMI, 2 USB, RF, \u00f3ptico, puerto de red.<br \/>\nEl potente motor de imagen de TROCHILUS EXTREME Skyworth est\u00e1 creado para controlar 4 tecnolog\u00edas de imagen, es decir, ajuste de color de la piel, refuerzo de contraste, definici\u00f3n de precisi\u00f3n y compensaci\u00f3n de color, para una mejora de imagen dedicada<\/p>\n","protected":false},"excerpt":{"rendered":"<p>TV SKYWORTH 40 ANDROID 11 MARCO INFINITO<\/p>\n","protected":false},"featured_media":10592,"comment_status":"open","ping_status":"closed","template":"","meta":{"_acf_changed":false},"pwb-brand":[355],"product_brand":[],"product_cat":[15],"product_tag":[],"class_list":{"0":"post-17011","1":"product","2":"type-product","3":"status-publish","4":"has-post-thumbnail","6":"pwb-brand-skyworth","7":"product_cat-bicicletas","9":"first","10":"outofstock","11":"sold-individually","12":"shipping-taxable","13":"purchasable","14":"product-type-simple"},"acf":[],"brands":[{"id":355,"name":"SKYWORTH","slug":"skyworth"}],"_links":{"self":[{"href":"https:\/\/triplex.com.bo\/index.php\/wp-json\/wp\/v2\/product\/17011","targetHints":{"allow":["GET"]}}],"collection":[{"href":"https:\/\/triplex.com.bo\/index.php\/wp-json\/wp\/v2\/product"}],"about":[{"href":"https:\/\/triplex.com.bo\/index.php\/wp-json\/wp\/v2\/types\/product"}],"replies":[{"embeddable":true,"href":"https:\/\/triplex.com.bo\/index.php\/wp-json\/wp\/v2\/comments?post=17011"}],"wp:featuredmedia":[{"embeddable":true,"href":"https:\/\/triplex.com.bo\/index.php\/wp-json\/wp\/v2\/media\/10592"}],"wp:attachment":[{"href":"https:\/\/triplex.com.bo\/index.php\/wp-json\/wp\/v2\/media?parent=17011"}],"wp:term":[{"taxonomy":"pwb-brand","embeddable":true,"href":"https:\/\/triplex.com.bo\/index.php\/wp-json\/wp\/v2\/pwb-brand?post=17011"},{"taxonomy":"product_brand","embeddable":true,"href":"https:\/\/triplex.com.bo\/index.php\/wp-json\/wp\/v2\/product_brand?post=17011"},{"taxonomy":"product_cat","embeddable":true,"href":"https:\/\/triplex.com.bo\/index.php\/wp-json\/wp\/v2\/product_cat?post=17011"},{"taxonomy":"product_tag","embeddable":true,"href":"https:\/\/triplex.com.bo\/index.php\/wp-json\/wp\/v2\/product_tag?post=17011"}],"curies":[{"name":"wp","href":"https:\/\/api.w.org\/{rel}","templated":true}]}}