{"id":16967,"date":"2025-03-13T00:28:00","date_gmt":"2025-03-13T04:28:00","guid":{"rendered":"https:\/\/triplex.com.bo\/?post_type=product&#038;p=16967"},"modified":"2025-04-21T14:29:13","modified_gmt":"2025-04-21T18:29:13","slug":"lavadora-8-kgrs-carga-frontal-electrolux-liquidacion","status":"publish","type":"product","link":"https:\/\/triplex.com.bo\/index.php\/product\/lavadora-8-kgrs-carga-frontal-electrolux-liquidacion\/","title":{"rendered":"LAVADORA 8 KGRS CARGA FRONTAL ELECTROLUX"},"content":{"rendered":"<ul>\n<li><big>Panel de control digital: Bonito y f\u00e1cil de utilizar<\/big><\/li>\n<li><big>Opci\u00f3n de remojo: Para las suciedades m\u00e1s dif\u00edciles de sacar<\/big><\/li>\n<li><big>Lavado r\u00e1pido: Ahorro de tiempo con la opci\u00f3n de un lavado m\u00e1s corto.<\/big><\/li>\n<li><big>Opci\u00f3n de remojo: Para las suciedades m\u00e1s dif\u00edciles de sacar.<\/big><\/li>\n<li><big>12 programas de lavado. Los 12 programas de lavado se ajustan autom\u00e1ticamente a los tipos espec\u00edficos de ropas, preservando sus caracter\u00edsticas e conserv\u00e1ndolas por mucho m\u00e1s tiempo.<\/big><\/li>\n<li><big>Traba de seguridad para los ni\u00f1os: Evita que los ni\u00f1os puedan abrir la tapa de la lavadora durante el ciclo de lavado.<\/big><\/li>\n<li><big>Gaveta Multidispenser: Distribuye autom\u00e1ticamente el jab\u00f3n, suavizante y el blanqueador.\u00a0<\/big><\/li>\n<li><big>Capacidad de 8 Kg de ropa seca.<\/big><\/li>\n<li><big>1.400 RPM.<\/big><\/li>\n<li><big>Inicio diferido\/24 hs.<\/big><\/li>\n<li><big>Agua fr\u00eda y caliente.<\/big><\/li>\n<li><big>Tecla anti-arrugas.<\/big><\/li>\n<li><big>Ancho: 60 Prof: 56,5 Alt: 85,5 cm<\/big><\/li>\n<\/ul>\n","protected":false},"excerpt":{"rendered":"<p>Panel de control digital: Bonito y f\u00e1cil de utilizar Opci\u00f3n de remojo: Para las suciedades m\u00e1s dif\u00edciles de sacar Lavado r\u00e1pido: Ahorro de tiempo con la opci\u00f3n de un lavado m\u00e1s corto. Opci\u00f3n de remojo: Para las suciedades m\u00e1s dif\u00edciles de sacar. 12 programas de lavado. Los 12 programas de lavado se ajustan autom\u00e1ticamente a [&hellip;]<\/p>\n","protected":false},"featured_media":14367,"comment_status":"open","ping_status":"closed","template":"","meta":{"_acf_changed":false},"pwb-brand":[207],"product_brand":[],"product_cat":[191],"product_tag":[],"class_list":{"0":"post-16967","1":"product","2":"type-product","3":"status-publish","4":"has-post-thumbnail","6":"pwb-brand-electrolux","7":"product_cat-lavanderia-lavadoras","9":"first","10":"outofstock","11":"shipping-taxable","12":"purchasable","13":"product-type-simple"},"acf":[],"brands":[{"id":207,"name":"Electrolux","slug":"electrolux"}],"_links":{"self":[{"href":"https:\/\/triplex.com.bo\/index.php\/wp-json\/wp\/v2\/product\/16967","targetHints":{"allow":["GET"]}}],"collection":[{"href":"https:\/\/triplex.com.bo\/index.php\/wp-json\/wp\/v2\/product"}],"about":[{"href":"https:\/\/triplex.com.bo\/index.php\/wp-json\/wp\/v2\/types\/product"}],"replies":[{"embeddable":true,"href":"https:\/\/triplex.com.bo\/index.php\/wp-json\/wp\/v2\/comments?post=16967"}],"wp:featuredmedia":[{"embeddable":true,"href":"https:\/\/triplex.com.bo\/index.php\/wp-json\/wp\/v2\/media\/14367"}],"wp:attachment":[{"href":"https:\/\/triplex.com.bo\/index.php\/wp-json\/wp\/v2\/media?parent=16967"}],"wp:term":[{"taxonomy":"pwb-brand","embeddable":true,"href":"https:\/\/triplex.com.bo\/index.php\/wp-json\/wp\/v2\/pwb-brand?post=16967"},{"taxonomy":"product_brand","embeddable":true,"href":"https:\/\/triplex.com.bo\/index.php\/wp-json\/wp\/v2\/product_brand?post=16967"},{"taxonomy":"product_cat","embeddable":true,"href":"https:\/\/triplex.com.bo\/index.php\/wp-json\/wp\/v2\/product_cat?post=16967"},{"taxonomy":"product_tag","embeddable":true,"href":"https:\/\/triplex.com.bo\/index.php\/wp-json\/wp\/v2\/product_tag?post=16967"}],"curies":[{"name":"wp","href":"https:\/\/api.w.org\/{rel}","templated":true}]}}