{"id":16186,"date":"2025-01-06T10:05:03","date_gmt":"2025-01-06T14:05:03","guid":{"rendered":"https:\/\/triplex.com.bo\/?post_type=product&#038;p=16186"},"modified":"2025-06-02T09:19:24","modified_gmt":"2025-06-02T13:19:24","slug":"samsung-galaxy-a15-128-6ram","status":"publish","type":"product","link":"https:\/\/triplex.com.bo\/index.php\/product\/samsung-galaxy-a15-128-6ram\/","title":{"rendered":"CELULAR SAMSUNG GALAXY A15 128\/6RAM"},"content":{"rendered":"<div class=\"heading-sec\">\n<h2 class=\"dark-text fw-700\">Detalles de producto<\/h2>\n<\/div>\n<div id=\"features\" class=\"features\">\n<ul>\n<li>Descubra el Samsung Galaxy A15, un potente y vers\u00e1til tel\u00e9fono inteligente 4G LTE con una pantalla de 6,5 pulgadas y una configuraci\u00f3n de c\u00e1mara triple de 50MP. Este dispositivo de doble SIM ofrece 128 GB de almacenamiento y 6 GB de RAM para un rendimiento perfecto. Con un elegante dise\u00f1o azul claro, el Galaxy A15 es el compa\u00f1ero perfecto para sus necesidades diarias.<\/li>\n<\/ul>\n<\/div>\n<div class=\"more-product-detail-content\">\n<hr \/>\n<\/div>\n<div id=\"additional-info\" class=\"\">\n<table id=\"product-attribute-specs-table\" class=\"featureTable\">\n<tbody>\n<tr>\n<td>Marca del procesador<\/td>\n<td>MediaTek<\/td>\n<\/tr>\n<tr>\n<td>Tecnolog\u00eda de pantalla<\/td>\n<td>AMOLADO<\/td>\n<\/tr>\n<tr>\n<td>Edici\u00f3n<\/td>\n<td>LTE<\/td>\n<\/tr>\n<tr>\n<td>Caracter\u00edstica del Tel\u00e9fono<\/td>\n<td>Lector de huellas digitales<\/td>\n<\/tr>\n<tr>\n<td>Resoluci\u00f3n<\/td>\n<td>1080 x 2340<\/td>\n<\/tr>\n<tr>\n<td>Velocidad del procesador<\/td>\n<td>2.2 GHz<\/td>\n<\/tr>\n<tr>\n<td>Tama\u00f1o de la tarjeta SIM<\/td>\n<td>Nano-SIM<\/td>\n<\/tr>\n<tr>\n<td>Resoluci\u00f3n nativa<\/td>\n<td>1080 x 2340 p\u00edxeles<\/td>\n<\/tr>\n<tr>\n<td>Capacidad de la bater\u00eda<\/td>\n<td>5000 mAh<\/td>\n<\/tr>\n<tr>\n<td>Marca<\/td>\n<td>SAMSUNG<\/td>\n<\/tr>\n<tr>\n<td>Tipo de tel\u00e9fono celular<\/td>\n<td>Tel\u00e9fonos inteligentes<\/td>\n<\/tr>\n<tr>\n<td>Proveedor de servicios de telefon\u00eda celular<\/td>\n<td>GSM desbloqueado<\/td>\n<\/tr>\n<tr>\n<td>Tama\u00f1o de pantalla<\/td>\n<td>6.5 in (16.5 cm)<\/td>\n<\/tr>\n<tr>\n<td>Megap\u00edxeles de la c\u00e1mara frontal<\/td>\n<td>13 MP<\/td>\n<\/tr>\n<tr>\n<td>Megap\u00edxeles de la c\u00e1mara trasera<\/td>\n<td>50 MP<\/td>\n<\/tr>\n<tr>\n<td>Nombre del modelo<\/td>\n<td>A15 Galaxy<\/td>\n<\/tr>\n<tr>\n<td>Condici\u00f3n<\/td>\n<td>Nuevo<\/td>\n<\/tr>\n<tr>\n<td>Fabricante<\/td>\n<td>SAMSUNG<\/td>\n<\/tr>\n<tr>\n<td>Categor\u00eda de color<\/td>\n<td>Negro<\/td>\n<\/tr>\n<tr>\n<td>Memoria RAM<\/td>\n<td>6 GB<\/td>\n<\/tr>\n<tr>\n<td>Asistente virtual<\/td>\n<td>Bixby<\/td>\n<\/tr>\n<tr>\n<td>Peso del producto ensamblado<\/td>\n<td>0.6 lb (0.27 kg)<\/td>\n<\/tr>\n<tr>\n<td>N\u00famero de pieza del fabricante<\/td>\n<td>SM-A155MZKGGTO<\/td>\n<\/tr>\n<tr>\n<td>Color<\/td>\n<td>Negro azul<\/td>\n<\/tr>\n<tr>\n<td>Dimensiones del producto ensamblado (L x W x H)<\/td>\n<td>1,25 x 3,20 x 6,50 pulgadas (3,2 x 8,1 x 16,5 cm)<\/td>\n<\/tr>\n<tr>\n<td>Proveedor de servicios<\/td>\n<td>GSM desbloqueado<\/td>\n<\/tr>\n<tr>\n<td>Tama\u00f1o de pantalla<\/td>\n<td>6.5 in (16.5 cm)<\/td>\n<\/tr>\n<tr>\n<td>Capacidad HD<\/td>\n<td>128 GB<\/td>\n<\/tr>\n<tr>\n<td>Memoria RAM<\/td>\n<td>6 GB<\/td>\n<\/tr>\n<tr>\n<td>Caracter\u00edsticas<\/td>\n<td>Lector de huellas digitales<\/td>\n<\/tr>\n<tr>\n<td>Peso<\/td>\n<td>0.6 lb (0.27 kg)<\/td>\n<\/tr>\n<tr>\n<td>C\u00e1mara trasera mpx<\/td>\n<td>50 MP<\/td>\n<\/tr>\n<tr>\n<td>C\u00e1mara frontal mpx<\/td>\n<td>13 MP<\/td>\n<\/tr>\n<tr>\n<td>Inal\u00e1mbrico<\/td>\n<td>LTE \/Wifi \/Bluetooth<\/td>\n<\/tr>\n<tr>\n<td>OS m\u00f3vil<\/td>\n<td>Android<\/td>\n<\/tr>\n<\/tbody>\n<\/table>\n<\/div>\n<div id=\"product-ai-benefits\" class=\"\">\n<div class=\"benefit-detail mb-5\">\n<div class=\"heading-sec\"><\/div>\n<\/div>\n<\/div>\n","protected":false},"excerpt":{"rendered":"<p>Detalles de producto Descubra el Samsung Galaxy A15, un potente y vers\u00e1til tel\u00e9fono inteligente 4G LTE con una pantalla de 6,5 pulgadas y una configuraci\u00f3n de c\u00e1mara triple de 50MP. Este dispositivo de doble SIM ofrece 128 GB de almacenamiento y 6 GB de RAM para un rendimiento perfecto. Con un elegante dise\u00f1o azul claro, [&hellip;]<\/p>\n","protected":false},"featured_media":16188,"comment_status":"open","ping_status":"closed","template":"","meta":{"_acf_changed":false},"pwb-brand":[369],"product_brand":[],"product_cat":[339,195],"product_tag":[],"class_list":{"0":"post-16186","1":"product","2":"type-product","3":"status-publish","4":"has-post-thumbnail","6":"pwb-brand-samsung","7":"product_cat-tecnologia-celulares","8":"product_cat-tecnologia","10":"first","11":"outofstock","12":"shipping-taxable","13":"purchasable","14":"product-type-simple"},"acf":[],"brands":[{"id":369,"name":"SAMSUNG","slug":"samsung"}],"_links":{"self":[{"href":"https:\/\/triplex.com.bo\/index.php\/wp-json\/wp\/v2\/product\/16186","targetHints":{"allow":["GET"]}}],"collection":[{"href":"https:\/\/triplex.com.bo\/index.php\/wp-json\/wp\/v2\/product"}],"about":[{"href":"https:\/\/triplex.com.bo\/index.php\/wp-json\/wp\/v2\/types\/product"}],"replies":[{"embeddable":true,"href":"https:\/\/triplex.com.bo\/index.php\/wp-json\/wp\/v2\/comments?post=16186"}],"wp:featuredmedia":[{"embeddable":true,"href":"https:\/\/triplex.com.bo\/index.php\/wp-json\/wp\/v2\/media\/16188"}],"wp:attachment":[{"href":"https:\/\/triplex.com.bo\/index.php\/wp-json\/wp\/v2\/media?parent=16186"}],"wp:term":[{"taxonomy":"pwb-brand","embeddable":true,"href":"https:\/\/triplex.com.bo\/index.php\/wp-json\/wp\/v2\/pwb-brand?post=16186"},{"taxonomy":"product_brand","embeddable":true,"href":"https:\/\/triplex.com.bo\/index.php\/wp-json\/wp\/v2\/product_brand?post=16186"},{"taxonomy":"product_cat","embeddable":true,"href":"https:\/\/triplex.com.bo\/index.php\/wp-json\/wp\/v2\/product_cat?post=16186"},{"taxonomy":"product_tag","embeddable":true,"href":"https:\/\/triplex.com.bo\/index.php\/wp-json\/wp\/v2\/product_tag?post=16186"}],"curies":[{"name":"wp","href":"https:\/\/api.w.org\/{rel}","templated":true}]}}