{"id":15839,"date":"2024-12-22T12:54:41","date_gmt":"2024-12-22T16:54:41","guid":{"rendered":"https:\/\/triplex.com.bo\/?post_type=product&#038;p=15839"},"modified":"2026-04-10T04:15:02","modified_gmt":"2026-04-10T08:15:02","slug":"cepillo-babyliss-2-5-hot-air-brush-2-5-peach-glow","status":"publish","type":"product","link":"https:\/\/triplex.com.bo\/index.php\/product\/cepillo-babyliss-2-5-hot-air-brush-2-5-peach-glow\/","title":{"rendered":"CEPILLO BABYLISS 2.5&#8243; HOT AIR BRUSH 2.5 PEACH GLOW"},"content":{"rendered":"<ul>\n<li>El cepillo de aire caliente BaBylissPRO se convertir\u00e1 en tu herramienta de estilo y acabado favorita. El flujo de aire c\u00e1lido funciona con las cerdas antiest\u00e1ticas para brindar volumen y brillo.<\/li>\n<li>Este debe usarse como una herramienta de acabado para dar los toques finales a tu estilo.<\/li>\n<li>Dise\u00f1ado para usarse cuando el cabello est\u00e1 seco al menos en un 80 %.<\/li>\n<li>Tecnolog\u00eda I\u00f3nica para un brillo mejorado y sin frizz.<\/li>\n<li>Dise\u00f1o ovalado, para un alisado sin esfuerzo.<\/li>\n<li>Ligero y ergon\u00f3mico para un estilizado sin esfuerzo.<\/li>\n<li>Cerdas mixtas de jabal\u00ed y nylon en cada fila desenredan suavemente el cabello reduciendo la tensi\u00f3n. Crea volumen, reduce el frizz o extiende el secado del Sal\u00f3n al d\u00eda siguiente con facilidad.<\/li>\n<\/ul>\n<p>Tiempo de garant\u00eda: 6 meses por defecto de fabrica<\/p>\n","protected":false},"excerpt":{"rendered":"<p>El cepillo de aire caliente BaBylissPRO se convertir\u00e1 en tu herramienta de estilo y acabado favorita. El flujo de aire c\u00e1lido funciona con las cerdas antiest\u00e1ticas para brindar volumen y brillo. Este debe usarse como una herramienta de acabado para dar los toques finales a tu estilo. Dise\u00f1ado para usarse cuando el cabello est\u00e1 seco [&hellip;]<\/p>\n","protected":false},"featured_media":15843,"comment_status":"open","ping_status":"closed","template":"","meta":{"_acf_changed":false},"pwb-brand":[397],"product_brand":[],"product_cat":[188,209],"product_tag":[],"class_list":{"0":"post-15839","1":"product","2":"type-product","3":"status-publish","4":"has-post-thumbnail","6":"pwb-brand-babyliss","7":"product_cat-cuidado-personal","8":"product_cat-ofertas-especiales","10":"first","11":"instock","12":"sale","13":"shipping-taxable","14":"purchasable","15":"product-type-simple"},"acf":[],"brands":[{"id":397,"name":"Babyliss","slug":"babyliss"}],"_links":{"self":[{"href":"https:\/\/triplex.com.bo\/index.php\/wp-json\/wp\/v2\/product\/15839","targetHints":{"allow":["GET"]}}],"collection":[{"href":"https:\/\/triplex.com.bo\/index.php\/wp-json\/wp\/v2\/product"}],"about":[{"href":"https:\/\/triplex.com.bo\/index.php\/wp-json\/wp\/v2\/types\/product"}],"replies":[{"embeddable":true,"href":"https:\/\/triplex.com.bo\/index.php\/wp-json\/wp\/v2\/comments?post=15839"}],"wp:featuredmedia":[{"embeddable":true,"href":"https:\/\/triplex.com.bo\/index.php\/wp-json\/wp\/v2\/media\/15843"}],"wp:attachment":[{"href":"https:\/\/triplex.com.bo\/index.php\/wp-json\/wp\/v2\/media?parent=15839"}],"wp:term":[{"taxonomy":"pwb-brand","embeddable":true,"href":"https:\/\/triplex.com.bo\/index.php\/wp-json\/wp\/v2\/pwb-brand?post=15839"},{"taxonomy":"product_brand","embeddable":true,"href":"https:\/\/triplex.com.bo\/index.php\/wp-json\/wp\/v2\/product_brand?post=15839"},{"taxonomy":"product_cat","embeddable":true,"href":"https:\/\/triplex.com.bo\/index.php\/wp-json\/wp\/v2\/product_cat?post=15839"},{"taxonomy":"product_tag","embeddable":true,"href":"https:\/\/triplex.com.bo\/index.php\/wp-json\/wp\/v2\/product_tag?post=15839"}],"curies":[{"name":"wp","href":"https:\/\/api.w.org\/{rel}","templated":true}]}}