{"id":15735,"date":"2024-12-04T09:44:43","date_gmt":"2024-12-04T13:44:43","guid":{"rendered":"https:\/\/triplex.com.bo\/?post_type=product&#038;p=15735"},"modified":"2025-05-20T15:00:48","modified_gmt":"2025-05-20T19:00:48","slug":"refrigerador-2-puertas-472-lts-electrolux","status":"publish","type":"product","link":"https:\/\/triplex.com.bo\/index.php\/product\/refrigerador-2-puertas-472-lts-electrolux\/","title":{"rendered":"REFRIGERADOR 2 PUERTAS 472 LTS ELECTROLUX"},"content":{"rendered":"<ul>\n<li>Marca: ELECTROLUX<\/li>\n<li>Tipo de Producto: HELADERA<\/li>\n<li>Capacidad: 472 LITROS<\/li>\n<li>Tipo de deshielo: FRIO SECO<\/li>\n<li>Formato de Freezer: FREEZER INFERIOR<\/li>\n<li>Caracter\u00edsticas Especiales: CON PLANEL<\/li>\n<li>Color: INOX<\/li>\n<li>Consumo energ\u00e9tico: 37 (kWh\/mes)<\/li>\n<li>Modelo: ERSA44V5HVG<\/li>\n<li>Tecnolog\u00eda: INVERTER<\/li>\n<li>Dimensiones: 1780 x 900 x 590<\/li>\n<li>El Refrigerador Electrolux Side by Side es ideal para tu cocina. Aporta practicidad y eficacia en tu d\u00eda a d\u00eda, adem\u00e1s de presentar un dise\u00f1o moderno y elegante. La funci\u00f3n AutoSense controla autom\u00e1ticamente la temperatura y prolonga la vida de los alimentos por hasta un 30%\u00b9 m\u00e1s, evitando desperdicio. Para que la temperatura del refrigerador sea m\u00e1s estable, el Refrigerador Electrolux Side by Side tambi\u00e9n cuenta con Tecnolog\u00eda Inverter, que garantiza condiciones ideales para preservar tus alimentos y ahorra hasta un 31%\u00b2 de energ\u00eda. Con el Panel Digital del Refrigerador Electrolux Side by Side, controle la temperatura y las funciones Turbo Freezer y Turbo Refrigerador que te permiten congelar y refrigerar las comidas y bebidas m\u00e1s r\u00e1pidamente, indicados para cuando quieras recibir la familia o amigos en tu casa. Basta girar la bandeja y los cubitos de hielo caen en el compartimento inferior para que tengas hielo siempre a mano, con Ice Twister tienes m\u00e1s facilidad para tu d\u00eda a d\u00eda. Adem\u00e1s, el refrigerador ofrece la organizaci\u00f3n ideal para que preserve frutas y verduras de la mejor manera. Por eso cuentas con dos cajones especiales en el refrigerador y dos cajones en el freezer. AutoSense: Controla la temperatura autom\u00e1ticamente y prolonga la vida de los alimentos hasta un 30%\u00b9 m\u00e1s tiempo. Tecnolog\u00eda Inverter: Mantiene la temperatura del motor estable garantizando ahorro de energ\u00eda y menos desperdicio de alimentos. Panel digital: Controla la temperatura y funciones de acuerdo con lo que necesites. IceTwister: Hielo siempre a mano para que tengas tus bebidas a\u00fan m\u00e1s refrescantes. Dos cajones en el refrigerador y dos cajones en el freezer: M\u00e1s organizaci\u00f3n en tu d\u00eda a d\u00eda y mejor preservaci\u00f3n de los alimentos. Turbo Refrigerador: Enfriamiento r\u00e1pido del refrigerador. Indicado para fiestas o para cuando vuelves con las compras del supermercado Turbo Freezer: Enfriamiento r\u00e1pido del freezer. Indicado para fiestas o cuando necesitas congelar alimentos y bebidas r\u00e1pidamente. Bandeja de huevos: M\u00e1s comodidad y organizaci\u00f3n en tu refrigerador, con capacidad para 12 huevos.<\/li>\n<\/ul>\n","protected":false},"excerpt":{"rendered":"<p>Marca: ELECTROLUX Tipo de Producto: HELADERA Capacidad: 472 LITROS Tipo de deshielo: FRIO SECO Formato de Freezer: FREEZER INFERIOR Caracter\u00edsticas Especiales: CON PLANEL Color: INOX Consumo energ\u00e9tico: 37 (kWh\/mes) Modelo: ERSA44V5HVG Tecnolog\u00eda: INVERTER Dimensiones: 1780 x 900 x 590 El Refrigerador Electrolux Side by Side es ideal para tu cocina. Aporta practicidad y eficacia en [&hellip;]<\/p>\n","protected":false},"featured_media":15743,"comment_status":"open","ping_status":"closed","template":"","meta":{"_acf_changed":false},"pwb-brand":[207],"product_brand":[],"product_cat":[385,142],"product_tag":[],"class_list":{"0":"post-15735","1":"product","2":"type-product","3":"status-publish","4":"has-post-thumbnail","6":"pwb-brand-electrolux","7":"product_cat-refrigeradores-refrigeradores","8":"product_cat-refrigeradores","10":"first","11":"outofstock","12":"shipping-taxable","13":"purchasable","14":"product-type-simple"},"acf":[],"brands":[{"id":207,"name":"Electrolux","slug":"electrolux"}],"_links":{"self":[{"href":"https:\/\/triplex.com.bo\/index.php\/wp-json\/wp\/v2\/product\/15735","targetHints":{"allow":["GET"]}}],"collection":[{"href":"https:\/\/triplex.com.bo\/index.php\/wp-json\/wp\/v2\/product"}],"about":[{"href":"https:\/\/triplex.com.bo\/index.php\/wp-json\/wp\/v2\/types\/product"}],"replies":[{"embeddable":true,"href":"https:\/\/triplex.com.bo\/index.php\/wp-json\/wp\/v2\/comments?post=15735"}],"wp:featuredmedia":[{"embeddable":true,"href":"https:\/\/triplex.com.bo\/index.php\/wp-json\/wp\/v2\/media\/15743"}],"wp:attachment":[{"href":"https:\/\/triplex.com.bo\/index.php\/wp-json\/wp\/v2\/media?parent=15735"}],"wp:term":[{"taxonomy":"pwb-brand","embeddable":true,"href":"https:\/\/triplex.com.bo\/index.php\/wp-json\/wp\/v2\/pwb-brand?post=15735"},{"taxonomy":"product_brand","embeddable":true,"href":"https:\/\/triplex.com.bo\/index.php\/wp-json\/wp\/v2\/product_brand?post=15735"},{"taxonomy":"product_cat","embeddable":true,"href":"https:\/\/triplex.com.bo\/index.php\/wp-json\/wp\/v2\/product_cat?post=15735"},{"taxonomy":"product_tag","embeddable":true,"href":"https:\/\/triplex.com.bo\/index.php\/wp-json\/wp\/v2\/product_tag?post=15735"}],"curies":[{"name":"wp","href":"https:\/\/api.w.org\/{rel}","templated":true}]}}