{"id":15654,"date":"2024-11-18T11:17:13","date_gmt":"2024-11-18T15:17:13","guid":{"rendered":"https:\/\/triplex.com.bo\/?post_type=product&#038;p=15654"},"modified":"2025-05-15T17:58:21","modified_gmt":"2025-05-15T21:58:21","slug":"cocina-encimera-a-gas-y-electrica-electrolux-4h","status":"publish","type":"product","link":"https:\/\/triplex.com.bo\/index.php\/product\/cocina-encimera-a-gas-y-electrica-electrolux-4h\/","title":{"rendered":"COCINA ENCIMERA A GAS Y ELECTRICA ELECTROLUX 4H"},"content":{"rendered":"<p>La placa de inducci\u00f3n y gas Expert de Electrolux con Power Boost y llama vertical IE62H ofrece versatilidad, potencia y m\u00e1s control en su vida diaria con dos opciones: \u00a1gas e inducci\u00f3n! La placa de cocina Electrolux te permite disfrutar de las ventajas de ambos mundos, descubriendo el rendimiento avanzado de la inducci\u00f3n y utilizando tu placa de gas al mismo tiempo. Todo ello sin tener que renunciar a tus sartenes y a la forma en la que ya est\u00e1s acostumbrado a cocinar. La tecnolog\u00eda PowerBoost de la placa de inducci\u00f3n proporciona m\u00e1s agilidad a la hora de preparar tus recetas; puedes, por ejemplo, hervir agua hasta 2 veces\u00b9 m\u00e1s r\u00e1pido con la tecnolog\u00eda de inducci\u00f3n. La llama vertical de la placa de gas proporciona m\u00e1s eficiencia a la hora de cocinar, adem\u00e1s de tener un dise\u00f1o \u00fanico que facilita la limpieza y piezas que se pueden lavar en el lavavajillas. La mesa de cristal es lisa y plana, lo que adem\u00e1s de dar estabilidad a las cacerolas, facilita la limpieza, al no tener esquinas ni huecos. Las parrillas, que son las piezas que se apoyan sobre los quemadores y resisten las altas temperaturas, tienen la forma ideal para las ollas y se pueden lavar en el lavavajillas, al igual que los quemadores. Adem\u00e1s, para obtener mejores resultados, la Electrolux Cooktop Expert IE62H cuenta con 9 velocidades, asegurando un control preciso de la temperatura durante la preparaci\u00f3n de tus recetas. Las grandes placas de gas est\u00e1n fabricadas en hierro fundido, aportando m\u00e1s robustez y estabilidad a las sartenes.<\/p>\n","protected":false},"excerpt":{"rendered":"<p>La placa de inducci\u00f3n y gas Expert de Electrolux con Power Boost y llama vertical IE62H ofrece versatilidad, potencia y m\u00e1s control en su vida diaria con dos opciones: \u00a1gas e inducci\u00f3n! La placa de cocina Electrolux te permite disfrutar de las ventajas de ambos mundos, descubriendo el rendimiento avanzado de la inducci\u00f3n y utilizando [&hellip;]<\/p>\n","protected":false},"featured_media":15655,"comment_status":"open","ping_status":"closed","template":"","meta":{"_acf_changed":false},"pwb-brand":[207],"product_brand":[],"product_cat":[156,140],"product_tag":[],"class_list":{"0":"post-15654","1":"product","2":"type-product","3":"status-publish","4":"has-post-thumbnail","6":"pwb-brand-electrolux","7":"product_cat-cocinas-empotrables","8":"product_cat-cocinas","10":"first","11":"instock","12":"shipping-taxable","13":"purchasable","14":"product-type-simple"},"acf":[],"brands":[{"id":207,"name":"Electrolux","slug":"electrolux"}],"_links":{"self":[{"href":"https:\/\/triplex.com.bo\/index.php\/wp-json\/wp\/v2\/product\/15654","targetHints":{"allow":["GET"]}}],"collection":[{"href":"https:\/\/triplex.com.bo\/index.php\/wp-json\/wp\/v2\/product"}],"about":[{"href":"https:\/\/triplex.com.bo\/index.php\/wp-json\/wp\/v2\/types\/product"}],"replies":[{"embeddable":true,"href":"https:\/\/triplex.com.bo\/index.php\/wp-json\/wp\/v2\/comments?post=15654"}],"wp:featuredmedia":[{"embeddable":true,"href":"https:\/\/triplex.com.bo\/index.php\/wp-json\/wp\/v2\/media\/15655"}],"wp:attachment":[{"href":"https:\/\/triplex.com.bo\/index.php\/wp-json\/wp\/v2\/media?parent=15654"}],"wp:term":[{"taxonomy":"pwb-brand","embeddable":true,"href":"https:\/\/triplex.com.bo\/index.php\/wp-json\/wp\/v2\/pwb-brand?post=15654"},{"taxonomy":"product_brand","embeddable":true,"href":"https:\/\/triplex.com.bo\/index.php\/wp-json\/wp\/v2\/product_brand?post=15654"},{"taxonomy":"product_cat","embeddable":true,"href":"https:\/\/triplex.com.bo\/index.php\/wp-json\/wp\/v2\/product_cat?post=15654"},{"taxonomy":"product_tag","embeddable":true,"href":"https:\/\/triplex.com.bo\/index.php\/wp-json\/wp\/v2\/product_tag?post=15654"}],"curies":[{"name":"wp","href":"https:\/\/api.w.org\/{rel}","templated":true}]}}