{"id":15607,"date":"2024-11-08T16:06:22","date_gmt":"2024-11-08T20:06:22","guid":{"rendered":"https:\/\/triplex.com.bo\/?post_type=product&#038;p=15607"},"modified":"2026-03-04T18:04:54","modified_gmt":"2026-03-04T22:04:54","slug":"tv-iffalcon-de-65-smart","status":"publish","type":"product","link":"https:\/\/triplex.com.bo\/index.php\/product\/tv-iffalcon-de-65-smart\/","title":{"rendered":"TV IFFALCON 65\u2033 SMART"},"content":{"rendered":"<div class=\"active\" role=\"tab\" data-role=\"collapsible\" data-collapsible=\"true\" aria-selected=\"false\" aria-expanded=\"true\">\n<div class=\"title\" tabindex=\"0\" data-role=\"trigger\">\n<h4>Descripci\u00f3n General<\/h4>\n<\/div>\n<\/div>\n<div class=\"description\" role=\"tabpanel\" data-role=\"content\" aria-hidden=\"false\">\n<div class=\"product attribute description\">\n<div class=\"value\">\n<div data-content-type=\"row\" data-appearance=\"contained\" data-element=\"main\">\n<div data-enable-parallax=\"0\" data-parallax-speed=\"0.5\" data-background-images=\"{}\" data-background-type=\"image\" data-video-loop=\"true\" data-video-play-only-visible=\"true\" data-video-lazy-load=\"true\" data-video-fallback-src=\"\" data-element=\"inner\">\n<div data-content-type=\"text\" data-appearance=\"default\" data-element=\"main\">\n<p><strong>TV IFFALCON DE 65 GOOGLE TV MODELO: iFF65U62<\/strong><\/p>\n<ul class=\"ui-tabs-nav ui-helper-reset ui-helper-clearfix ui-widget-header ui-corner-all\" role=\"tablist\">\n<li><strong>V\u00edvido, vibrante, vigoroso:\u00a0<\/strong>High Dynamic Range (HDR), el \u00faltimo est\u00e1ndar para contenido UHD, brinda una experiencia superior con un brillo sorprendente, detalles de sombras excepcionales y colores vivos. Si\u00e9ntese y disfrute de incre\u00edbles detalles de imagen tal como los cineastas pretend\u00edan.<\/li>\n<li><strong>Ver detalles en un detalle:<\/strong>\u00a0High Dynamic Range 10, el \u00faltimo est\u00e1ndar para contenido UHD, brinda una experiencia superior con un brillo sorprendente, detalles de sombras excepcionales y colores vivos. Si\u00e9ntese y disfrute de incre\u00edbles detalles de imagen tal como los cineastas pretend\u00edan.<\/li>\n<li><strong>Mejora el color:<\/strong>\u00a0El algoritmo de mejora din\u00e1mica del color puede mejorar el efecto de visualizaci\u00f3n de la pantalla de color bajo a la pantalla de color alto cuando se reproducen videos e im\u00e1genes naturales que cobran vida.<\/li>\n<li><strong>Revelar m\u00e1s detalles:<\/strong>\u00a0Micro Dimming analiza el contenido de TV en 1296 zonas separadas, ajustando de manera inteligente el brillo y la oscuridad. La calidad de imagen est\u00e1 optimizada para una experiencia visual superior, especialmente en la oscuridad.<\/li>\n<li><strong>Disfruta del Audio Teatral:<\/strong>\u00a0Dolby Audio Enhanced Loudness Brinda un volumen m\u00e1s alto en dispositivos de parlantes peque\u00f1os para hacer que la mezcla de audio optimice el audio de los dispositivos, brinda un sonido envolvente inmersivo con el decodificador Dolby que optimiza la calidad del sonido del televisor.<\/li>\n<li><strong>Solo para ti:<\/strong>\u00a0Descubra nuevas pel\u00edculas y programas de todas sus suscripciones y contenido disponible para usted. Las sugerencias basadas en lo que has visto y lo que te interesa hacen que sea m\u00e1s f\u00e1cil encontrar tu pr\u00f3ximo favorito.<\/li>\n<li><strong>Conecta el mundo a trav\u00e9s de Google DUO:<\/strong>\u00a0Realice sin esfuerzo llamadas individuales o \u00fanase a llamadas grupales con la aplicaci\u00f3n de chat de video de Google. Env\u00eda notas, notas de voz o video, etc.<\/li>\n<li><strong>Google Watchlist:<\/strong>\u00a0Cuando vea un programa o pel\u00edcula interesante, agr\u00e9guelo a su lista de seguimiento para realizar un seguimiento de sus nuevos descubrimientos. Incluso puede agregar a su Lista de seguimiento desde su tel\u00e9fono o computadora port\u00e1til a trav\u00e9s de la B\u00fasqueda de Google en cualquier navegador.<\/li>\n<li><strong>Google Photos:<\/strong>\u00a0Cuando el televisor est\u00e9 inactivo, reviva sus recuerdos favoritos mostrando sus fotos de Google. O sea transportado a lugares de todo el mundo con im\u00e1genes seleccionadas y obras de arte de Getty Images, Google Earth y m\u00e1s.<\/li>\n<li><strong>Kids Care:<\/strong>\u00a0 Un espacio dedicado al entretenimiento infantil. Mantenga a toda la familia entretenida y segura con perfiles de ni\u00f1os que filtran el contenido adecuado. Los padres tienen un mayor control mediante el uso de temporizadores para contenido infantil.<\/li>\n<li><strong>Tu casa en tu TV:<\/strong>\u00a0Controla tus dispositivos dom\u00e9sticos conectados compatibles directamente desde tu televisor. Vea la transmisi\u00f3n de su c\u00e1mara de seguridad directamente en la pantalla de su televisor.<\/li>\n<li><strong>Ayuda en tu pantalla grande:<\/strong>\u00a0No hay nada m\u00e1s f\u00e1cil que esto. La funci\u00f3n de control de voz en iFFALCON TV le permite controlar el canal, sus programas favoritos e incluso obtener respuestas a sus preguntas solo con su voz.<\/li>\n<li><strong>De su televisor a la estaci\u00f3n de trabajo:<\/strong>\u00a0Transmita su computadora port\u00e1til a su televisor de pantalla grande con una resoluci\u00f3n de hasta 4K y tenga todo su trabajo bajo control f\u00e1cilmente.<\/li>\n<li><strong>HDMI 2.1:<\/strong>\u00a0eARC permite que el audio del televisor que se origina en dispositivos de cable, sat\u00e9lite, transmisi\u00f3n o fuente se env\u00ede a un AVR o barra de sonido a trav\u00e9s de un solo cable HDMI. Ahora es m\u00e1s f\u00e1cil que nunca experimentar el sonido con calidad de cine en una sala de estar para disfrutar de una experiencia multidimensional inmersiva y mejorar el detalle y la profundidad del audio.<\/li>\n<li><strong>Wifi 5G:<\/strong>\u00a0Transmita m\u00e1s r\u00e1pido, m\u00e1s lejos y de manera m\u00e1s estable con Wi-Fi compatible con banda dual 2.4G + 5G<\/li>\n<li><strong>El dise\u00f1o est\u00e9tico se adapta a todos los espacios:\u00a0<\/strong>El dise\u00f1o sin marco de 3 lados de U62 permite una experiencia de visualizaci\u00f3n visible m\u00e1s amplia y de pantalla completa, simplemente si\u00e9ntase bien en medio de toda la acci\u00f3n.<\/li>\n<\/ul>\n<p>ESPECIFICACIONES<\/p>\n<ul>\n<li>Marca: iFFALCON<\/li>\n<li>Modelo: 65U62<\/li>\n<li>Serie: U62<\/li>\n<li>Sistema Operativo Android TV 11 + Google TV<\/li>\n<li>Pantalla LCD<\/li>\n<li>4K Ultra HD<\/li>\n<li>HDR10<\/li>\n<li>Micro atenuaci\u00f3n atmosf\u00e9rica<\/li>\n<li>Sonido Dolby<\/li>\n<li>Chromecast integrado<\/li>\n<li>Asistente de Google<\/li>\n<li>Google Play Pel\u00edculas y TV<\/li>\n<li>Youtube\/Netflix\/Prime Video<\/li>\n<li>Juegos Android<\/li>\n<li>Bluetooth 5.0<\/li>\n<li>WiFi 802.11 b\/g\/n de 2,4 GHz<\/li>\n<li>HDMI1.4b, HDCP1.4 y HDCP2.2<\/li>\n<\/ul>\n<p><strong>Medidas:<\/strong><\/p>\n<ul>\n<li>Tama\u00f1o con Soporte (An. x Pr. x Al.): 144.5 x 35.2 x 88.8 cm<\/li>\n<li>Tama\u00f1o sin Soporte (An. x Pr. x Al.): 144.5 x 8.1 x 83.3 cm<\/li>\n<\/ul>\n<\/div>\n<\/div>\n<\/div>\n<\/div>\n<\/div>\n<\/div>\n","protected":false},"excerpt":{"rendered":"<p>Descripci\u00f3n General TV IFFALCON DE 65 GOOGLE TV MODELO: iFF65U62 V\u00edvido, vibrante, vigoroso:\u00a0High Dynamic Range (HDR), el \u00faltimo est\u00e1ndar para contenido UHD, brinda una experiencia superior con un brillo sorprendente, detalles de sombras excepcionales y colores vivos. Si\u00e9ntese y disfrute de incre\u00edbles detalles de imagen tal como los cineastas pretend\u00edan. Ver detalles en un detalle:\u00a0High [&hellip;]<\/p>\n","protected":false},"featured_media":18127,"comment_status":"open","ping_status":"closed","template":"","meta":{"_acf_changed":false},"pwb-brand":[391],"product_brand":[],"product_cat":[178,284,137],"product_tag":[430],"class_list":{"0":"post-15607","1":"product","2":"type-product","3":"status-publish","4":"has-post-thumbnail","6":"pwb-brand-ifallcon","7":"product_cat-tv-y-video-televisores","8":"product_cat-tv","9":"product_cat-audio","10":"product_tag-oferta","12":"first","13":"instock","14":"shipping-taxable","15":"purchasable","16":"product-type-simple"},"acf":[],"brands":[{"id":391,"name":"IFALLCON","slug":"ifallcon"}],"_links":{"self":[{"href":"https:\/\/triplex.com.bo\/index.php\/wp-json\/wp\/v2\/product\/15607","targetHints":{"allow":["GET"]}}],"collection":[{"href":"https:\/\/triplex.com.bo\/index.php\/wp-json\/wp\/v2\/product"}],"about":[{"href":"https:\/\/triplex.com.bo\/index.php\/wp-json\/wp\/v2\/types\/product"}],"replies":[{"embeddable":true,"href":"https:\/\/triplex.com.bo\/index.php\/wp-json\/wp\/v2\/comments?post=15607"}],"wp:featuredmedia":[{"embeddable":true,"href":"https:\/\/triplex.com.bo\/index.php\/wp-json\/wp\/v2\/media\/18127"}],"wp:attachment":[{"href":"https:\/\/triplex.com.bo\/index.php\/wp-json\/wp\/v2\/media?parent=15607"}],"wp:term":[{"taxonomy":"pwb-brand","embeddable":true,"href":"https:\/\/triplex.com.bo\/index.php\/wp-json\/wp\/v2\/pwb-brand?post=15607"},{"taxonomy":"product_brand","embeddable":true,"href":"https:\/\/triplex.com.bo\/index.php\/wp-json\/wp\/v2\/product_brand?post=15607"},{"taxonomy":"product_cat","embeddable":true,"href":"https:\/\/triplex.com.bo\/index.php\/wp-json\/wp\/v2\/product_cat?post=15607"},{"taxonomy":"product_tag","embeddable":true,"href":"https:\/\/triplex.com.bo\/index.php\/wp-json\/wp\/v2\/product_tag?post=15607"}],"curies":[{"name":"wp","href":"https:\/\/api.w.org\/{rel}","templated":true}]}}