{"id":15604,"date":"2024-11-08T11:41:39","date_gmt":"2024-11-08T15:41:39","guid":{"rendered":"https:\/\/triplex.com.bo\/?post_type=product&#038;p=15604"},"modified":"2025-06-18T12:36:12","modified_gmt":"2025-06-18T16:36:12","slug":"lavasecarropa-15-8kgrs-inverter-indurama","status":"publish","type":"product","link":"https:\/\/triplex.com.bo\/index.php\/product\/lavasecarropa-15-8kgrs-inverter-indurama\/","title":{"rendered":"LAVASECARROPA 15\/8KGS INVERTER INDURAMA"},"content":{"rendered":"<p>La lavadora autom\u00e1tica carga frontal, fue dise\u00f1ada para simplificar y mejorar tu rutina de lavado. Este electrodom\u00e9stico est\u00e1 disponible en un elegante color gris, con m\u00faltiples opciones para adaptarse a tus necesidades.<\/p>\n<p>La lavadora autom\u00e1tica posee 21 programas de lavado: 12 predeterminados, incluyendo lavados delicados y un ciclo de sanitizado, y 9 programables como extra enjuague, funci\u00f3n de retraso y vapor para eliminar manchas dif\u00edciles, dejando la ropa libre de bacterias y agentes al\u00e9rgenos. El tambor de esta\u00a0lavadora autom\u00e1tica 15 kg\u00a0es de acero inoxidable y su motor inverter asegura su durabilidad y eficiencia. Incluye un sensor de carga que sugiere el programa adecuado seg\u00fan el peso de la ropa, ahorrando tiempo y recursos. Brinda medidas de seguridad para ni\u00f1os y mascotas, adem\u00e1s de atrapar monedas y pelusas.<\/p>\n<p><strong>Caracter\u00edsticas<\/strong>:<\/p>\n<ul class=\"ui-tabs-nav ui-helper-reset ui-helper-clearfix ui-widget-header ui-corner-all\" role=\"tablist\">\n<li>Marca: Indurama.<\/li>\n<li>Modelo: LRI-158FCR.<\/li>\n<li>Color: Gris.<\/li>\n<li>Lavadora de carga superior 15Kg y secado 8Kg.<\/li>\n<li>Disponible en croma funciones.<\/li>\n<li>21 Programas de lavado con sistema inteligente.<\/li>\n<li>Tipo Lavadora: Autom\u00e1tica.<\/li>\n<li>Tipos de Carga: Frontal.<\/li>\n<li>Normal\/Colores.<\/li>\n<li>Edredones\/S\u00e1banas.<\/li>\n<li>Pesados.<\/li>\n<li>Blancos.<\/li>\n<li>Toallas.<\/li>\n<li>Sanitizado.<\/li>\n<li>Lavado R\u00e1pido.<\/li>\n<li>Delicados.<\/li>\n<li>Ropa de beb\u00e9.<\/li>\n<li>1Lavado de Tina.<\/li>\n<li>Enguage y Centrifugado.<\/li>\n<li>Ropa deportiva.<\/li>\n<li>Funciones programables:<\/li>\n<li>Vapor.<\/li>\n<li>Extraenjuague.<\/li>\n<li>Remojo.<\/li>\n<li>Mi ciclo.<\/li>\n<li>Nivel de agua.<\/li>\n<li>Nivel de suciedad.<\/li>\n<li>Temperatura del agua.<\/li>\n<li>Velocidad de centrifugado.<\/li>\n<li>Funci\u00f3n retraso.<\/li>\n<\/ul>\n<p><strong>Dimensiones\/Peso:<\/strong><\/p>\n<div class=\"vtex-flex-layout-0-x-flexRow vtex-flex-layout-0-x-flexRow--productSpecification\">\n<div class=\"flex mt0 mb0 pt0 pb0    justify-start vtex-flex-layout-0-x-flexRowContent vtex-flex-layout-0-x-flexRowContent--productSpecification items-stretch w-100\">\n<div class=\"pr0 items-stretch vtex-flex-layout-0-x-stretchChildrenWidth   flex\">\n<ul>\n<li class=\"vtex-flex-layout-0-x-flexCol vtex-flex-layout-0-x-flexCol--productSpecificationName  ml0 mr0 pl0 pr0      flex flex-column h-100 w-100\"><span class=\"vtex-product-specifications-1-x-specificationName vtex-product-specifications-1-x-specificationName--specification-text-specification\" data-specification-group=\"Especificaciones\" data-specification-name=\"Alto\">Alto:\u00a0<\/span>110 cm.<\/li>\n<li class=\"vtex-flex-layout-0-x-flexCol vtex-flex-layout-0-x-flexCol--productSpecificationName  ml0 mr0 pl0 pr0      flex flex-column h-100 w-100\">Ancho: 72 cm.<\/li>\n<li class=\"vtex-flex-layout-0-x-flexCol vtex-flex-layout-0-x-flexCol--productSpecificationName  ml0 mr0 pl0 pr0      flex flex-column h-100 w-100\">Largo: 92 cm.<\/li>\n<li>Peso: 105 kg.<\/li>\n<\/ul>\n<\/div>\n<\/div>\n<\/div>\n","protected":false},"excerpt":{"rendered":"<p>La lavadora autom\u00e1tica carga frontal, fue dise\u00f1ada para simplificar y mejorar tu rutina de lavado. Este electrodom\u00e9stico est\u00e1 disponible en un elegante color gris, con m\u00faltiples opciones para adaptarse a tus necesidades. La lavadora autom\u00e1tica posee 21 programas de lavado: 12 predeterminados, incluyendo lavados delicados y un ciclo de sanitizado, y 9 programables como extra [&hellip;]<\/p>\n","protected":false},"featured_media":15605,"comment_status":"open","ping_status":"closed","template":"","meta":{"_acf_changed":false},"pwb-brand":[412],"product_brand":[],"product_cat":[190,189],"product_tag":[],"class_list":{"0":"post-15604","1":"product","2":"type-product","3":"status-publish","4":"has-post-thumbnail","6":"pwb-brand-indurama","7":"product_cat-lavanderia-combo","8":"product_cat-lavadoras-y-secadores","10":"first","11":"outofstock","12":"shipping-taxable","13":"purchasable","14":"product-type-simple"},"acf":[],"brands":[{"id":412,"name":"indurama","slug":"indurama"}],"_links":{"self":[{"href":"https:\/\/triplex.com.bo\/index.php\/wp-json\/wp\/v2\/product\/15604","targetHints":{"allow":["GET"]}}],"collection":[{"href":"https:\/\/triplex.com.bo\/index.php\/wp-json\/wp\/v2\/product"}],"about":[{"href":"https:\/\/triplex.com.bo\/index.php\/wp-json\/wp\/v2\/types\/product"}],"replies":[{"embeddable":true,"href":"https:\/\/triplex.com.bo\/index.php\/wp-json\/wp\/v2\/comments?post=15604"}],"wp:featuredmedia":[{"embeddable":true,"href":"https:\/\/triplex.com.bo\/index.php\/wp-json\/wp\/v2\/media\/15605"}],"wp:attachment":[{"href":"https:\/\/triplex.com.bo\/index.php\/wp-json\/wp\/v2\/media?parent=15604"}],"wp:term":[{"taxonomy":"pwb-brand","embeddable":true,"href":"https:\/\/triplex.com.bo\/index.php\/wp-json\/wp\/v2\/pwb-brand?post=15604"},{"taxonomy":"product_brand","embeddable":true,"href":"https:\/\/triplex.com.bo\/index.php\/wp-json\/wp\/v2\/product_brand?post=15604"},{"taxonomy":"product_cat","embeddable":true,"href":"https:\/\/triplex.com.bo\/index.php\/wp-json\/wp\/v2\/product_cat?post=15604"},{"taxonomy":"product_tag","embeddable":true,"href":"https:\/\/triplex.com.bo\/index.php\/wp-json\/wp\/v2\/product_tag?post=15604"}],"curies":[{"name":"wp","href":"https:\/\/api.w.org\/{rel}","templated":true}]}}