{"id":15563,"date":"2024-10-25T13:51:53","date_gmt":"2024-10-25T17:51:53","guid":{"rendered":"https:\/\/triplex.com.bo\/?post_type=product&#038;p=15563"},"modified":"2025-03-17T08:59:05","modified_gmt":"2025-03-17T12:59:05","slug":"poco-x6-pro-512-12-ram","status":"publish","type":"product","link":"https:\/\/triplex.com.bo\/index.php\/product\/poco-x6-pro-512-12-ram\/","title":{"rendered":"POCO X6 PRO 512\/12 RAM"},"content":{"rendered":"<div class=\"jsx-4193564760 specification specification-2-column\">\n<section class=\"jsx-2247763159 container\">\n<div class=\"jsx-2247763159 mkp-headerContainer\"><span class=\"jsx-2247763159\">Especificaciones<\/span><\/div>\n<div class=\"jsx-2247763159 bodyContainer\">\n<table class=\"jsx-960159652 specification-table \">\n<tbody class=\"jsx-960159652\">\n<tr class=\"jsx-960159652\">\n<td class=\"jsx-960159652 property-name\">brand<\/td>\n<td class=\"jsx-960159652 property-value\">XIAOMI<\/td>\n<\/tr>\n<tr class=\"jsx-960159652\">\n<td class=\"jsx-960159652 property-name\">Requiere Serial Number<\/td>\n<td class=\"jsx-960159652 property-value\">No<\/td>\n<\/tr>\n<tr class=\"jsx-960159652\">\n<td class=\"jsx-960159652 property-name\">Requiere IMEI<\/td>\n<td class=\"jsx-960159652 property-value\">Si<\/td>\n<\/tr>\n<tr class=\"jsx-960159652\">\n<td class=\"jsx-960159652 property-name\">Capacidad de la bater\u00eda (en mAh)<\/td>\n<td class=\"jsx-960159652 property-value\">5000<\/td>\n<\/tr>\n<tr class=\"jsx-960159652\">\n<td class=\"jsx-960159652 property-name\">Capacidad de almacenamiento<\/td>\n<td class=\"jsx-960159652 property-value\">512GB<\/td>\n<\/tr>\n<tr class=\"jsx-960159652\">\n<td class=\"jsx-960159652 property-name\">Dimensiones<\/td>\n<td class=\"jsx-960159652 property-value\">16 cm X 7 cm X 8.5 mm<\/td>\n<\/tr>\n<tr class=\"jsx-960159652\">\n<td class=\"jsx-960159652 property-name\">Tama\u00f1o de la pantalla<\/td>\n<td class=\"jsx-960159652 property-value\">6<\/td>\n<\/tr>\n<tr class=\"jsx-960159652\">\n<td class=\"jsx-960159652 property-name\">Caracter\u00edsticas de la pantalla<\/td>\n<td class=\"jsx-960159652 property-value\">Amoled<\/td>\n<\/tr>\n<tr class=\"jsx-960159652\">\n<td class=\"jsx-960159652 property-name\">Modelo<\/td>\n<td class=\"jsx-960159652 property-value\">Poco X6 Pro<\/td>\n<\/tr>\n<tr class=\"jsx-960159652\">\n<td class=\"jsx-960159652 property-name\">C\u00e1mara posterior<\/td>\n<td class=\"jsx-960159652 property-value\">64 MP<\/td>\n<\/tr>\n<tr class=\"jsx-960159652\">\n<td class=\"jsx-960159652 property-name\">C\u00e1mara frontal<\/td>\n<td class=\"jsx-960159652 property-value\">16 MP<\/td>\n<\/tr>\n<tr class=\"jsx-960159652\">\n<td class=\"jsx-960159652 property-name\">Caracter\u00edsticas<\/td>\n<td class=\"jsx-960159652 property-value\">Ajuste del brillo,Alarma,Cuenta con bluetooth,Cuenta con wifi<\/td>\n<\/tr>\n<tr class=\"jsx-960159652\">\n<td class=\"jsx-960159652 property-name\">Pa\u00eds de origen<\/td>\n<td class=\"jsx-960159652 property-value\">China<\/td>\n<\/tr>\n<tr class=\"jsx-960159652\">\n<td class=\"jsx-960159652 property-name\">Color<\/td>\n<td class=\"jsx-960159652 property-value\">Negro<\/td>\n<\/tr>\n<tr class=\"jsx-960159652\">\n<td class=\"jsx-960159652 property-name\">Conectividad\/conexi\u00f3n<\/td>\n<td class=\"jsx-960159652 property-value\">Bluetooth,NFC,Wifi<\/td>\n<\/tr>\n<tr class=\"jsx-960159652\">\n<td class=\"jsx-960159652 property-name\">Sello SEC<\/td>\n<td class=\"jsx-960159652 property-value\">Not applicable<\/td>\n<\/tr>\n<tr class=\"jsx-960159652\">\n<td class=\"jsx-960159652 property-name\">Condici\u00f3n del producto<\/td>\n<td class=\"jsx-960159652 property-value\">Nuevo<\/td>\n<\/tr>\n<tr class=\"jsx-960159652\">\n<td class=\"jsx-960159652 property-name\">A\u00f1o de lanzamiento<\/td>\n<td class=\"jsx-960159652 property-value\">2023<\/td>\n<\/tr>\n<tr class=\"jsx-960159652\">\n<td class=\"jsx-960159652 property-name\">Detalle de la condici\u00f3n<\/td>\n<td class=\"jsx-960159652 property-value\">nuevo en caja sellada<\/td>\n<\/tr>\n<tr class=\"jsx-960159652\">\n<td class=\"jsx-960159652 property-name\">Conectividad<\/td>\n<td class=\"jsx-960159652 property-value\">5G<\/td>\n<\/tr>\n<tr class=\"jsx-960159652\">\n<td class=\"jsx-960159652 property-name\">Memoria expandible<\/td>\n<td class=\"jsx-960159652 property-value\">No aplica<\/td>\n<\/tr>\n<tr class=\"jsx-960159652\">\n<td class=\"jsx-960159652 property-name\">Velocidad de procesamiento (GHz)<\/td>\n<td class=\"jsx-960159652 property-value\">3.35 Ghz<\/td>\n<\/tr>\n<tr class=\"jsx-960159652\">\n<td class=\"jsx-960159652 property-name\">Memoria RAM<\/td>\n<td class=\"jsx-960159652 property-value\">12GB<\/td>\n<\/tr>\n<tr class=\"jsx-960159652\">\n<td class=\"jsx-960159652 property-name\">N\u00facleos del procesador<\/td>\n<td class=\"jsx-960159652 property-value\">Octa core<\/td>\n<\/tr>\n<tr class=\"jsx-960159652\">\n<td class=\"jsx-960159652 property-name\">Sistema operativo espec\u00edfico<\/td>\n<td class=\"jsx-960159652 property-value\">Android 13 tiramisu<\/td>\n<\/tr>\n<tr class=\"jsx-960159652\">\n<td class=\"jsx-960159652 property-name\">Proveedor de servicio\/compa\u00f1\u00eda<\/td>\n<td class=\"jsx-960159652 property-value\">Libre de f\u00e1brica<\/td>\n<\/tr>\n<tr class=\"jsx-960159652\">\n<td class=\"jsx-960159652 property-name\">Ranura para SIM<\/td>\n<td class=\"jsx-960159652 property-value\">Double SIM<\/td>\n<\/tr>\n<tr class=\"jsx-960159652\">\n<td class=\"jsx-960159652 property-name\">Velocidad de imagen<\/td>\n<td class=\"jsx-960159652 property-value\">120Hz<\/td>\n<\/tr>\n<tr class=\"jsx-960159652\">\n<td class=\"jsx-960159652 property-name\">Sistema operativo<\/td>\n<td class=\"jsx-960159652 property-value\">Android<\/td>\n<\/tr>\n<tr class=\"jsx-960159652\">\n<td class=\"jsx-960159652 property-name\">Tama\u00f1o de SIM<\/td>\n<td class=\"jsx-960159652 property-value\">Nano SIM<\/td>\n<\/tr>\n<tr class=\"jsx-960159652\">\n<td class=\"jsx-960159652 property-name\">Tipo de celular<\/td>\n<td class=\"jsx-960159652 property-value\">Desbloqueado<\/td>\n<\/tr>\n<tr class=\"jsx-960159652\">\n<td class=\"jsx-960159652 property-name\">Conectividad celular<\/td>\n<td class=\"jsx-960159652 property-value\">NFC<\/td>\n<\/tr>\n<tr class=\"jsx-960159652\">\n<td class=\"jsx-960159652 property-name\">Autonom\u00eda<\/td>\n<td class=\"jsx-960159652 property-value\">2 D\u00edas de uso moderado<\/td>\n<\/tr>\n<tr class=\"jsx-960159652\">\n<td class=\"jsx-960159652 property-name\">Procesador espec\u00edfico txt<\/td>\n<td class=\"jsx-960159652 property-value\">Mediatek Dimensity 8300 Ultra<\/td>\n<\/tr>\n<tr class=\"jsx-960159652\">\n<td class=\"jsx-960159652 property-name\">Procesador<\/td>\n<td class=\"jsx-960159652 property-value\">MediaTek Dimensity<\/td>\n<\/tr>\n<\/tbody>\n<\/table>\n<\/div>\n<\/section>\n<\/div>\n<div class=\"jsx-4193564760 description description-2-column\">\n<section class=\"jsx-2247763159 container\">\n<div class=\"jsx-2247763159 mkp-headerContainer\"><span class=\"jsx-2247763159\">Informaci\u00f3n adicional<\/span><\/div>\n<div class=\"jsx-2247763159 bodyContainer\">\n<div class=\"fb-product-information__product-information-tab\">\n<div class=\"fb-product-information-tab__copy\">\n<p>Bienvenidos a aldnet tienda virtual<\/p>\n<p>*cuenta oficial de aldnet tienda virtual*<\/p>\n<p>Celular Xiaomi Poco X6 Pro 512 Gb 12 Ram 5G<\/p>\n<p>Caracter\u00edsticas principales:<\/p>\n<p>&#8211; procesador:\u00a0<strong>Mediatek Dimensity 8300 Ultra<\/strong><\/p>\n<p>&#8211; sistema operativo:\u00a0<strong>Android 14<\/strong><\/p>\n<p>&#8211; pantalla: 6,67\u201d<\/p>\n<p>&#8211; resoluci\u00f3n: 1220 x 2712 px<\/p>\n<p>&#8211; sensor huella: Si, bajo la pantalla<\/p>\n<p>&#8211; altura: 16 cm<\/p>\n<p>&#8211; ancho:\u00a07 cm<\/p>\n<p>&#8211; grosor: 8 mm<\/p>\n<p>-Memoria expandible: No<\/p>\n<p>-Duraci\u00f3n de la bater\u00eda: 2 D\u00edas de uso moderado<\/p>\n<p>-Tiempo de carga: 44 Minutos<\/p>\n<p>&#8211; Generaci\u00f3n:\u00a05G<\/p>\n<p>&#8211; memoria interna: 512 Gb<\/p>\n<p>&#8211; memoria ram: 12 Ram<\/p>\n<p>&#8211; C\u00e1mara trasera: Triple 64 + 8 + 2 MP<\/p>\n<p>&#8211; C\u00e1mara frontal: 16 MP<\/p>\n<p>&#8211; carga r\u00e1pida: Si, 67W<\/p>\n<p>-Tasa de refresco: 120 Hz<\/p>\n<p>-Procesador central: 3.35 Ghz<\/p>\n<p>&#8211; wi-fi: Si<\/p>\n<p>&#8211; bluetooth: Si<\/p>\n<p>&#8211; gps: Si<\/p>\n<p>&#8211; nfc: Si<\/p>\n<p>&#8211; bater\u00eda: 5000 mAh<\/p>\n<p>&#8211; resistencia al agua:\u00a0Limitada IP54<\/p>\n<p>&#8211; radio: Si<\/p>\n<p>-garant\u00eda: 6 meses<\/p>\n<p>Gracias por compra<\/p>\n<\/div>\n<\/div>\n<\/div>\n<\/section>\n<\/div>\n","protected":false},"excerpt":{"rendered":"<p>Especificaciones brand XIAOMI Requiere Serial Number No Requiere IMEI Si Capacidad de la bater\u00eda (en mAh) 5000 Capacidad de almacenamiento 512GB Dimensiones 16 cm X 7 cm X 8.5 mm Tama\u00f1o de la pantalla 6 Caracter\u00edsticas de la pantalla Amoled Modelo Poco X6 Pro C\u00e1mara posterior 64 MP C\u00e1mara frontal 16 MP Caracter\u00edsticas Ajuste del [&hellip;]<\/p>\n","protected":false},"featured_media":15564,"comment_status":"open","ping_status":"closed","template":"","meta":{"_acf_changed":false},"pwb-brand":[374],"product_brand":[],"product_cat":[339,195],"product_tag":[],"class_list":{"0":"post-15563","1":"product","2":"type-product","3":"status-publish","4":"has-post-thumbnail","6":"pwb-brand-xiaomi","7":"product_cat-tecnologia-celulares","8":"product_cat-tecnologia","10":"first","11":"outofstock","12":"shipping-taxable","13":"purchasable","14":"product-type-simple"},"acf":[],"brands":[{"id":374,"name":"XIAOMI","slug":"xiaomi"}],"_links":{"self":[{"href":"https:\/\/triplex.com.bo\/index.php\/wp-json\/wp\/v2\/product\/15563","targetHints":{"allow":["GET"]}}],"collection":[{"href":"https:\/\/triplex.com.bo\/index.php\/wp-json\/wp\/v2\/product"}],"about":[{"href":"https:\/\/triplex.com.bo\/index.php\/wp-json\/wp\/v2\/types\/product"}],"replies":[{"embeddable":true,"href":"https:\/\/triplex.com.bo\/index.php\/wp-json\/wp\/v2\/comments?post=15563"}],"wp:featuredmedia":[{"embeddable":true,"href":"https:\/\/triplex.com.bo\/index.php\/wp-json\/wp\/v2\/media\/15564"}],"wp:attachment":[{"href":"https:\/\/triplex.com.bo\/index.php\/wp-json\/wp\/v2\/media?parent=15563"}],"wp:term":[{"taxonomy":"pwb-brand","embeddable":true,"href":"https:\/\/triplex.com.bo\/index.php\/wp-json\/wp\/v2\/pwb-brand?post=15563"},{"taxonomy":"product_brand","embeddable":true,"href":"https:\/\/triplex.com.bo\/index.php\/wp-json\/wp\/v2\/product_brand?post=15563"},{"taxonomy":"product_cat","embeddable":true,"href":"https:\/\/triplex.com.bo\/index.php\/wp-json\/wp\/v2\/product_cat?post=15563"},{"taxonomy":"product_tag","embeddable":true,"href":"https:\/\/triplex.com.bo\/index.php\/wp-json\/wp\/v2\/product_tag?post=15563"}],"curies":[{"name":"wp","href":"https:\/\/api.w.org\/{rel}","templated":true}]}}