{"id":15556,"date":"2024-10-25T13:31:11","date_gmt":"2024-10-25T17:31:11","guid":{"rendered":"https:\/\/triplex.com.bo\/?post_type=product&#038;p=15556"},"modified":"2025-07-29T12:40:05","modified_gmt":"2025-07-29T16:40:05","slug":"readmi-14c-128-4-ram","status":"publish","type":"product","link":"https:\/\/triplex.com.bo\/index.php\/product\/readmi-14c-128-4-ram\/","title":{"rendered":"CELULAR XIAOMI REDMI 14C 128\/4RAM"},"content":{"rendered":"<div class=\"Summary flex items-center justify-between cursor-pointer\" data-v-4865458f=\"\">\n<h3 class=\"font-bold text-primary-700 text-lg lg:text-xl\" data-v-5c15c3b4=\"\" data-v-4865458f=\"\">Descripci\u00f3n del Producto<\/h3>\n<p>&nbsp;<\/p>\n<\/div>\n<div data-v-5c15c3b4=\"\" data-v-2f876aba=\"\" data-v-4865458f=\"\">\n<div class=\"mt-3 text-primary-700\" data-v-5c15c3b4=\"\">\n<table width=\"529\">\n<tbody>\n<tr>\n<td width=\"104\">Red<\/td>\n<td width=\"107\">Tecnolog\u00eda<\/td>\n<td width=\"318\">GSM\/HSPA\/LTE<\/td>\n<\/tr>\n<tr>\n<td><\/td>\n<td><a href=\"https:\/\/www.gsmarena.com\/network-bands.php3\">Bandas 2G<\/a><\/td>\n<td width=\"318\">GSM 850 \/ 900 \/ 1800 \/ 1900 &#8211; SIM 1 y SIM 2<\/td>\n<\/tr>\n<tr>\n<td><\/td>\n<td><a href=\"https:\/\/www.gsmarena.com\/network-bands.php3\">Bandas 3G<\/a><\/td>\n<td width=\"318\">HSDPA850\/900\/2100<\/td>\n<\/tr>\n<tr>\n<td><\/td>\n<td><a href=\"https:\/\/www.gsmarena.com\/network-bands.php3\">Bandas 4G<\/a><\/td>\n<td width=\"318\">1, 3, 5, 7, 8, 20, 28, 38, 40, 41<\/td>\n<\/tr>\n<tr>\n<td><\/td>\n<td><a href=\"https:\/\/www.gsmarena.com\/glossary.php3?term=3g\">Velocidad<\/a><\/td>\n<td width=\"318\">HSPA, LTE<\/td>\n<\/tr>\n<tr>\n<td><\/td>\n<td><\/td>\n<td><\/td>\n<\/tr>\n<tr>\n<td>Lanzamiento<\/td>\n<td>Anunciado<\/td>\n<td data-spec=\"year\">30 de agosto de 2024<\/td>\n<\/tr>\n<tr>\n<td><\/td>\n<td>Estado<\/td>\n<td data-spec=\"status\">Disponible. Lanzamiento 2024, 30 de agosto<\/td>\n<\/tr>\n<tr>\n<td>Cuerpo<\/td>\n<td>Dimensiones<\/td>\n<td data-spec=\"dimensions\">171,9 x 77,8 x 8,2 mm (6,77 x 3,06 x 0,32 pulgadas)<\/td>\n<\/tr>\n<tr>\n<td><\/td>\n<td>Peso<\/td>\n<td data-spec=\"weight\">204 \/ 207 \/ 211 gramos (7,20 onzas)<\/td>\n<\/tr>\n<tr>\n<td><\/td>\n<td>Construir<\/td>\n<td data-spec=\"build\">Frente de vidrio, marco de pl\u00e1stico, parte posterior de vidrio o parte posterior de pol\u00edmero de silicona (cuero ecol\u00f3gico)<\/td>\n<\/tr>\n<tr>\n<td><\/td>\n<td>Tarjeta SIM<\/td>\n<td data-spec=\"sim\">Doble SIM (Nano-SIM, doble modo de espera)<\/td>\n<\/tr>\n<tr>\n<td><\/td>\n<td><\/td>\n<td><\/td>\n<\/tr>\n<tr>\n<td>Mostrar<\/td>\n<td>Tipo<\/td>\n<td data-spec=\"displaytype\">LCD IPS, 120 Hz, 450 nits (t\u00edpico), 600 nits (HBM)<\/td>\n<\/tr>\n<tr>\n<td><\/td>\n<td>Tama\u00f1o<\/td>\n<td data-spec=\"displaysize\">6,88 pulgadas, 112,4 cm2 (~84,0 % de relaci\u00f3n pantalla-cuerpo)<\/td>\n<\/tr>\n<tr>\n<td><\/td>\n<td>Resoluci\u00f3n<\/td>\n<td data-spec=\"displayresolution\">720 x 1640 p\u00edxeles (densidad de ~260 ppp)<\/td>\n<\/tr>\n<tr>\n<td><\/td>\n<td><\/td>\n<td><\/td>\n<\/tr>\n<tr>\n<td>Plataforma<\/td>\n<td>Sistema operativo<\/td>\n<td data-spec=\"os\">Android 14, HyperOS<\/td>\n<\/tr>\n<tr>\n<td><\/td>\n<td>Conjunto de chips<\/td>\n<td data-spec=\"chipset\">Mediatek Helio G81 Ultra<\/td>\n<\/tr>\n<tr>\n<td><\/td>\n<td>UPC<\/td>\n<td data-spec=\"cpu\">Octa-core 2,0 GHz<\/td>\n<\/tr>\n<tr>\n<td><\/td>\n<td>GPU<\/td>\n<td data-spec=\"gpu\">Mali-G52 MC2<\/td>\n<\/tr>\n<tr>\n<td>Memoria<\/td>\n<td>Ranura para tarjeta<\/td>\n<td data-spec=\"memoryslot\">microSDXC (ranura dedicada)<\/td>\n<\/tr>\n<tr>\n<td><\/td>\n<td>Interno<\/td>\n<td data-spec=\"internalmemory\">128 GB 4 GB RAM, 128 GB 6 GB RAM, 128 GB 8 GB RAM, 256 GB 4 GB RAM, 256 GB 8 GB RAM<\/td>\n<\/tr>\n<tr>\n<td><\/td>\n<td><\/td>\n<td data-spec=\"memoryother\">eMMC 5.1<\/td>\n<\/tr>\n<tr>\n<td><\/td>\n<td><\/td>\n<td><\/td>\n<\/tr>\n<tr>\n<td>C\u00e1mara principal<\/td>\n<td>Dual<\/td>\n<td data-spec=\"cam1modules\">50 MP, f\/1.8, 28 mm (ancho), PDAF<\/td>\n<\/tr>\n<tr>\n<td><\/td>\n<td><\/td>\n<td>2 MP, f\/2.4, (profundidad)<\/td>\n<\/tr>\n<tr>\n<td><\/td>\n<td><\/td>\n<td>0,08 MP (lente auxiliar)<\/td>\n<\/tr>\n<tr>\n<td><\/td>\n<td>Caracter\u00edsticas<\/td>\n<td data-spec=\"cam1features\">Flash LED, HDR<\/td>\n<\/tr>\n<tr>\n<td><\/td>\n<td>Video<\/td>\n<td data-spec=\"cam1video\">1080p a 30 fps<\/td>\n<\/tr>\n<tr>\n<td><\/td>\n<td><\/td>\n<td><\/td>\n<\/tr>\n<tr>\n<td>C\u00e1mara selfie<\/td>\n<td>Soltero<\/td>\n<td data-spec=\"cam2modules\">13 MP, f\/2.0<\/td>\n<\/tr>\n<tr>\n<td><\/td>\n<td>Caracter\u00edsticas<\/td>\n<td data-spec=\"cam2features\">Alto rango din\u00e1mico (HDR)<\/td>\n<\/tr>\n<tr>\n<td><\/td>\n<td>Video<\/td>\n<td data-spec=\"cam2video\">1080p a 30 fps<\/td>\n<\/tr>\n<tr>\n<td><\/td>\n<td><\/td>\n<td><\/td>\n<\/tr>\n<tr>\n<td>Sonido<\/td>\n<td>Altoparlante<\/td>\n<td>S\u00ed<\/td>\n<\/tr>\n<tr>\n<td><\/td>\n<td>Conector de 3,5 mm<\/td>\n<td>S\u00ed<\/td>\n<\/tr>\n<tr>\n<td><\/td>\n<td><\/td>\n<td><\/td>\n<\/tr>\n<tr>\n<td>Comunicaciones<\/td>\n<td>Red inal\u00e1mbrica (WLAN)<\/td>\n<td data-spec=\"wlan\">Wi-Fi 802.11 a\/b\/g\/n\/ac, doble banda<\/td>\n<\/tr>\n<tr>\n<td><\/td>\n<td>Bluetooth<\/td>\n<td data-spec=\"bluetooth\">5.4, \u200b\u200bA2DP, LE<\/td>\n<\/tr>\n<tr>\n<td><\/td>\n<td>Posicionamiento<\/td>\n<td data-spec=\"gps\">GPS, GLONASS, GALILEO, BDS<\/td>\n<\/tr>\n<tr>\n<td><\/td>\n<td>NFC<\/td>\n<td data-spec=\"nfc\">S\u00ed (depende del mercado\/regi\u00f3n)<\/td>\n<\/tr>\n<tr>\n<td><\/td>\n<td>Radio<\/td>\n<td data-spec=\"radio\">Radio FM<\/td>\n<\/tr>\n<tr>\n<td><\/td>\n<td>USB<\/td>\n<td data-spec=\"usb\">USB tipo C 2.0<\/td>\n<\/tr>\n<tr>\n<td><\/td>\n<td><\/td>\n<td><\/td>\n<\/tr>\n<tr>\n<td>Caracter\u00edsticas<\/td>\n<td>Sensores<\/td>\n<td data-spec=\"sensors\">Huella dactilar (montada en el lateral), aceler\u00f3metro, br\u00fajula<\/td>\n<\/tr>\n<tr>\n<td><\/td>\n<td><\/td>\n<td data-spec=\"featuresother\">Detecci\u00f3n de proximidad virtual<\/td>\n<\/tr>\n<tr>\n<td><\/td>\n<td><\/td>\n<td><\/td>\n<\/tr>\n<tr>\n<td>Bater\u00eda<\/td>\n<td>Tipo<\/td>\n<td data-spec=\"batdescription1\">5160 mAh, no extra\u00edble<\/td>\n<\/tr>\n<tr>\n<td><\/td>\n<td>Cargando<\/td>\n<td>18 W con cable, PD<\/td>\n<\/tr>\n<tr>\n<td><\/td>\n<td><\/td>\n<td><\/td>\n<\/tr>\n<tr>\n<td>Varios<\/td>\n<td>Bandera<\/td>\n<td data-spec=\"colors\">Negro medianoche, verde salvia, morado de ensue\u00f1o, azul estrellado<\/td>\n<\/tr>\n<tr>\n<td><\/td>\n<td><\/td>\n<td><\/td>\n<\/tr>\n<\/tbody>\n<\/table>\n<\/div>\n<\/div>\n","protected":false},"excerpt":{"rendered":"<p>Descripci\u00f3n del Producto &nbsp; Red Tecnolog\u00eda GSM\/HSPA\/LTE Bandas 2G GSM 850 \/ 900 \/ 1800 \/ 1900 &#8211; SIM 1 y SIM 2 Bandas 3G HSDPA850\/900\/2100 Bandas 4G 1, 3, 5, 7, 8, 20, 28, 38, 40, 41 Velocidad HSPA, LTE Lanzamiento Anunciado 30 de agosto de 2024 Estado Disponible. Lanzamiento 2024, 30 de agosto [&hellip;]<\/p>\n","protected":false},"featured_media":15557,"comment_status":"open","ping_status":"closed","template":"","meta":{"_acf_changed":false},"pwb-brand":[374],"product_brand":[],"product_cat":[339,195],"product_tag":[],"class_list":{"0":"post-15556","1":"product","2":"type-product","3":"status-publish","4":"has-post-thumbnail","6":"pwb-brand-xiaomi","7":"product_cat-tecnologia-celulares","8":"product_cat-tecnologia","10":"first","11":"outofstock","12":"shipping-taxable","13":"purchasable","14":"product-type-simple"},"acf":[],"brands":[{"id":374,"name":"XIAOMI","slug":"xiaomi"}],"_links":{"self":[{"href":"https:\/\/triplex.com.bo\/index.php\/wp-json\/wp\/v2\/product\/15556","targetHints":{"allow":["GET"]}}],"collection":[{"href":"https:\/\/triplex.com.bo\/index.php\/wp-json\/wp\/v2\/product"}],"about":[{"href":"https:\/\/triplex.com.bo\/index.php\/wp-json\/wp\/v2\/types\/product"}],"replies":[{"embeddable":true,"href":"https:\/\/triplex.com.bo\/index.php\/wp-json\/wp\/v2\/comments?post=15556"}],"wp:featuredmedia":[{"embeddable":true,"href":"https:\/\/triplex.com.bo\/index.php\/wp-json\/wp\/v2\/media\/15557"}],"wp:attachment":[{"href":"https:\/\/triplex.com.bo\/index.php\/wp-json\/wp\/v2\/media?parent=15556"}],"wp:term":[{"taxonomy":"pwb-brand","embeddable":true,"href":"https:\/\/triplex.com.bo\/index.php\/wp-json\/wp\/v2\/pwb-brand?post=15556"},{"taxonomy":"product_brand","embeddable":true,"href":"https:\/\/triplex.com.bo\/index.php\/wp-json\/wp\/v2\/product_brand?post=15556"},{"taxonomy":"product_cat","embeddable":true,"href":"https:\/\/triplex.com.bo\/index.php\/wp-json\/wp\/v2\/product_cat?post=15556"},{"taxonomy":"product_tag","embeddable":true,"href":"https:\/\/triplex.com.bo\/index.php\/wp-json\/wp\/v2\/product_tag?post=15556"}],"curies":[{"name":"wp","href":"https:\/\/api.w.org\/{rel}","templated":true}]}}